{"id":21,"date":"2019-09-24T15:41:50","date_gmt":"2019-09-24T12:41:50","guid":{"rendered":"https:\/\/simeri.ee\/platvormtostuki-kaardi-koolitus\/?page_id=21"},"modified":"2020-11-16T13:09:53","modified_gmt":"2020-11-16T11:09:53","slug":"koolituskalender","status":"publish","type":"page","link":"https:\/\/simeri.ee\/platvormtostuki-kaardi-koolitus\/koolituskalender\/","title":{"rendered":"Koolituskalender"},"content":{"rendered":"<p>IPAFi platvormt\u00f5stuki kaardi koolitused toimuvad Vantaal, alati paaritutel n\u00e4dalatel. Meie koolitus kestab \u00fche p\u00e4eva ning see toimub alati 8.30\u201316.00 kalendris registreerimiseks olevatel p\u00e4evadel.<\/p>\n<p>Koolituse hind on 250\u00a0\u20ac + km 24%. Hind sisaldab l\u00f5unas\u00f6\u00f6ki.<\/p>\n<p>Kui sa ei leia kalendrist sobivat koolitusp\u00e4eva, v\u00f5ta meiega \u00fchendust.<\/p>\n<p>Lisaks avatud koolitustele korraldame firmap\u00f5hiseid koolitusi, ka kliendi ruumides. Firmap\u00f5histe koolituste ajad lepitakse kokku eraldi.<\/p>\n<p>P\u00e4ringud: <a href=\"mailto:info@simeri.fi\">info@simeri.fi<\/a><\/p>\n<h5>NB! Koolituskeeled<\/h5>\n<h5>Kolmap\u00e4ev: koolitus inglise keeles<\/h5>\n<h5>Neljap\u00e4ev: koolitus soome keeles<\/h5>\n<h5>Reede: koolitus eesti\/vene keeles<\/h5>\n<p>\u00a0<\/p>\n<h4>Vali kalendrist endale sobiv koolitusp\u00e4ev:<\/h4>\n<p><a class=\"button large\" href=\"https:\/\/simeri.fi\/henkilonostinkorttikoulutus\/koulutuskalenteri\/\">Koolituskalender Suomi<\/a><\/p>\n<p>Loe vorm t\u00e4helepanelikult l\u00e4bi ja t\u00e4ida.<br \/>\nSoovid lisainfot v\u00f5i vajad broneerimisel abi? Aitame meelsasti: <a href=\"mailto:info@simeri.fi\">info@simeri.fi<\/a><\/p>\n<p><a href=\"https:\/\/simeri.ee\/platvormtostuki-kaardi-koolitus\/koolitusest-arautlemise-tingimused\/\">Koolitustest \u00e4ra\u00fctlemise tingimused \u00bb<\/a><\/p>\n<div style=\"height: 40px\"><\/div>\n<h5>NB! Kontrolli veel, et panid end kirja vajalikus keeles toimuvale kursusele: kolmap\u00e4eval inglise, neljap\u00e4eval soome, reedel eesti v\u00f5i vene.<\/h5>\n","protected":false},"excerpt":{"rendered":"<p>IPAFi platvormt\u00f5stuki kaardi koolitused toimuvad Vantaal, alati paaritutel n\u00e4dalatel. Meie koolitus kestab \u00fche p\u00e4eva ning see toimub alati 8.30\u201316.00 kalendris registreerimiseks olevatel p\u00e4evadel. Koolituse hind on 250\u00a0\u20ac + km 24%. Hind sisaldab l\u00f5unas\u00f6\u00f6ki. Kui sa ei leia kalendrist sobivat koolitusp\u00e4eva, v\u00f5ta meiega \u00fchendust. Lisaks avatud koolitustele korraldame firmap\u00f5hiseid koolitusi, ka kliendi ruumides. Firmap\u00f5histe koolituste ajad [&hellip;]<\/p>\n","protected":false},"author":1,"featured_media":0,"parent":0,"menu_order":0,"comment_status":"closed","ping_status":"closed","template":"","meta":{"_acf_changed":false,"footnotes":""},"class_list":["post-21","page","type-page","status-publish","hentry"],"yoast_head":"<!-- This site is optimized with the Yoast SEO plugin v27.4 - https:\/\/yoast.com\/product\/yoast-seo-wordpress\/ -->\n<title>Koolituskalender - Platvormt\u00f5stuki kaardi koolitus<\/title>\n<meta name=\"robots\" content=\"index, follow, max-snippet:-1, max-image-preview:large, max-video-preview:-1\" \/>\n<link rel=\"canonical\" href=\"https:\/\/simeri.ee\/platvormtostuki-kaardi-koolitus\/koolituskalender\/\" \/>\n<meta property=\"og:locale\" content=\"fi_FI\" \/>\n<meta property=\"og:type\" content=\"article\" \/>\n<meta property=\"og:title\" content=\"Koolituskalender - Platvormt\u00f5stuki kaardi koolitus\" \/>\n<meta property=\"og:description\" content=\"IPAFi platvormt\u00f5stuki kaardi koolitused toimuvad Vantaal, alati paaritutel n\u00e4dalatel. Meie koolitus kestab \u00fche p\u00e4eva ning see toimub alati 8.30\u201316.00 kalendris registreerimiseks olevatel p\u00e4evadel. Koolituse hind on 250\u00a0\u20ac + km 24%. Hind sisaldab l\u00f5unas\u00f6\u00f6ki. Kui sa ei leia kalendrist sobivat koolitusp\u00e4eva, v\u00f5ta meiega \u00fchendust. Lisaks avatud koolitustele korraldame firmap\u00f5hiseid koolitusi, ka kliendi ruumides. Firmap\u00f5histe koolituste ajad [&hellip;]\" \/>\n<meta property=\"og:url\" content=\"https:\/\/simeri.ee\/platvormtostuki-kaardi-koolitus\/koolituskalender\/\" \/>\n<meta property=\"og:site_name\" content=\"Platvormt\u00f5stuki kaardi koolitus\" \/>\n<meta property=\"article:modified_time\" content=\"2020-11-16T11:09:53+00:00\" \/>\n<meta name=\"twitter:card\" content=\"summary_large_image\" \/>\n<meta name=\"twitter:label1\" content=\"Arvioitu lukuaika\" \/>\n\t<meta name=\"twitter:data1\" content=\"1 minuutti\" \/>\n<script type=\"application\/ld+json\" class=\"yoast-schema-graph\">{\"@context\":\"https:\\\/\\\/schema.org\",\"@graph\":[{\"@type\":\"WebPage\",\"@id\":\"https:\\\/\\\/simeri.ee\\\/platvormtostuki-kaardi-koolitus\\\/koolituskalender\\\/\",\"url\":\"https:\\\/\\\/simeri.ee\\\/platvormtostuki-kaardi-koolitus\\\/koolituskalender\\\/\",\"name\":\"Koolituskalender - Platvormt\u00f5stuki kaardi koolitus\",\"isPartOf\":{\"@id\":\"https:\\\/\\\/simeri.ee\\\/platvormtostuki-kaardi-koolitus\\\/#website\"},\"datePublished\":\"2019-09-24T12:41:50+00:00\",\"dateModified\":\"2020-11-16T11:09:53+00:00\",\"breadcrumb\":{\"@id\":\"https:\\\/\\\/simeri.ee\\\/platvormtostuki-kaardi-koolitus\\\/koolituskalender\\\/#breadcrumb\"},\"inLanguage\":\"fi\",\"potentialAction\":[{\"@type\":\"ReadAction\",\"target\":[\"https:\\\/\\\/simeri.ee\\\/platvormtostuki-kaardi-koolitus\\\/koolituskalender\\\/\"]}]},{\"@type\":\"BreadcrumbList\",\"@id\":\"https:\\\/\\\/simeri.ee\\\/platvormtostuki-kaardi-koolitus\\\/koolituskalender\\\/#breadcrumb\",\"itemListElement\":[{\"@type\":\"ListItem\",\"position\":1,\"name\":\"Etusivu\",\"item\":\"https:\\\/\\\/simeri.ee\\\/platvormtostuki-kaardi-koolitus\\\/\"},{\"@type\":\"ListItem\",\"position\":2,\"name\":\"Koolituskalender\"}]},{\"@type\":\"WebSite\",\"@id\":\"https:\\\/\\\/simeri.ee\\\/platvormtostuki-kaardi-koolitus\\\/#website\",\"url\":\"https:\\\/\\\/simeri.ee\\\/platvormtostuki-kaardi-koolitus\\\/\",\"name\":\"Platvormt\u00f5stuki kaardi koolitus\",\"description\":\"\",\"publisher\":{\"@id\":\"https:\\\/\\\/simeri.ee\\\/platvormtostuki-kaardi-koolitus\\\/#organization\"},\"potentialAction\":[{\"@type\":\"SearchAction\",\"target\":{\"@type\":\"EntryPoint\",\"urlTemplate\":\"https:\\\/\\\/simeri.ee\\\/platvormtostuki-kaardi-koolitus\\\/?s={search_term_string}\"},\"query-input\":{\"@type\":\"PropertyValueSpecification\",\"valueRequired\":true,\"valueName\":\"search_term_string\"}}],\"inLanguage\":\"fi\"},{\"@type\":\"Organization\",\"@id\":\"https:\\\/\\\/simeri.ee\\\/platvormtostuki-kaardi-koolitus\\\/#organization\",\"name\":\"Platvormt\u00f5stuki kaardi koolitus\",\"url\":\"https:\\\/\\\/simeri.ee\\\/platvormtostuki-kaardi-koolitus\\\/\",\"logo\":{\"@type\":\"ImageObject\",\"inLanguage\":\"fi\",\"@id\":\"https:\\\/\\\/simeri.ee\\\/platvormtostuki-kaardi-koolitus\\\/#\\\/schema\\\/logo\\\/image\\\/\",\"url\":\"https:\\\/\\\/simeri.ee\\\/platvormtostuki-kaardi-koolitus\\\/wp-content\\\/uploads\\\/sites\\\/4\\\/2020\\\/11\\\/simeri-ipaf-logo-2.jpg\",\"contentUrl\":\"https:\\\/\\\/simeri.ee\\\/platvormtostuki-kaardi-koolitus\\\/wp-content\\\/uploads\\\/sites\\\/4\\\/2020\\\/11\\\/simeri-ipaf-logo-2.jpg\",\"width\":307,\"height\":49,\"caption\":\"Platvormt\u00f5stuki kaardi koolitus\"},\"image\":{\"@id\":\"https:\\\/\\\/simeri.ee\\\/platvormtostuki-kaardi-koolitus\\\/#\\\/schema\\\/logo\\\/image\\\/\"}}]}<\/script>\n<!-- \/ Yoast SEO plugin. -->","yoast_head_json":{"title":"Koolituskalender - Platvormt\u00f5stuki kaardi koolitus","robots":{"index":"index","follow":"follow","max-snippet":"max-snippet:-1","max-image-preview":"max-image-preview:large","max-video-preview":"max-video-preview:-1"},"canonical":"https:\/\/simeri.ee\/platvormtostuki-kaardi-koolitus\/koolituskalender\/","og_locale":"fi_FI","og_type":"article","og_title":"Koolituskalender - Platvormt\u00f5stuki kaardi koolitus","og_description":"IPAFi platvormt\u00f5stuki kaardi koolitused toimuvad Vantaal, alati paaritutel n\u00e4dalatel. Meie koolitus kestab \u00fche p\u00e4eva ning see toimub alati 8.30\u201316.00 kalendris registreerimiseks olevatel p\u00e4evadel. Koolituse hind on 250\u00a0\u20ac + km 24%. Hind sisaldab l\u00f5unas\u00f6\u00f6ki. Kui sa ei leia kalendrist sobivat koolitusp\u00e4eva, v\u00f5ta meiega \u00fchendust. Lisaks avatud koolitustele korraldame firmap\u00f5hiseid koolitusi, ka kliendi ruumides. Firmap\u00f5histe koolituste ajad [&hellip;]","og_url":"https:\/\/simeri.ee\/platvormtostuki-kaardi-koolitus\/koolituskalender\/","og_site_name":"Platvormt\u00f5stuki kaardi koolitus","article_modified_time":"2020-11-16T11:09:53+00:00","twitter_card":"summary_large_image","twitter_misc":{"Arvioitu lukuaika":"1 minuutti"},"schema":{"@context":"https:\/\/schema.org","@graph":[{"@type":"WebPage","@id":"https:\/\/simeri.ee\/platvormtostuki-kaardi-koolitus\/koolituskalender\/","url":"https:\/\/simeri.ee\/platvormtostuki-kaardi-koolitus\/koolituskalender\/","name":"Koolituskalender - Platvormt\u00f5stuki kaardi koolitus","isPartOf":{"@id":"https:\/\/simeri.ee\/platvormtostuki-kaardi-koolitus\/#website"},"datePublished":"2019-09-24T12:41:50+00:00","dateModified":"2020-11-16T11:09:53+00:00","breadcrumb":{"@id":"https:\/\/simeri.ee\/platvormtostuki-kaardi-koolitus\/koolituskalender\/#breadcrumb"},"inLanguage":"fi","potentialAction":[{"@type":"ReadAction","target":["https:\/\/simeri.ee\/platvormtostuki-kaardi-koolitus\/koolituskalender\/"]}]},{"@type":"BreadcrumbList","@id":"https:\/\/simeri.ee\/platvormtostuki-kaardi-koolitus\/koolituskalender\/#breadcrumb","itemListElement":[{"@type":"ListItem","position":1,"name":"Etusivu","item":"https:\/\/simeri.ee\/platvormtostuki-kaardi-koolitus\/"},{"@type":"ListItem","position":2,"name":"Koolituskalender"}]},{"@type":"WebSite","@id":"https:\/\/simeri.ee\/platvormtostuki-kaardi-koolitus\/#website","url":"https:\/\/simeri.ee\/platvormtostuki-kaardi-koolitus\/","name":"Platvormt\u00f5stuki kaardi koolitus","description":"","publisher":{"@id":"https:\/\/simeri.ee\/platvormtostuki-kaardi-koolitus\/#organization"},"potentialAction":[{"@type":"SearchAction","target":{"@type":"EntryPoint","urlTemplate":"https:\/\/simeri.ee\/platvormtostuki-kaardi-koolitus\/?s={search_term_string}"},"query-input":{"@type":"PropertyValueSpecification","valueRequired":true,"valueName":"search_term_string"}}],"inLanguage":"fi"},{"@type":"Organization","@id":"https:\/\/simeri.ee\/platvormtostuki-kaardi-koolitus\/#organization","name":"Platvormt\u00f5stuki kaardi koolitus","url":"https:\/\/simeri.ee\/platvormtostuki-kaardi-koolitus\/","logo":{"@type":"ImageObject","inLanguage":"fi","@id":"https:\/\/simeri.ee\/platvormtostuki-kaardi-koolitus\/#\/schema\/logo\/image\/","url":"https:\/\/simeri.ee\/platvormtostuki-kaardi-koolitus\/wp-content\/uploads\/sites\/4\/2020\/11\/simeri-ipaf-logo-2.jpg","contentUrl":"https:\/\/simeri.ee\/platvormtostuki-kaardi-koolitus\/wp-content\/uploads\/sites\/4\/2020\/11\/simeri-ipaf-logo-2.jpg","width":307,"height":49,"caption":"Platvormt\u00f5stuki kaardi koolitus"},"image":{"@id":"https:\/\/simeri.ee\/platvormtostuki-kaardi-koolitus\/#\/schema\/logo\/image\/"}}]}},"acf":[],"_links":{"self":[{"href":"https:\/\/simeri.ee\/platvormtostuki-kaardi-koolitus\/wp-json\/wp\/v2\/pages\/21","targetHints":{"allow":["GET"]}}],"collection":[{"href":"https:\/\/simeri.ee\/platvormtostuki-kaardi-koolitus\/wp-json\/wp\/v2\/pages"}],"about":[{"href":"https:\/\/simeri.ee\/platvormtostuki-kaardi-koolitus\/wp-json\/wp\/v2\/types\/page"}],"author":[{"embeddable":true,"href":"https:\/\/simeri.ee\/platvormtostuki-kaardi-koolitus\/wp-json\/wp\/v2\/users\/1"}],"replies":[{"embeddable":true,"href":"https:\/\/simeri.ee\/platvormtostuki-kaardi-koolitus\/wp-json\/wp\/v2\/comments?post=21"}],"version-history":[{"count":1,"href":"https:\/\/simeri.ee\/platvormtostuki-kaardi-koolitus\/wp-json\/wp\/v2\/pages\/21\/revisions"}],"predecessor-version":[{"id":67,"href":"https:\/\/simeri.ee\/platvormtostuki-kaardi-koolitus\/wp-json\/wp\/v2\/pages\/21\/revisions\/67"}],"wp:attachment":[{"href":"https:\/\/simeri.ee\/platvormtostuki-kaardi-koolitus\/wp-json\/wp\/v2\/media?parent=21"}],"curies":[{"name":"wp","href":"https:\/\/api.w.org\/{rel}","templated":true}]}}