{"id":37,"date":"2019-09-25T09:58:57","date_gmt":"2019-09-25T06:58:57","guid":{"rendered":"https:\/\/simeri.ee\/platvormtostuki-kaardi-koolitus\/?page_id=37"},"modified":"2019-09-25T09:58:57","modified_gmt":"2019-09-25T06:58:57","slug":"koolitusest-arautlemise-tingimused","status":"publish","type":"page","link":"https:\/\/simeri.ee\/platvormtostuki-kaardi-koolitus\/koolitusest-arautlemise-tingimused\/","title":{"rendered":"Koolitusest \u00e4ra\u00fctlemise tingimused"},"content":{"rendered":"<h2>Koolitustest \u00e4ra\u00fctlemise tingimused<\/h2>\n<p><strong>Koolitusele registreerumine on siduv.<\/strong><br \/>\nKui osalemine t\u00fchistatakse v\u00e4hem kui 14\u00a0p\u00e4eva enne koolitusp\u00e4eva, j\u00e4tame endale 50% osalemistasust. Kui osalemist ei t\u00fchistata \u00fcldse v\u00f5i see t\u00fchistatakse koolitusp\u00e4eval, j\u00e4tame endale kogu osalemistasu. Kui koolitusele registreerinud isikul ei ole v\u00f5imalik koolitusel osaleda, v\u00f5ib organisatsioon ilma kuludeta vahetada algse osaleja teise vastu, teatades sellest kas koolitajale v\u00f5i e-posti aadressil info@simeri.fi.<\/p>\n","protected":false},"excerpt":{"rendered":"<p>Koolitustest \u00e4ra\u00fctlemise tingimused Koolitusele registreerumine on siduv. Kui osalemine t\u00fchistatakse v\u00e4hem kui 14\u00a0p\u00e4eva enne koolitusp\u00e4eva, j\u00e4tame endale 50% osalemistasust. Kui osalemist ei t\u00fchistata \u00fcldse v\u00f5i see t\u00fchistatakse koolitusp\u00e4eval, j\u00e4tame endale kogu osalemistasu. Kui koolitusele registreerinud isikul ei ole v\u00f5imalik koolitusel osaleda, v\u00f5ib organisatsioon ilma kuludeta vahetada algse osaleja teise vastu, teatades sellest kas koolitajale v\u00f5i [&hellip;]<\/p>\n","protected":false},"author":1,"featured_media":0,"parent":0,"menu_order":0,"comment_status":"closed","ping_status":"closed","template":"","meta":{"_acf_changed":false,"footnotes":""},"class_list":["post-37","page","type-page","status-publish","hentry"],"yoast_head":"<!-- This site is optimized with the Yoast SEO plugin v27.4 - https:\/\/yoast.com\/product\/yoast-seo-wordpress\/ -->\n<title>Koolitusest \u00e4ra\u00fctlemise tingimused - Platvormt\u00f5stuki kaardi koolitus<\/title>\n<meta name=\"robots\" content=\"index, follow, max-snippet:-1, max-image-preview:large, max-video-preview:-1\" \/>\n<link rel=\"canonical\" href=\"https:\/\/simeri.ee\/platvormtostuki-kaardi-koolitus\/koolitusest-arautlemise-tingimused\/\" \/>\n<meta property=\"og:locale\" content=\"fi_FI\" \/>\n<meta property=\"og:type\" content=\"article\" \/>\n<meta property=\"og:title\" content=\"Koolitusest \u00e4ra\u00fctlemise tingimused - Platvormt\u00f5stuki kaardi koolitus\" \/>\n<meta property=\"og:description\" content=\"Koolitustest \u00e4ra\u00fctlemise tingimused Koolitusele registreerumine on siduv. Kui osalemine t\u00fchistatakse v\u00e4hem kui 14\u00a0p\u00e4eva enne koolitusp\u00e4eva, j\u00e4tame endale 50% osalemistasust. Kui osalemist ei t\u00fchistata \u00fcldse v\u00f5i see t\u00fchistatakse koolitusp\u00e4eval, j\u00e4tame endale kogu osalemistasu. Kui koolitusele registreerinud isikul ei ole v\u00f5imalik koolitusel osaleda, v\u00f5ib organisatsioon ilma kuludeta vahetada algse osaleja teise vastu, teatades sellest kas koolitajale v\u00f5i [&hellip;]\" \/>\n<meta property=\"og:url\" content=\"https:\/\/simeri.ee\/platvormtostuki-kaardi-koolitus\/koolitusest-arautlemise-tingimused\/\" \/>\n<meta property=\"og:site_name\" content=\"Platvormt\u00f5stuki kaardi koolitus\" \/>\n<meta name=\"twitter:card\" content=\"summary_large_image\" \/>\n<script type=\"application\/ld+json\" class=\"yoast-schema-graph\">{\"@context\":\"https:\\\/\\\/schema.org\",\"@graph\":[{\"@type\":\"WebPage\",\"@id\":\"https:\\\/\\\/simeri.ee\\\/platvormtostuki-kaardi-koolitus\\\/koolitusest-arautlemise-tingimused\\\/\",\"url\":\"https:\\\/\\\/simeri.ee\\\/platvormtostuki-kaardi-koolitus\\\/koolitusest-arautlemise-tingimused\\\/\",\"name\":\"Koolitusest \u00e4ra\u00fctlemise tingimused - Platvormt\u00f5stuki kaardi koolitus\",\"isPartOf\":{\"@id\":\"https:\\\/\\\/simeri.ee\\\/platvormtostuki-kaardi-koolitus\\\/#website\"},\"datePublished\":\"2019-09-25T06:58:57+00:00\",\"breadcrumb\":{\"@id\":\"https:\\\/\\\/simeri.ee\\\/platvormtostuki-kaardi-koolitus\\\/koolitusest-arautlemise-tingimused\\\/#breadcrumb\"},\"inLanguage\":\"fi\",\"potentialAction\":[{\"@type\":\"ReadAction\",\"target\":[\"https:\\\/\\\/simeri.ee\\\/platvormtostuki-kaardi-koolitus\\\/koolitusest-arautlemise-tingimused\\\/\"]}]},{\"@type\":\"BreadcrumbList\",\"@id\":\"https:\\\/\\\/simeri.ee\\\/platvormtostuki-kaardi-koolitus\\\/koolitusest-arautlemise-tingimused\\\/#breadcrumb\",\"itemListElement\":[{\"@type\":\"ListItem\",\"position\":1,\"name\":\"Etusivu\",\"item\":\"https:\\\/\\\/simeri.ee\\\/platvormtostuki-kaardi-koolitus\\\/\"},{\"@type\":\"ListItem\",\"position\":2,\"name\":\"Koolitusest \u00e4ra\u00fctlemise tingimused\"}]},{\"@type\":\"WebSite\",\"@id\":\"https:\\\/\\\/simeri.ee\\\/platvormtostuki-kaardi-koolitus\\\/#website\",\"url\":\"https:\\\/\\\/simeri.ee\\\/platvormtostuki-kaardi-koolitus\\\/\",\"name\":\"Platvormt\u00f5stuki kaardi koolitus\",\"description\":\"\",\"publisher\":{\"@id\":\"https:\\\/\\\/simeri.ee\\\/platvormtostuki-kaardi-koolitus\\\/#organization\"},\"potentialAction\":[{\"@type\":\"SearchAction\",\"target\":{\"@type\":\"EntryPoint\",\"urlTemplate\":\"https:\\\/\\\/simeri.ee\\\/platvormtostuki-kaardi-koolitus\\\/?s={search_term_string}\"},\"query-input\":{\"@type\":\"PropertyValueSpecification\",\"valueRequired\":true,\"valueName\":\"search_term_string\"}}],\"inLanguage\":\"fi\"},{\"@type\":\"Organization\",\"@id\":\"https:\\\/\\\/simeri.ee\\\/platvormtostuki-kaardi-koolitus\\\/#organization\",\"name\":\"Platvormt\u00f5stuki kaardi koolitus\",\"url\":\"https:\\\/\\\/simeri.ee\\\/platvormtostuki-kaardi-koolitus\\\/\",\"logo\":{\"@type\":\"ImageObject\",\"inLanguage\":\"fi\",\"@id\":\"https:\\\/\\\/simeri.ee\\\/platvormtostuki-kaardi-koolitus\\\/#\\\/schema\\\/logo\\\/image\\\/\",\"url\":\"https:\\\/\\\/simeri.ee\\\/platvormtostuki-kaardi-koolitus\\\/wp-content\\\/uploads\\\/sites\\\/4\\\/2020\\\/11\\\/simeri-ipaf-logo-2.jpg\",\"contentUrl\":\"https:\\\/\\\/simeri.ee\\\/platvormtostuki-kaardi-koolitus\\\/wp-content\\\/uploads\\\/sites\\\/4\\\/2020\\\/11\\\/simeri-ipaf-logo-2.jpg\",\"width\":307,\"height\":49,\"caption\":\"Platvormt\u00f5stuki kaardi koolitus\"},\"image\":{\"@id\":\"https:\\\/\\\/simeri.ee\\\/platvormtostuki-kaardi-koolitus\\\/#\\\/schema\\\/logo\\\/image\\\/\"}}]}<\/script>\n<!-- \/ Yoast SEO plugin. -->","yoast_head_json":{"title":"Koolitusest \u00e4ra\u00fctlemise tingimused - Platvormt\u00f5stuki kaardi koolitus","robots":{"index":"index","follow":"follow","max-snippet":"max-snippet:-1","max-image-preview":"max-image-preview:large","max-video-preview":"max-video-preview:-1"},"canonical":"https:\/\/simeri.ee\/platvormtostuki-kaardi-koolitus\/koolitusest-arautlemise-tingimused\/","og_locale":"fi_FI","og_type":"article","og_title":"Koolitusest \u00e4ra\u00fctlemise tingimused - Platvormt\u00f5stuki kaardi koolitus","og_description":"Koolitustest \u00e4ra\u00fctlemise tingimused Koolitusele registreerumine on siduv. Kui osalemine t\u00fchistatakse v\u00e4hem kui 14\u00a0p\u00e4eva enne koolitusp\u00e4eva, j\u00e4tame endale 50% osalemistasust. Kui osalemist ei t\u00fchistata \u00fcldse v\u00f5i see t\u00fchistatakse koolitusp\u00e4eval, j\u00e4tame endale kogu osalemistasu. Kui koolitusele registreerinud isikul ei ole v\u00f5imalik koolitusel osaleda, v\u00f5ib organisatsioon ilma kuludeta vahetada algse osaleja teise vastu, teatades sellest kas koolitajale v\u00f5i [&hellip;]","og_url":"https:\/\/simeri.ee\/platvormtostuki-kaardi-koolitus\/koolitusest-arautlemise-tingimused\/","og_site_name":"Platvormt\u00f5stuki kaardi koolitus","twitter_card":"summary_large_image","schema":{"@context":"https:\/\/schema.org","@graph":[{"@type":"WebPage","@id":"https:\/\/simeri.ee\/platvormtostuki-kaardi-koolitus\/koolitusest-arautlemise-tingimused\/","url":"https:\/\/simeri.ee\/platvormtostuki-kaardi-koolitus\/koolitusest-arautlemise-tingimused\/","name":"Koolitusest \u00e4ra\u00fctlemise tingimused - Platvormt\u00f5stuki kaardi koolitus","isPartOf":{"@id":"https:\/\/simeri.ee\/platvormtostuki-kaardi-koolitus\/#website"},"datePublished":"2019-09-25T06:58:57+00:00","breadcrumb":{"@id":"https:\/\/simeri.ee\/platvormtostuki-kaardi-koolitus\/koolitusest-arautlemise-tingimused\/#breadcrumb"},"inLanguage":"fi","potentialAction":[{"@type":"ReadAction","target":["https:\/\/simeri.ee\/platvormtostuki-kaardi-koolitus\/koolitusest-arautlemise-tingimused\/"]}]},{"@type":"BreadcrumbList","@id":"https:\/\/simeri.ee\/platvormtostuki-kaardi-koolitus\/koolitusest-arautlemise-tingimused\/#breadcrumb","itemListElement":[{"@type":"ListItem","position":1,"name":"Etusivu","item":"https:\/\/simeri.ee\/platvormtostuki-kaardi-koolitus\/"},{"@type":"ListItem","position":2,"name":"Koolitusest \u00e4ra\u00fctlemise tingimused"}]},{"@type":"WebSite","@id":"https:\/\/simeri.ee\/platvormtostuki-kaardi-koolitus\/#website","url":"https:\/\/simeri.ee\/platvormtostuki-kaardi-koolitus\/","name":"Platvormt\u00f5stuki kaardi koolitus","description":"","publisher":{"@id":"https:\/\/simeri.ee\/platvormtostuki-kaardi-koolitus\/#organization"},"potentialAction":[{"@type":"SearchAction","target":{"@type":"EntryPoint","urlTemplate":"https:\/\/simeri.ee\/platvormtostuki-kaardi-koolitus\/?s={search_term_string}"},"query-input":{"@type":"PropertyValueSpecification","valueRequired":true,"valueName":"search_term_string"}}],"inLanguage":"fi"},{"@type":"Organization","@id":"https:\/\/simeri.ee\/platvormtostuki-kaardi-koolitus\/#organization","name":"Platvormt\u00f5stuki kaardi koolitus","url":"https:\/\/simeri.ee\/platvormtostuki-kaardi-koolitus\/","logo":{"@type":"ImageObject","inLanguage":"fi","@id":"https:\/\/simeri.ee\/platvormtostuki-kaardi-koolitus\/#\/schema\/logo\/image\/","url":"https:\/\/simeri.ee\/platvormtostuki-kaardi-koolitus\/wp-content\/uploads\/sites\/4\/2020\/11\/simeri-ipaf-logo-2.jpg","contentUrl":"https:\/\/simeri.ee\/platvormtostuki-kaardi-koolitus\/wp-content\/uploads\/sites\/4\/2020\/11\/simeri-ipaf-logo-2.jpg","width":307,"height":49,"caption":"Platvormt\u00f5stuki kaardi koolitus"},"image":{"@id":"https:\/\/simeri.ee\/platvormtostuki-kaardi-koolitus\/#\/schema\/logo\/image\/"}}]}},"acf":[],"_links":{"self":[{"href":"https:\/\/simeri.ee\/platvormtostuki-kaardi-koolitus\/wp-json\/wp\/v2\/pages\/37","targetHints":{"allow":["GET"]}}],"collection":[{"href":"https:\/\/simeri.ee\/platvormtostuki-kaardi-koolitus\/wp-json\/wp\/v2\/pages"}],"about":[{"href":"https:\/\/simeri.ee\/platvormtostuki-kaardi-koolitus\/wp-json\/wp\/v2\/types\/page"}],"author":[{"embeddable":true,"href":"https:\/\/simeri.ee\/platvormtostuki-kaardi-koolitus\/wp-json\/wp\/v2\/users\/1"}],"replies":[{"embeddable":true,"href":"https:\/\/simeri.ee\/platvormtostuki-kaardi-koolitus\/wp-json\/wp\/v2\/comments?post=37"}],"version-history":[{"count":0,"href":"https:\/\/simeri.ee\/platvormtostuki-kaardi-koolitus\/wp-json\/wp\/v2\/pages\/37\/revisions"}],"wp:attachment":[{"href":"https:\/\/simeri.ee\/platvormtostuki-kaardi-koolitus\/wp-json\/wp\/v2\/media?parent=37"}],"curies":[{"name":"wp","href":"https:\/\/api.w.org\/{rel}","templated":true}]}}