{"id":39,"date":"2019-09-25T10:01:15","date_gmt":"2019-09-25T07:01:15","guid":{"rendered":"https:\/\/simeri.ee\/platvormtostuki-kaardi-koolitus\/?page_id=39"},"modified":"2019-09-25T10:01:15","modified_gmt":"2019-09-25T07:01:15","slug":"andmekaitse-koolitusregister","status":"publish","type":"page","link":"https:\/\/simeri.ee\/platvormtostuki-kaardi-koolitus\/andmekaitse-koolitusregister\/","title":{"rendered":"Andmekaitse \u2013 Koolitusregister"},"content":{"rendered":"<p><strong>EL-i isikuandmete kaitse \u00fcldm\u00e4\u00e4rus (2016\/679)<br \/>\nIsikuandmete seaduse (1999\/523) \u00a7\u00a010 ja \u00a7\u00a024<\/strong><\/p>\n<p>Uuendatud 11.12.2018<\/p>\n<p><strong>1. Registripidaja<\/strong><br \/>\nSimeri Oy (Y 0944332-6),<br \/>\nRiihikuja\u00a03, 01720 Vantaa,tel +358\u00a0020\u00a0770\u00a05800<br \/>\nwww.simeri.fi, info@simeri.fi<\/p>\n<p><strong>2. Kontaktisik registri k\u00fcsimustes<\/strong><br \/>\nSatu Savolainen, Simeri Oy, Riihikuja\u00a03, 01720\u00a0Vantaa<br \/>\nsatu.savolainen@simeri.fi<\/p>\n<p><strong>3. Registri nimi<\/strong><br \/>\nKoolitusregister<\/p>\n<p><strong>4. Isikuandmete t\u00f6\u00f6tlemise eesm\u00e4rk ja \u00f5iguslik alus<\/strong><br \/>\nIsikuandmete t\u00f6\u00f6tlemine p\u00f5hineb registreerunu n\u00f5usolekul ja t\u00f6\u00f6tlemise eesm\u00e4rk on koolituse l\u00e4biviimine ja p\u00e4devusandmete korrashoid.<\/p>\n<p><strong>5. Registris sisalduvad andmed<\/strong><br \/>\nRegistrisse kantakse nimi, s\u00fcnniaeg ja kontaktandmed. Lisaks koguneb andmeid l\u00e4bitud koolituste kohta.<\/p>\n<p><strong>6. N\u00f5uetekohased andmeallikad<\/strong><br \/>\nAndmed saadakse registreerunult endalt.<\/p>\n<p><strong>7. Andmete n\u00f5uetekohane edastamine<\/strong><br \/>\nIPAFi koolitusel osalejate andmed m\u00e4rgitakse IPAF (International Powered Access Federation) PAL-kaardi registrisse.<\/p>\n<p><strong>8. Andmeedastus v\u00e4ljapoole EL-i v\u00f5i EMP-d<\/strong><br \/>\nAndmeid ei edastata EL-ist ega EMP-st v\u00e4ljapoole.<\/p>\n<p><strong>9. Registrikaitse p\u00f5him\u00f5tted<\/strong><br \/>\nIsikuandmed hoitakse konfidentsiaalsena. Iga registri andmetega t\u00f6\u00f6tav isik on saanud Simeri andmekaitsep\u00f5him\u00f5tete alase v\u00e4lja\u00f5ppe. Isikuandmeid sisaldavat pabermaterjali hoitakse t\u00f6\u00f6ruumides, kuhu k\u00f5rvalised isikud ei p\u00e4\u00e4se.<br \/>\nAndmev\u00f5rk ja seadmed, kus elektroonsed andmed paiknevad, on kaitstud tulem\u00fc\u00fcri, salas\u00f5nade ja muude \u00fcldtunnustatud tehniliste vahenditega. Kasutus\u00f5igused on piiratud vastavalt t\u00f6\u00f6\u00fclesannetele.<\/p>\n<p><strong>10. Isikuandmete s\u00e4ilitamise aeg<\/strong><br \/>\nIsikuandmete registrisse kogutud andmeid s\u00e4ilitatakse ainult nii kaua ja selles ulatuses, kui p\u00e4devuste haldamiseks vajalik. Registri andmete \u00f5iguslikku alust ja t\u00f6\u00f6tlemise vajadust hinnatakse v\u00e4hemalt iga viie (5) aasta j\u00e4rel.<br \/>\nSimeri juhatus hindab andmete s\u00e4ilitamise vajadust tavap\u00e4rase tegevusjuhendi j\u00e4rgi. Lisaks teeb registripidaja k\u00f5ik m\u00f5istlikud toimingud selle tagamiseks, et \u2013 t\u00f6\u00f6tlemise eesm\u00e4rgi seisukohalt \u2013 ebat\u00e4psed, vigased v\u00f5i vananenud isikuandmed viivitamatult kustutatakse v\u00f5i parandatakse.<\/p>\n<p><strong>11. Registrisse kantu \u00f5igused<\/strong><br \/>\nPalved registrisse kantu \u00f5iguste teostamiseks suunatakse selles selgituses mainitud kontaktisikule.<br \/>\nRegistrisse kantul on \u00f5igus saada oma registrisse kantud andmetest koopia ning \u00f5igus sellele, et tema kohta k\u00e4ivad vigased v\u00f5i puudulikud andmed parandatakse tarbetu viivituseta.<\/p>\n<p><strong>12. Lisainfo<\/strong><br \/>\nKui registrisse kantu soovib lisainfot oma andmete t\u00f6\u00f6tlemise kohta, v\u00f5ib ta v\u00f5tta \u00fchendust punktis\u00a02 mainitud kontaktisikuga.<\/p>\n","protected":false},"excerpt":{"rendered":"<p>EL-i isikuandmete kaitse \u00fcldm\u00e4\u00e4rus (2016\/679) Isikuandmete seaduse (1999\/523) \u00a7\u00a010 ja \u00a7\u00a024 Uuendatud 11.12.2018 1. Registripidaja Simeri Oy (Y 0944332-6), Riihikuja\u00a03, 01720 Vantaa,tel +358\u00a0020\u00a0770\u00a05800 www.simeri.fi, info@simeri.fi 2. Kontaktisik registri k\u00fcsimustes Satu Savolainen, Simeri Oy, Riihikuja\u00a03, 01720\u00a0Vantaa satu.savolainen@simeri.fi 3. Registri nimi Koolitusregister 4. Isikuandmete t\u00f6\u00f6tlemise eesm\u00e4rk ja \u00f5iguslik alus Isikuandmete t\u00f6\u00f6tlemine p\u00f5hineb registreerunu n\u00f5usolekul ja t\u00f6\u00f6tlemise eesm\u00e4rk [&hellip;]<\/p>\n","protected":false},"author":1,"featured_media":0,"parent":0,"menu_order":0,"comment_status":"closed","ping_status":"closed","template":"","meta":{"_acf_changed":false,"footnotes":""},"class_list":["post-39","page","type-page","status-publish","hentry"],"yoast_head":"<!-- This site is optimized with the Yoast SEO plugin v27.4 - https:\/\/yoast.com\/product\/yoast-seo-wordpress\/ -->\n<title>Andmekaitse \u2013 Koolitusregister - Platvormt\u00f5stuki kaardi koolitus<\/title>\n<meta name=\"robots\" content=\"index, follow, max-snippet:-1, max-image-preview:large, max-video-preview:-1\" \/>\n<link rel=\"canonical\" href=\"https:\/\/simeri.ee\/platvormtostuki-kaardi-koolitus\/andmekaitse-koolitusregister\/\" \/>\n<meta property=\"og:locale\" content=\"fi_FI\" \/>\n<meta property=\"og:type\" content=\"article\" \/>\n<meta property=\"og:title\" content=\"Andmekaitse \u2013 Koolitusregister - Platvormt\u00f5stuki kaardi koolitus\" \/>\n<meta property=\"og:description\" content=\"EL-i isikuandmete kaitse \u00fcldm\u00e4\u00e4rus (2016\/679) Isikuandmete seaduse (1999\/523) \u00a7\u00a010 ja \u00a7\u00a024 Uuendatud 11.12.2018 1. Registripidaja Simeri Oy (Y 0944332-6), Riihikuja\u00a03, 01720 Vantaa,tel +358\u00a0020\u00a0770\u00a05800 www.simeri.fi, info@simeri.fi 2. Kontaktisik registri k\u00fcsimustes Satu Savolainen, Simeri Oy, Riihikuja\u00a03, 01720\u00a0Vantaa satu.savolainen@simeri.fi 3. Registri nimi Koolitusregister 4. Isikuandmete t\u00f6\u00f6tlemise eesm\u00e4rk ja \u00f5iguslik alus Isikuandmete t\u00f6\u00f6tlemine p\u00f5hineb registreerunu n\u00f5usolekul ja t\u00f6\u00f6tlemise eesm\u00e4rk [&hellip;]\" \/>\n<meta property=\"og:url\" content=\"https:\/\/simeri.ee\/platvormtostuki-kaardi-koolitus\/andmekaitse-koolitusregister\/\" \/>\n<meta property=\"og:site_name\" content=\"Platvormt\u00f5stuki kaardi koolitus\" \/>\n<meta name=\"twitter:card\" content=\"summary_large_image\" \/>\n<meta name=\"twitter:label1\" content=\"Arvioitu lukuaika\" \/>\n\t<meta name=\"twitter:data1\" content=\"2 minuuttia\" \/>\n<script type=\"application\/ld+json\" class=\"yoast-schema-graph\">{\"@context\":\"https:\\\/\\\/schema.org\",\"@graph\":[{\"@type\":\"WebPage\",\"@id\":\"https:\\\/\\\/simeri.ee\\\/platvormtostuki-kaardi-koolitus\\\/andmekaitse-koolitusregister\\\/\",\"url\":\"https:\\\/\\\/simeri.ee\\\/platvormtostuki-kaardi-koolitus\\\/andmekaitse-koolitusregister\\\/\",\"name\":\"Andmekaitse \u2013 Koolitusregister - Platvormt\u00f5stuki kaardi koolitus\",\"isPartOf\":{\"@id\":\"https:\\\/\\\/simeri.ee\\\/platvormtostuki-kaardi-koolitus\\\/#website\"},\"datePublished\":\"2019-09-25T07:01:15+00:00\",\"breadcrumb\":{\"@id\":\"https:\\\/\\\/simeri.ee\\\/platvormtostuki-kaardi-koolitus\\\/andmekaitse-koolitusregister\\\/#breadcrumb\"},\"inLanguage\":\"fi\",\"potentialAction\":[{\"@type\":\"ReadAction\",\"target\":[\"https:\\\/\\\/simeri.ee\\\/platvormtostuki-kaardi-koolitus\\\/andmekaitse-koolitusregister\\\/\"]}]},{\"@type\":\"BreadcrumbList\",\"@id\":\"https:\\\/\\\/simeri.ee\\\/platvormtostuki-kaardi-koolitus\\\/andmekaitse-koolitusregister\\\/#breadcrumb\",\"itemListElement\":[{\"@type\":\"ListItem\",\"position\":1,\"name\":\"Etusivu\",\"item\":\"https:\\\/\\\/simeri.ee\\\/platvormtostuki-kaardi-koolitus\\\/\"},{\"@type\":\"ListItem\",\"position\":2,\"name\":\"Andmekaitse \u2013 Koolitusregister\"}]},{\"@type\":\"WebSite\",\"@id\":\"https:\\\/\\\/simeri.ee\\\/platvormtostuki-kaardi-koolitus\\\/#website\",\"url\":\"https:\\\/\\\/simeri.ee\\\/platvormtostuki-kaardi-koolitus\\\/\",\"name\":\"Platvormt\u00f5stuki kaardi koolitus\",\"description\":\"\",\"publisher\":{\"@id\":\"https:\\\/\\\/simeri.ee\\\/platvormtostuki-kaardi-koolitus\\\/#organization\"},\"potentialAction\":[{\"@type\":\"SearchAction\",\"target\":{\"@type\":\"EntryPoint\",\"urlTemplate\":\"https:\\\/\\\/simeri.ee\\\/platvormtostuki-kaardi-koolitus\\\/?s={search_term_string}\"},\"query-input\":{\"@type\":\"PropertyValueSpecification\",\"valueRequired\":true,\"valueName\":\"search_term_string\"}}],\"inLanguage\":\"fi\"},{\"@type\":\"Organization\",\"@id\":\"https:\\\/\\\/simeri.ee\\\/platvormtostuki-kaardi-koolitus\\\/#organization\",\"name\":\"Platvormt\u00f5stuki kaardi koolitus\",\"url\":\"https:\\\/\\\/simeri.ee\\\/platvormtostuki-kaardi-koolitus\\\/\",\"logo\":{\"@type\":\"ImageObject\",\"inLanguage\":\"fi\",\"@id\":\"https:\\\/\\\/simeri.ee\\\/platvormtostuki-kaardi-koolitus\\\/#\\\/schema\\\/logo\\\/image\\\/\",\"url\":\"https:\\\/\\\/simeri.ee\\\/platvormtostuki-kaardi-koolitus\\\/wp-content\\\/uploads\\\/sites\\\/4\\\/2020\\\/11\\\/simeri-ipaf-logo-2.jpg\",\"contentUrl\":\"https:\\\/\\\/simeri.ee\\\/platvormtostuki-kaardi-koolitus\\\/wp-content\\\/uploads\\\/sites\\\/4\\\/2020\\\/11\\\/simeri-ipaf-logo-2.jpg\",\"width\":307,\"height\":49,\"caption\":\"Platvormt\u00f5stuki kaardi koolitus\"},\"image\":{\"@id\":\"https:\\\/\\\/simeri.ee\\\/platvormtostuki-kaardi-koolitus\\\/#\\\/schema\\\/logo\\\/image\\\/\"}}]}<\/script>\n<!-- \/ Yoast SEO plugin. -->","yoast_head_json":{"title":"Andmekaitse \u2013 Koolitusregister - Platvormt\u00f5stuki kaardi koolitus","robots":{"index":"index","follow":"follow","max-snippet":"max-snippet:-1","max-image-preview":"max-image-preview:large","max-video-preview":"max-video-preview:-1"},"canonical":"https:\/\/simeri.ee\/platvormtostuki-kaardi-koolitus\/andmekaitse-koolitusregister\/","og_locale":"fi_FI","og_type":"article","og_title":"Andmekaitse \u2013 Koolitusregister - Platvormt\u00f5stuki kaardi koolitus","og_description":"EL-i isikuandmete kaitse \u00fcldm\u00e4\u00e4rus (2016\/679) Isikuandmete seaduse (1999\/523) \u00a7\u00a010 ja \u00a7\u00a024 Uuendatud 11.12.2018 1. Registripidaja Simeri Oy (Y 0944332-6), Riihikuja\u00a03, 01720 Vantaa,tel +358\u00a0020\u00a0770\u00a05800 www.simeri.fi, info@simeri.fi 2. Kontaktisik registri k\u00fcsimustes Satu Savolainen, Simeri Oy, Riihikuja\u00a03, 01720\u00a0Vantaa satu.savolainen@simeri.fi 3. Registri nimi Koolitusregister 4. Isikuandmete t\u00f6\u00f6tlemise eesm\u00e4rk ja \u00f5iguslik alus Isikuandmete t\u00f6\u00f6tlemine p\u00f5hineb registreerunu n\u00f5usolekul ja t\u00f6\u00f6tlemise eesm\u00e4rk [&hellip;]","og_url":"https:\/\/simeri.ee\/platvormtostuki-kaardi-koolitus\/andmekaitse-koolitusregister\/","og_site_name":"Platvormt\u00f5stuki kaardi koolitus","twitter_card":"summary_large_image","twitter_misc":{"Arvioitu lukuaika":"2 minuuttia"},"schema":{"@context":"https:\/\/schema.org","@graph":[{"@type":"WebPage","@id":"https:\/\/simeri.ee\/platvormtostuki-kaardi-koolitus\/andmekaitse-koolitusregister\/","url":"https:\/\/simeri.ee\/platvormtostuki-kaardi-koolitus\/andmekaitse-koolitusregister\/","name":"Andmekaitse \u2013 Koolitusregister - Platvormt\u00f5stuki kaardi koolitus","isPartOf":{"@id":"https:\/\/simeri.ee\/platvormtostuki-kaardi-koolitus\/#website"},"datePublished":"2019-09-25T07:01:15+00:00","breadcrumb":{"@id":"https:\/\/simeri.ee\/platvormtostuki-kaardi-koolitus\/andmekaitse-koolitusregister\/#breadcrumb"},"inLanguage":"fi","potentialAction":[{"@type":"ReadAction","target":["https:\/\/simeri.ee\/platvormtostuki-kaardi-koolitus\/andmekaitse-koolitusregister\/"]}]},{"@type":"BreadcrumbList","@id":"https:\/\/simeri.ee\/platvormtostuki-kaardi-koolitus\/andmekaitse-koolitusregister\/#breadcrumb","itemListElement":[{"@type":"ListItem","position":1,"name":"Etusivu","item":"https:\/\/simeri.ee\/platvormtostuki-kaardi-koolitus\/"},{"@type":"ListItem","position":2,"name":"Andmekaitse \u2013 Koolitusregister"}]},{"@type":"WebSite","@id":"https:\/\/simeri.ee\/platvormtostuki-kaardi-koolitus\/#website","url":"https:\/\/simeri.ee\/platvormtostuki-kaardi-koolitus\/","name":"Platvormt\u00f5stuki kaardi koolitus","description":"","publisher":{"@id":"https:\/\/simeri.ee\/platvormtostuki-kaardi-koolitus\/#organization"},"potentialAction":[{"@type":"SearchAction","target":{"@type":"EntryPoint","urlTemplate":"https:\/\/simeri.ee\/platvormtostuki-kaardi-koolitus\/?s={search_term_string}"},"query-input":{"@type":"PropertyValueSpecification","valueRequired":true,"valueName":"search_term_string"}}],"inLanguage":"fi"},{"@type":"Organization","@id":"https:\/\/simeri.ee\/platvormtostuki-kaardi-koolitus\/#organization","name":"Platvormt\u00f5stuki kaardi koolitus","url":"https:\/\/simeri.ee\/platvormtostuki-kaardi-koolitus\/","logo":{"@type":"ImageObject","inLanguage":"fi","@id":"https:\/\/simeri.ee\/platvormtostuki-kaardi-koolitus\/#\/schema\/logo\/image\/","url":"https:\/\/simeri.ee\/platvormtostuki-kaardi-koolitus\/wp-content\/uploads\/sites\/4\/2020\/11\/simeri-ipaf-logo-2.jpg","contentUrl":"https:\/\/simeri.ee\/platvormtostuki-kaardi-koolitus\/wp-content\/uploads\/sites\/4\/2020\/11\/simeri-ipaf-logo-2.jpg","width":307,"height":49,"caption":"Platvormt\u00f5stuki kaardi koolitus"},"image":{"@id":"https:\/\/simeri.ee\/platvormtostuki-kaardi-koolitus\/#\/schema\/logo\/image\/"}}]}},"acf":[],"_links":{"self":[{"href":"https:\/\/simeri.ee\/platvormtostuki-kaardi-koolitus\/wp-json\/wp\/v2\/pages\/39","targetHints":{"allow":["GET"]}}],"collection":[{"href":"https:\/\/simeri.ee\/platvormtostuki-kaardi-koolitus\/wp-json\/wp\/v2\/pages"}],"about":[{"href":"https:\/\/simeri.ee\/platvormtostuki-kaardi-koolitus\/wp-json\/wp\/v2\/types\/page"}],"author":[{"embeddable":true,"href":"https:\/\/simeri.ee\/platvormtostuki-kaardi-koolitus\/wp-json\/wp\/v2\/users\/1"}],"replies":[{"embeddable":true,"href":"https:\/\/simeri.ee\/platvormtostuki-kaardi-koolitus\/wp-json\/wp\/v2\/comments?post=39"}],"version-history":[{"count":0,"href":"https:\/\/simeri.ee\/platvormtostuki-kaardi-koolitus\/wp-json\/wp\/v2\/pages\/39\/revisions"}],"wp:attachment":[{"href":"https:\/\/simeri.ee\/platvormtostuki-kaardi-koolitus\/wp-json\/wp\/v2\/media?parent=39"}],"curies":[{"name":"wp","href":"https:\/\/api.w.org\/{rel}","templated":true}]}}