{"id":7,"date":"2019-09-24T15:07:47","date_gmt":"2019-09-24T12:07:47","guid":{"rendered":"https:\/\/simeri.ee\/platvormtostuki-kaardi-koolitus\/?page_id=7"},"modified":"2020-11-16T13:06:15","modified_gmt":"2020-11-16T11:06:15","slug":"platvormtostuki-kaardi-koolitus","status":"publish","type":"page","link":"https:\/\/simeri.ee\/platvormtostuki-kaardi-koolitus\/","title":{"rendered":"Platvormt\u00f5stuki kaardi koolitus"},"content":{"rendered":"<h2>IPAF \u2013 platvormt\u00f5stuki kaardi koolitus<\/h2>\n<h3>MIS ON IPAF?<\/h3>\n<p><a href=\"https:\/\/www.ipaf.org\/en\">IPAF<\/a> (The International Powered Access Federation) on organisatsioon, mis edendab kogu maailmas ohutut ja t\u00f5husat t\u00f6\u00f6tamist platvormt\u00f5stukitega.<\/p>\n<p>IPAF pakub tehnilisi teadmisi ja n\u00f5uandeid, m\u00f5jutab seadusandlust ja t\u00f5lgendab seadusi ning teeb algatusi ohutuse parendamiseks ehitusalal. Peamine tegevusviis on koolitusprogrammid neile, kelle t\u00f6\u00f6 on \u00fchel v\u00f5i teisel viisil seotud platvormt\u00f5stukitega.<\/p>\n<p>Koolitusi korraldatakse maailma eri paigus, IPAFi akrediteeringuga koolituskeskustes. Koolituskeskuste v\u00f5rgustiku kaudu koolitatakse igal aastal \u00fcle 150\u00a0000 kasutaja.<\/p>\n<p><a href=\"https:\/\/simeri.fi\/\">Simeri Oy<\/a> on Soomes esimesena saanud \u00f5iguse korraldada rahvusvahelisi IPAFi platvormt\u00f5stuki kaardi koolitusi igat t\u00fc\u00fcpi platvormt\u00f5stukite kasutajatele.<\/p>\n","protected":false},"excerpt":{"rendered":"<p>IPAF \u2013 platvormt\u00f5stuki kaardi koolitus MIS ON IPAF? IPAF (The International Powered Access Federation) on organisatsioon, mis edendab kogu maailmas ohutut ja t\u00f5husat t\u00f6\u00f6tamist platvormt\u00f5stukitega. IPAF pakub tehnilisi teadmisi ja n\u00f5uandeid, m\u00f5jutab seadusandlust ja t\u00f5lgendab seadusi ning teeb algatusi ohutuse parendamiseks ehitusalal. Peamine tegevusviis on koolitusprogrammid neile, kelle t\u00f6\u00f6 on \u00fchel v\u00f5i teisel viisil seotud [&hellip;]<\/p>\n","protected":false},"author":1,"featured_media":11,"parent":0,"menu_order":0,"comment_status":"closed","ping_status":"closed","template":"frontpage.php","meta":{"_acf_changed":false,"footnotes":""},"class_list":["post-7","page","type-page","status-publish","has-post-thumbnail","hentry"],"yoast_head":"<!-- This site is optimized with the Yoast SEO plugin v27.4 - https:\/\/yoast.com\/product\/yoast-seo-wordpress\/ -->\n<title>Platvormt\u00f5stuki kaardi koolitus - Platvormt\u00f5stuki kaardi koolitus<\/title>\n<meta name=\"robots\" content=\"index, follow, max-snippet:-1, max-image-preview:large, max-video-preview:-1\" \/>\n<link rel=\"canonical\" href=\"https:\/\/simeri.ee\/platvormtostuki-kaardi-koolitus\/\" \/>\n<meta property=\"og:locale\" content=\"fi_FI\" \/>\n<meta property=\"og:type\" content=\"article\" \/>\n<meta property=\"og:title\" content=\"Platvormt\u00f5stuki kaardi koolitus - Platvormt\u00f5stuki kaardi koolitus\" \/>\n<meta property=\"og:description\" content=\"IPAF \u2013 platvormt\u00f5stuki kaardi koolitus MIS ON IPAF? IPAF (The International Powered Access Federation) on organisatsioon, mis edendab kogu maailmas ohutut ja t\u00f5husat t\u00f6\u00f6tamist platvormt\u00f5stukitega. IPAF pakub tehnilisi teadmisi ja n\u00f5uandeid, m\u00f5jutab seadusandlust ja t\u00f5lgendab seadusi ning teeb algatusi ohutuse parendamiseks ehitusalal. Peamine tegevusviis on koolitusprogrammid neile, kelle t\u00f6\u00f6 on \u00fchel v\u00f5i teisel viisil seotud [&hellip;]\" \/>\n<meta property=\"og:url\" content=\"https:\/\/simeri.ee\/platvormtostuki-kaardi-koolitus\/\" \/>\n<meta property=\"og:site_name\" content=\"Platvormt\u00f5stuki kaardi koolitus\" \/>\n<meta property=\"article:modified_time\" content=\"2020-11-16T11:06:15+00:00\" \/>\n<meta property=\"og:image\" content=\"https:\/\/simeri.ee\/platvormtostuki-kaardi-koolitus\/wp-content\/uploads\/sites\/4\/2019\/09\/IPAF-approved-trainig-centre.jpg\" \/>\n\t<meta property=\"og:image:width\" content=\"900\" \/>\n\t<meta property=\"og:image:height\" content=\"500\" \/>\n\t<meta property=\"og:image:type\" content=\"image\/jpeg\" \/>\n<meta name=\"twitter:card\" content=\"summary_large_image\" \/>\n<meta name=\"twitter:label1\" content=\"Arvioitu lukuaika\" \/>\n\t<meta name=\"twitter:data1\" content=\"1 minuutti\" \/>\n<script type=\"application\/ld+json\" class=\"yoast-schema-graph\">{\"@context\":\"https:\\\/\\\/schema.org\",\"@graph\":[{\"@type\":\"WebPage\",\"@id\":\"https:\\\/\\\/simeri.ee\\\/platvormtostuki-kaardi-koolitus\\\/\",\"url\":\"https:\\\/\\\/simeri.ee\\\/platvormtostuki-kaardi-koolitus\\\/\",\"name\":\"Platvormt\u00f5stuki kaardi koolitus - Platvormt\u00f5stuki kaardi koolitus\",\"isPartOf\":{\"@id\":\"https:\\\/\\\/simeri.ee\\\/platvormtostuki-kaardi-koolitus\\\/#website\"},\"primaryImageOfPage\":{\"@id\":\"https:\\\/\\\/simeri.ee\\\/platvormtostuki-kaardi-koolitus\\\/#primaryimage\"},\"image\":{\"@id\":\"https:\\\/\\\/simeri.ee\\\/platvormtostuki-kaardi-koolitus\\\/#primaryimage\"},\"thumbnailUrl\":\"https:\\\/\\\/simeri.ee\\\/platvormtostuki-kaardi-koolitus\\\/wp-content\\\/uploads\\\/sites\\\/4\\\/2019\\\/09\\\/IPAF-approved-trainig-centre.jpg\",\"datePublished\":\"2019-09-24T12:07:47+00:00\",\"dateModified\":\"2020-11-16T11:06:15+00:00\",\"breadcrumb\":{\"@id\":\"https:\\\/\\\/simeri.ee\\\/platvormtostuki-kaardi-koolitus\\\/#breadcrumb\"},\"inLanguage\":\"fi\",\"potentialAction\":[{\"@type\":\"ReadAction\",\"target\":[\"https:\\\/\\\/simeri.ee\\\/platvormtostuki-kaardi-koolitus\\\/\"]}]},{\"@type\":\"ImageObject\",\"inLanguage\":\"fi\",\"@id\":\"https:\\\/\\\/simeri.ee\\\/platvormtostuki-kaardi-koolitus\\\/#primaryimage\",\"url\":\"https:\\\/\\\/simeri.ee\\\/platvormtostuki-kaardi-koolitus\\\/wp-content\\\/uploads\\\/sites\\\/4\\\/2019\\\/09\\\/IPAF-approved-trainig-centre.jpg\",\"contentUrl\":\"https:\\\/\\\/simeri.ee\\\/platvormtostuki-kaardi-koolitus\\\/wp-content\\\/uploads\\\/sites\\\/4\\\/2019\\\/09\\\/IPAF-approved-trainig-centre.jpg\",\"width\":900,\"height\":500},{\"@type\":\"BreadcrumbList\",\"@id\":\"https:\\\/\\\/simeri.ee\\\/platvormtostuki-kaardi-koolitus\\\/#breadcrumb\",\"itemListElement\":[{\"@type\":\"ListItem\",\"position\":1,\"name\":\"Etusivu\",\"item\":\"https:\\\/\\\/simeri.ee\\\/platvormtostuki-kaardi-koolitus\\\/\"},{\"@type\":\"ListItem\",\"position\":2,\"name\":\"Platvormt\u00f5stuki kaardi koolitus\"}]},{\"@type\":\"WebSite\",\"@id\":\"https:\\\/\\\/simeri.ee\\\/platvormtostuki-kaardi-koolitus\\\/#website\",\"url\":\"https:\\\/\\\/simeri.ee\\\/platvormtostuki-kaardi-koolitus\\\/\",\"name\":\"Platvormt\u00f5stuki kaardi koolitus\",\"description\":\"\",\"publisher\":{\"@id\":\"https:\\\/\\\/simeri.ee\\\/platvormtostuki-kaardi-koolitus\\\/#organization\"},\"potentialAction\":[{\"@type\":\"SearchAction\",\"target\":{\"@type\":\"EntryPoint\",\"urlTemplate\":\"https:\\\/\\\/simeri.ee\\\/platvormtostuki-kaardi-koolitus\\\/?s={search_term_string}\"},\"query-input\":{\"@type\":\"PropertyValueSpecification\",\"valueRequired\":true,\"valueName\":\"search_term_string\"}}],\"inLanguage\":\"fi\"},{\"@type\":\"Organization\",\"@id\":\"https:\\\/\\\/simeri.ee\\\/platvormtostuki-kaardi-koolitus\\\/#organization\",\"name\":\"Platvormt\u00f5stuki kaardi koolitus\",\"url\":\"https:\\\/\\\/simeri.ee\\\/platvormtostuki-kaardi-koolitus\\\/\",\"logo\":{\"@type\":\"ImageObject\",\"inLanguage\":\"fi\",\"@id\":\"https:\\\/\\\/simeri.ee\\\/platvormtostuki-kaardi-koolitus\\\/#\\\/schema\\\/logo\\\/image\\\/\",\"url\":\"https:\\\/\\\/simeri.ee\\\/platvormtostuki-kaardi-koolitus\\\/wp-content\\\/uploads\\\/sites\\\/4\\\/2020\\\/11\\\/simeri-ipaf-logo-2.jpg\",\"contentUrl\":\"https:\\\/\\\/simeri.ee\\\/platvormtostuki-kaardi-koolitus\\\/wp-content\\\/uploads\\\/sites\\\/4\\\/2020\\\/11\\\/simeri-ipaf-logo-2.jpg\",\"width\":307,\"height\":49,\"caption\":\"Platvormt\u00f5stuki kaardi koolitus\"},\"image\":{\"@id\":\"https:\\\/\\\/simeri.ee\\\/platvormtostuki-kaardi-koolitus\\\/#\\\/schema\\\/logo\\\/image\\\/\"}}]}<\/script>\n<!-- \/ Yoast SEO plugin. -->","yoast_head_json":{"title":"Platvormt\u00f5stuki kaardi koolitus - Platvormt\u00f5stuki kaardi koolitus","robots":{"index":"index","follow":"follow","max-snippet":"max-snippet:-1","max-image-preview":"max-image-preview:large","max-video-preview":"max-video-preview:-1"},"canonical":"https:\/\/simeri.ee\/platvormtostuki-kaardi-koolitus\/","og_locale":"fi_FI","og_type":"article","og_title":"Platvormt\u00f5stuki kaardi koolitus - Platvormt\u00f5stuki kaardi koolitus","og_description":"IPAF \u2013 platvormt\u00f5stuki kaardi koolitus MIS ON IPAF? IPAF (The International Powered Access Federation) on organisatsioon, mis edendab kogu maailmas ohutut ja t\u00f5husat t\u00f6\u00f6tamist platvormt\u00f5stukitega. IPAF pakub tehnilisi teadmisi ja n\u00f5uandeid, m\u00f5jutab seadusandlust ja t\u00f5lgendab seadusi ning teeb algatusi ohutuse parendamiseks ehitusalal. Peamine tegevusviis on koolitusprogrammid neile, kelle t\u00f6\u00f6 on \u00fchel v\u00f5i teisel viisil seotud [&hellip;]","og_url":"https:\/\/simeri.ee\/platvormtostuki-kaardi-koolitus\/","og_site_name":"Platvormt\u00f5stuki kaardi koolitus","article_modified_time":"2020-11-16T11:06:15+00:00","og_image":[{"width":900,"height":500,"url":"https:\/\/simeri.ee\/platvormtostuki-kaardi-koolitus\/wp-content\/uploads\/sites\/4\/2019\/09\/IPAF-approved-trainig-centre.jpg","type":"image\/jpeg"}],"twitter_card":"summary_large_image","twitter_misc":{"Arvioitu lukuaika":"1 minuutti"},"schema":{"@context":"https:\/\/schema.org","@graph":[{"@type":"WebPage","@id":"https:\/\/simeri.ee\/platvormtostuki-kaardi-koolitus\/","url":"https:\/\/simeri.ee\/platvormtostuki-kaardi-koolitus\/","name":"Platvormt\u00f5stuki kaardi koolitus - Platvormt\u00f5stuki kaardi koolitus","isPartOf":{"@id":"https:\/\/simeri.ee\/platvormtostuki-kaardi-koolitus\/#website"},"primaryImageOfPage":{"@id":"https:\/\/simeri.ee\/platvormtostuki-kaardi-koolitus\/#primaryimage"},"image":{"@id":"https:\/\/simeri.ee\/platvormtostuki-kaardi-koolitus\/#primaryimage"},"thumbnailUrl":"https:\/\/simeri.ee\/platvormtostuki-kaardi-koolitus\/wp-content\/uploads\/sites\/4\/2019\/09\/IPAF-approved-trainig-centre.jpg","datePublished":"2019-09-24T12:07:47+00:00","dateModified":"2020-11-16T11:06:15+00:00","breadcrumb":{"@id":"https:\/\/simeri.ee\/platvormtostuki-kaardi-koolitus\/#breadcrumb"},"inLanguage":"fi","potentialAction":[{"@type":"ReadAction","target":["https:\/\/simeri.ee\/platvormtostuki-kaardi-koolitus\/"]}]},{"@type":"ImageObject","inLanguage":"fi","@id":"https:\/\/simeri.ee\/platvormtostuki-kaardi-koolitus\/#primaryimage","url":"https:\/\/simeri.ee\/platvormtostuki-kaardi-koolitus\/wp-content\/uploads\/sites\/4\/2019\/09\/IPAF-approved-trainig-centre.jpg","contentUrl":"https:\/\/simeri.ee\/platvormtostuki-kaardi-koolitus\/wp-content\/uploads\/sites\/4\/2019\/09\/IPAF-approved-trainig-centre.jpg","width":900,"height":500},{"@type":"BreadcrumbList","@id":"https:\/\/simeri.ee\/platvormtostuki-kaardi-koolitus\/#breadcrumb","itemListElement":[{"@type":"ListItem","position":1,"name":"Etusivu","item":"https:\/\/simeri.ee\/platvormtostuki-kaardi-koolitus\/"},{"@type":"ListItem","position":2,"name":"Platvormt\u00f5stuki kaardi koolitus"}]},{"@type":"WebSite","@id":"https:\/\/simeri.ee\/platvormtostuki-kaardi-koolitus\/#website","url":"https:\/\/simeri.ee\/platvormtostuki-kaardi-koolitus\/","name":"Platvormt\u00f5stuki kaardi koolitus","description":"","publisher":{"@id":"https:\/\/simeri.ee\/platvormtostuki-kaardi-koolitus\/#organization"},"potentialAction":[{"@type":"SearchAction","target":{"@type":"EntryPoint","urlTemplate":"https:\/\/simeri.ee\/platvormtostuki-kaardi-koolitus\/?s={search_term_string}"},"query-input":{"@type":"PropertyValueSpecification","valueRequired":true,"valueName":"search_term_string"}}],"inLanguage":"fi"},{"@type":"Organization","@id":"https:\/\/simeri.ee\/platvormtostuki-kaardi-koolitus\/#organization","name":"Platvormt\u00f5stuki kaardi koolitus","url":"https:\/\/simeri.ee\/platvormtostuki-kaardi-koolitus\/","logo":{"@type":"ImageObject","inLanguage":"fi","@id":"https:\/\/simeri.ee\/platvormtostuki-kaardi-koolitus\/#\/schema\/logo\/image\/","url":"https:\/\/simeri.ee\/platvormtostuki-kaardi-koolitus\/wp-content\/uploads\/sites\/4\/2020\/11\/simeri-ipaf-logo-2.jpg","contentUrl":"https:\/\/simeri.ee\/platvormtostuki-kaardi-koolitus\/wp-content\/uploads\/sites\/4\/2020\/11\/simeri-ipaf-logo-2.jpg","width":307,"height":49,"caption":"Platvormt\u00f5stuki kaardi koolitus"},"image":{"@id":"https:\/\/simeri.ee\/platvormtostuki-kaardi-koolitus\/#\/schema\/logo\/image\/"}}]}},"acf":[],"_links":{"self":[{"href":"https:\/\/simeri.ee\/platvormtostuki-kaardi-koolitus\/wp-json\/wp\/v2\/pages\/7","targetHints":{"allow":["GET"]}}],"collection":[{"href":"https:\/\/simeri.ee\/platvormtostuki-kaardi-koolitus\/wp-json\/wp\/v2\/pages"}],"about":[{"href":"https:\/\/simeri.ee\/platvormtostuki-kaardi-koolitus\/wp-json\/wp\/v2\/types\/page"}],"author":[{"embeddable":true,"href":"https:\/\/simeri.ee\/platvormtostuki-kaardi-koolitus\/wp-json\/wp\/v2\/users\/1"}],"replies":[{"embeddable":true,"href":"https:\/\/simeri.ee\/platvormtostuki-kaardi-koolitus\/wp-json\/wp\/v2\/comments?post=7"}],"version-history":[{"count":1,"href":"https:\/\/simeri.ee\/platvormtostuki-kaardi-koolitus\/wp-json\/wp\/v2\/pages\/7\/revisions"}],"predecessor-version":[{"id":65,"href":"https:\/\/simeri.ee\/platvormtostuki-kaardi-koolitus\/wp-json\/wp\/v2\/pages\/7\/revisions\/65"}],"wp:featuredmedia":[{"embeddable":true,"href":"https:\/\/simeri.ee\/platvormtostuki-kaardi-koolitus\/wp-json\/wp\/v2\/media\/11"}],"wp:attachment":[{"href":"https:\/\/simeri.ee\/platvormtostuki-kaardi-koolitus\/wp-json\/wp\/v2\/media?parent=7"}],"curies":[{"name":"wp","href":"https:\/\/api.w.org\/{rel}","templated":true}]}}