{"id":300,"date":"2014-03-09T11:36:47","date_gmt":"2014-03-09T09:36:47","guid":{"rendered":"http:\/\/teppokuittinen.com\/accounts\/simeri\/?page_id=300"},"modified":"2014-03-09T11:36:47","modified_gmt":"2014-03-09T09:36:47","slug":"%d0%bd%d0%be%d0%b2%d1%8b%d0%b5-%d0%bf%d0%b5%d1%80%d1%81%d0%be%d0%bd%d0%b0%d0%bb%d1%8c%d0%bd%d1%8b%d0%b5-%d0%bf%d0%be%d0%b4%d1%8a%d0%b5%d0%bc%d0%bd%d0%b8%d0%ba%d0%b8","status":"publish","type":"page","link":"https:\/\/simeri.ee\/ru\/%d0%bf%d1%80%d0%be%d0%b4%d1%83%d0%ba%d1%86%d0%b8%d1%8f\/%d0%bd%d0%be%d0%b2%d1%8b%d0%b5-%d0%bf%d0%b5%d1%80%d1%81%d0%be%d0%bd%d0%b0%d0%bb%d1%8c%d0%bd%d1%8b%d0%b5-%d0%bf%d0%be%d0%b4%d1%8a%d0%b5%d0%bc%d0%bd%d0%b8%d0%ba%d0%b8\/","title":{"rendered":"\u041d\u043e\u0432\u044b\u0435 \u043f\u0435\u0440\u0441\u043e\u043d\u0430\u043b\u044c\u043d\u044b\u0435 \u043f\u043e\u0434\u044a\u0435\u043c\u043d\u0438\u043a\u0438"},"content":{"rendered":"<h2>\u041d\u043e\u0432\u044b\u0435 \u043f\u0435\u0440\u0441\u043e\u043d\u0430\u043b\u044c\u043d\u044b\u0435 \u043f\u043e\u0434\u044a\u0435\u043c\u043d\u0438\u043a\u0438<\/h2>\n<div class=\"row\">\n<div class=\"twelve columns\">\n<h3>Genie\u00a0\u043f\u0435\u0440\u0441\u043e\u043d\u0430\u043b\u044c\u043d\u044b\u0435 \u043f\u043e\u0434\u044a\u0435\u043c\u043d\u0438\u043a\u0438<\/h3>\n<p><img loading=\"lazy\" decoding=\"async\" width=\"300\" height=\"225\" class=\"alignnone size-medium wp-image-1043\" src=\"http:\/\/simeri.ee\/ru\/wp-content\/uploads\/sites\/2\/2015\/06\/logos-genie-300x225.jpg\" alt=\"logos-genie\" srcset=\"https:\/\/simeri.ee\/ru\/wp-content\/uploads\/sites\/2\/2015\/06\/logos-genie-300x225.jpg 300w, https:\/\/simeri.ee\/ru\/wp-content\/uploads\/sites\/2\/2015\/06\/logos-genie.jpg 600w\" sizes=\"auto, (max-width: 300px) 100vw, 300px\" \/><\/p>\n<p><strong>\u041f\u0440\u043e\u0434\u0443\u043a\u0446\u0438\u044f Genie<\/strong> \u2014 \u0445\u043e\u0440\u043e\u0448\u0438\u0439 \u0432\u044b\u0431\u043e\u0440 \u0434\u043b\u044f \u0442\u0435\u0445, \u043a\u043e\u043c\u0443 \u043d\u0443\u0436\u043d\u044b \u0431\u0435\u0437\u043e\u043f\u0430\u0441\u043d\u044b\u0435 \u043f\u0435\u0440\u0441\u043e\u043d\u0430\u043b\u044c\u043d\u044b\u0435 \u043f\u043e\u0434\u044a\u0435\u043c\u043d\u0438\u043a\u0438. \u0412 \u043d\u0430\u0448\u0435\u043c \u0448\u0438\u0440\u043e\u043a\u043e\u043c \u0430\u0441\u0441\u043e\u0440\u0442\u0438\u043c\u0435\u043d\u0442\u0435 \u043f\u0440\u0435\u0434\u0441\u0442\u0430\u0432\u043b\u0435\u043d\u044b \u043c\u043e\u0434\u0435\u043b\u0438 \u043f\u043e\u0434\u044a\u0435\u043c\u043d\u0438\u043a\u043e\u0432 \u0434\u043b\u044f \u0432\u0441\u0435\u0445 \u0441\u043b\u0443\u0447\u0430\u0435\u0432. \u0425\u043e\u0440\u043e\u0448\u0438\u0435 \u0443\u0441\u043b\u043e\u0432\u0438\u044f \u0433\u0430\u0440\u0430\u043d\u0442\u0438\u0438 \u0438 \u0434\u043e\u0441\u0442\u0443\u043f\u043d\u043e\u0441\u0442\u044c \u0437\u0430\u043f\u0430\u0441\u043d\u044b\u0445 \u0447\u0430\u0441\u0442\u0435\u0439 \u043f\u043e\u043c\u043e\u0433\u0443\u0442 \u043e\u0431\u0435\u0441\u043f\u0435\u0447\u0438\u0442\u044c \u043d\u0430\u0434\u0435\u0436\u043d\u0443\u044e \u0440\u0430\u0431\u043e\u0442\u0443 \u0432\u0430\u0448\u0435\u0433\u043e \u043f\u043e\u0434\u044a\u0435\u043c\u043d\u0438\u043a\u0430 \u0432 \u043b\u044e\u0431\u043e\u0439 \u0441\u0438\u0442\u0443\u0430\u0446\u0438\u0438.<\/p>\n<p>Simeri Oy \u043f\u0440\u0435\u0434\u043e\u0441\u0442\u0430\u0432\u043b\u044f\u0435\u0442 1 \u0433\u043e\u0434 \u0433\u0430\u0440\u0430\u043d\u0442\u0438\u0439\u043d\u043e\u0433\u043e \u043e\u0431\u0441\u043b\u0443\u0436\u0438\u0432\u0430\u043d\u0438\u044f \u0432 \u0434\u043e\u043f\u043e\u043b\u043d\u0435\u043d\u0438\u0435 \u043a \u043e\u0431\u044b\u0447\u043d\u043e\u043c\u0443 \u0441\u0440\u043e\u043a\u0443 \u0433\u0430\u0440\u0430\u043d\u0442\u0438\u0438 \u0434\u043b\u044f \u0432\u0441\u0435\u0445 \u043d\u043e\u0432\u044b\u0445 \u043f\u0435\u0440\u0441\u043e\u043d\u0430\u043b\u044c\u043d\u044b\u0445 \u043f\u043e\u0434\u044a\u0435\u043c\u043d\u0438\u043a\u043e\u0432 Genie.<\/p>\n<p>\u0411\u043e\u043b\u0435\u0435 \u043f\u043e\u0434\u0440\u043e\u0431\u043d\u0430\u044f \u0438\u043d\u0444\u043e\u0440\u043c\u0430\u0446\u0438\u044f \u043f\u0440\u0435\u0434\u0441\u0442\u0430\u0432\u043b\u0435\u043d\u0430 \u043d\u0430 \u0441\u0430\u0439\u0442\u0435<\/p>\n<p><a style=\"line-height: 1.5\" title=\"www.genielift.co.uk\" href=\"http:\/\/www.genielift.co.uk\/\" target=\"_blank\" rel=\"noopener noreferrer\">www.genielift.co.uk<\/a><\/p>\n<p><a class=\"button large\" href=\"http:\/\/simeri.ee\/ru\/genie-%D0%BF%D0%B5%D1%80%D1%81%D0%BE%D0%BD%D0%B0%D0%BB%D1%8C%D0%BD%D1%8B%D0%B5-%D0%BF%D0%BE%D0%B4%D1%8A%D0%B5%D0%BC%D0%BD%D0%B8%D0%BA%D0%B8\/\">\u041f\u0440\u043e\u0434\u0443\u043a\u0446\u0438\u044f Genie<\/a><\/p>\n<\/div>\n<\/div>\n<p>\u041f\u0440\u043e\u0434\u0430\u0436\u0438<br \/>\n<i class=\"fa fa-phone\"><\/i> +358 400 990 988<br \/>\n<i class=\"fa fa-envelope\"><\/i> nostimet@simeri.fi<\/p>\n<div class=\"content-spacer-fp\"><\/div>\n","protected":false},"excerpt":{"rendered":"<p>\u041d\u043e\u0432\u044b\u0435 \u043f\u0435\u0440\u0441\u043e\u043d\u0430\u043b\u044c\u043d\u044b\u0435 \u043f\u043e\u0434\u044a\u0435\u043c\u043d\u0438\u043a\u0438 Genie\u00a0\u043f\u0435\u0440\u0441\u043e\u043d\u0430\u043b\u044c\u043d\u044b\u0435 \u043f\u043e\u0434\u044a\u0435\u043c\u043d\u0438\u043a\u0438 \u041f\u0440\u043e\u0434\u0443\u043a\u0446\u0438\u044f Genie \u2014 \u0445\u043e\u0440\u043e\u0448\u0438\u0439 \u0432\u044b\u0431\u043e\u0440 [&hellip;]<\/p>\n","protected":false},"author":1,"featured_media":520,"parent":16,"menu_order":0,"comment_status":"closed","ping_status":"closed","template":"myynti.php","meta":{"footnotes":""},"class_list":["post-300","page","type-page","status-publish","has-post-thumbnail","hentry"],"yoast_head":"<!-- This site is optimized with the Yoast SEO plugin v27.5 - https:\/\/yoast.com\/product\/yoast-seo-wordpress\/ -->\n<title>\u041d\u043e\u0432\u044b\u0435 \u043f\u0435\u0440\u0441\u043e\u043d\u0430\u043b\u044c\u043d\u044b\u0435 \u043f\u043e\u0434\u044a\u0435\u043c\u043d\u0438\u043a\u0438 - Simeri Russia<\/title>\n<meta name=\"description\" content=\"Uudet henkil\u00f6nostimet: Sinoboom henkil\u00f6nostimet ovat suunniteltuja toimimaan eritt\u00e4in haasteellisissa ja vaativissa toimintaymp\u00e4rist\u00f6iss\u00e4, joissa ty\u00f6koneilta vaaditaan erinomaista suorituskyky\u00e4.\" \/>\n<meta name=\"robots\" content=\"index, follow, max-snippet:-1, max-image-preview:large, max-video-preview:-1\" \/>\n<link rel=\"canonical\" href=\"https:\/\/simeri.ee\/ru\/\u043f\u0440\u043e\u0434\u0443\u043a\u0446\u0438\u044f\/\u043d\u043e\u0432\u044b\u0435-\u043f\u0435\u0440\u0441\u043e\u043d\u0430\u043b\u044c\u043d\u044b\u0435-\u043f\u043e\u0434\u044a\u0435\u043c\u043d\u0438\u043a\u0438\/\" \/>\n<meta property=\"og:locale\" content=\"fi_FI\" \/>\n<meta property=\"og:type\" content=\"article\" \/>\n<meta property=\"og:title\" content=\"\u041d\u043e\u0432\u044b\u0435 \u043f\u0435\u0440\u0441\u043e\u043d\u0430\u043b\u044c\u043d\u044b\u0435 \u043f\u043e\u0434\u044a\u0435\u043c\u043d\u0438\u043a\u0438 - Simeri Russia\" \/>\n<meta property=\"og:description\" content=\"Uudet henkil\u00f6nostimet: Sinoboom henkil\u00f6nostimet ovat suunniteltuja toimimaan eritt\u00e4in haasteellisissa ja vaativissa toimintaymp\u00e4rist\u00f6iss\u00e4, joissa ty\u00f6koneilta vaaditaan erinomaista suorituskyky\u00e4.\" \/>\n<meta property=\"og:url\" content=\"https:\/\/simeri.ee\/ru\/\u043f\u0440\u043e\u0434\u0443\u043a\u0446\u0438\u044f\/\u043d\u043e\u0432\u044b\u0435-\u043f\u0435\u0440\u0441\u043e\u043d\u0430\u043b\u044c\u043d\u044b\u0435-\u043f\u043e\u0434\u044a\u0435\u043c\u043d\u0438\u043a\u0438\/\" \/>\n<meta property=\"og:site_name\" content=\"Simeri Russia\" \/>\n<meta property=\"og:image\" content=\"https:\/\/simeri.ee\/ru\/wp-content\/uploads\/sites\/2\/2014\/03\/Sinoboom-myynti.jpg\" \/>\n\t<meta property=\"og:image:width\" content=\"960\" \/>\n\t<meta property=\"og:image:height\" content=\"360\" \/>\n\t<meta property=\"og:image:type\" content=\"image\/jpeg\" \/>\n<meta name=\"twitter:card\" content=\"summary_large_image\" \/>\n<script type=\"application\/ld+json\" class=\"yoast-schema-graph\">{\"@context\":\"https:\\\/\\\/schema.org\",\"@graph\":[{\"@type\":\"WebPage\",\"@id\":\"https:\\\/\\\/simeri.ee\\\/ru\\\/%d0%bf%d1%80%d0%be%d0%b4%d1%83%d0%ba%d1%86%d0%b8%d1%8f\\\/%d0%bd%d0%be%d0%b2%d1%8b%d0%b5-%d0%bf%d0%b5%d1%80%d1%81%d0%be%d0%bd%d0%b0%d0%bb%d1%8c%d0%bd%d1%8b%d0%b5-%d0%bf%d0%be%d0%b4%d1%8a%d0%b5%d0%bc%d0%bd%d0%b8%d0%ba%d0%b8\\\/\",\"url\":\"https:\\\/\\\/simeri.ee\\\/ru\\\/%d0%bf%d1%80%d0%be%d0%b4%d1%83%d0%ba%d1%86%d0%b8%d1%8f\\\/%d0%bd%d0%be%d0%b2%d1%8b%d0%b5-%d0%bf%d0%b5%d1%80%d1%81%d0%be%d0%bd%d0%b0%d0%bb%d1%8c%d0%bd%d1%8b%d0%b5-%d0%bf%d0%be%d0%b4%d1%8a%d0%b5%d0%bc%d0%bd%d0%b8%d0%ba%d0%b8\\\/\",\"name\":\"\u041d\u043e\u0432\u044b\u0435 \u043f\u0435\u0440\u0441\u043e\u043d\u0430\u043b\u044c\u043d\u044b\u0435 \u043f\u043e\u0434\u044a\u0435\u043c\u043d\u0438\u043a\u0438 - Simeri Russia\",\"isPartOf\":{\"@id\":\"https:\\\/\\\/simeri.ee\\\/ru\\\/#website\"},\"primaryImageOfPage\":{\"@id\":\"https:\\\/\\\/simeri.ee\\\/ru\\\/%d0%bf%d1%80%d0%be%d0%b4%d1%83%d0%ba%d1%86%d0%b8%d1%8f\\\/%d0%bd%d0%be%d0%b2%d1%8b%d0%b5-%d0%bf%d0%b5%d1%80%d1%81%d0%be%d0%bd%d0%b0%d0%bb%d1%8c%d0%bd%d1%8b%d0%b5-%d0%bf%d0%be%d0%b4%d1%8a%d0%b5%d0%bc%d0%bd%d0%b8%d0%ba%d0%b8\\\/#primaryimage\"},\"image\":{\"@id\":\"https:\\\/\\\/simeri.ee\\\/ru\\\/%d0%bf%d1%80%d0%be%d0%b4%d1%83%d0%ba%d1%86%d0%b8%d1%8f\\\/%d0%bd%d0%be%d0%b2%d1%8b%d0%b5-%d0%bf%d0%b5%d1%80%d1%81%d0%be%d0%bd%d0%b0%d0%bb%d1%8c%d0%bd%d1%8b%d0%b5-%d0%bf%d0%be%d0%b4%d1%8a%d0%b5%d0%bc%d0%bd%d0%b8%d0%ba%d0%b8\\\/#primaryimage\"},\"thumbnailUrl\":\"https:\\\/\\\/simeri.ee\\\/ru\\\/wp-content\\\/uploads\\\/sites\\\/2\\\/2014\\\/03\\\/Sinoboom-myynti.jpg\",\"datePublished\":\"2014-03-09T09:36:47+00:00\",\"description\":\"Uudet henkil\u00f6nostimet: Sinoboom henkil\u00f6nostimet ovat suunniteltuja toimimaan eritt\u00e4in haasteellisissa ja vaativissa toimintaymp\u00e4rist\u00f6iss\u00e4, joissa ty\u00f6koneilta vaaditaan erinomaista suorituskyky\u00e4.\",\"breadcrumb\":{\"@id\":\"https:\\\/\\\/simeri.ee\\\/ru\\\/%d0%bf%d1%80%d0%be%d0%b4%d1%83%d0%ba%d1%86%d0%b8%d1%8f\\\/%d0%bd%d0%be%d0%b2%d1%8b%d0%b5-%d0%bf%d0%b5%d1%80%d1%81%d0%be%d0%bd%d0%b0%d0%bb%d1%8c%d0%bd%d1%8b%d0%b5-%d0%bf%d0%be%d0%b4%d1%8a%d0%b5%d0%bc%d0%bd%d0%b8%d0%ba%d0%b8\\\/#breadcrumb\"},\"inLanguage\":\"fi\",\"potentialAction\":[{\"@type\":\"ReadAction\",\"target\":[\"https:\\\/\\\/simeri.ee\\\/ru\\\/%d0%bf%d1%80%d0%be%d0%b4%d1%83%d0%ba%d1%86%d0%b8%d1%8f\\\/%d0%bd%d0%be%d0%b2%d1%8b%d0%b5-%d0%bf%d0%b5%d1%80%d1%81%d0%be%d0%bd%d0%b0%d0%bb%d1%8c%d0%bd%d1%8b%d0%b5-%d0%bf%d0%be%d0%b4%d1%8a%d0%b5%d0%bc%d0%bd%d0%b8%d0%ba%d0%b8\\\/\"]}]},{\"@type\":\"ImageObject\",\"inLanguage\":\"fi\",\"@id\":\"https:\\\/\\\/simeri.ee\\\/ru\\\/%d0%bf%d1%80%d0%be%d0%b4%d1%83%d0%ba%d1%86%d0%b8%d1%8f\\\/%d0%bd%d0%be%d0%b2%d1%8b%d0%b5-%d0%bf%d0%b5%d1%80%d1%81%d0%be%d0%bd%d0%b0%d0%bb%d1%8c%d0%bd%d1%8b%d0%b5-%d0%bf%d0%be%d0%b4%d1%8a%d0%b5%d0%bc%d0%bd%d0%b8%d0%ba%d0%b8\\\/#primaryimage\",\"url\":\"https:\\\/\\\/simeri.ee\\\/ru\\\/wp-content\\\/uploads\\\/sites\\\/2\\\/2014\\\/03\\\/Sinoboom-myynti.jpg\",\"contentUrl\":\"https:\\\/\\\/simeri.ee\\\/ru\\\/wp-content\\\/uploads\\\/sites\\\/2\\\/2014\\\/03\\\/Sinoboom-myynti.jpg\",\"width\":960,\"height\":360},{\"@type\":\"BreadcrumbList\",\"@id\":\"https:\\\/\\\/simeri.ee\\\/ru\\\/%d0%bf%d1%80%d0%be%d0%b4%d1%83%d0%ba%d1%86%d0%b8%d1%8f\\\/%d0%bd%d0%be%d0%b2%d1%8b%d0%b5-%d0%bf%d0%b5%d1%80%d1%81%d0%be%d0%bd%d0%b0%d0%bb%d1%8c%d0%bd%d1%8b%d0%b5-%d0%bf%d0%be%d0%b4%d1%8a%d0%b5%d0%bc%d0%bd%d0%b8%d0%ba%d0%b8\\\/#breadcrumb\",\"itemListElement\":[{\"@type\":\"ListItem\",\"position\":1,\"name\":\"Etusivu\",\"item\":\"https:\\\/\\\/simeri.ee\\\/ru\\\/\"},{\"@type\":\"ListItem\",\"position\":2,\"name\":\"\u041f\u0420\u041e\u0414\u0423\u041a\u0426\u0418\u042f\",\"item\":\"https:\\\/\\\/simeri.ee\\\/ru\\\/%d0%bf%d1%80%d0%be%d0%b4%d1%83%d0%ba%d1%86%d0%b8%d1%8f\\\/\"},{\"@type\":\"ListItem\",\"position\":3,\"name\":\"\u041d\u043e\u0432\u044b\u0435 \u043f\u0435\u0440\u0441\u043e\u043d\u0430\u043b\u044c\u043d\u044b\u0435 \u043f\u043e\u0434\u044a\u0435\u043c\u043d\u0438\u043a\u0438\"}]},{\"@type\":\"WebSite\",\"@id\":\"https:\\\/\\\/simeri.ee\\\/ru\\\/#website\",\"url\":\"https:\\\/\\\/simeri.ee\\\/ru\\\/\",\"name\":\"Simeri Russia\",\"description\":\"Uusi Simeri-sivustot -sivusto\",\"potentialAction\":[{\"@type\":\"SearchAction\",\"target\":{\"@type\":\"EntryPoint\",\"urlTemplate\":\"https:\\\/\\\/simeri.ee\\\/ru\\\/?s={search_term_string}\"},\"query-input\":{\"@type\":\"PropertyValueSpecification\",\"valueRequired\":true,\"valueName\":\"search_term_string\"}}],\"inLanguage\":\"fi\"}]}<\/script>\n<!-- \/ Yoast SEO plugin. -->","yoast_head_json":{"title":"\u041d\u043e\u0432\u044b\u0435 \u043f\u0435\u0440\u0441\u043e\u043d\u0430\u043b\u044c\u043d\u044b\u0435 \u043f\u043e\u0434\u044a\u0435\u043c\u043d\u0438\u043a\u0438 - Simeri Russia","description":"Uudet henkil\u00f6nostimet: Sinoboom henkil\u00f6nostimet ovat suunniteltuja toimimaan eritt\u00e4in haasteellisissa ja vaativissa toimintaymp\u00e4rist\u00f6iss\u00e4, joissa ty\u00f6koneilta vaaditaan erinomaista suorituskyky\u00e4.","robots":{"index":"index","follow":"follow","max-snippet":"max-snippet:-1","max-image-preview":"max-image-preview:large","max-video-preview":"max-video-preview:-1"},"canonical":"https:\/\/simeri.ee\/ru\/\u043f\u0440\u043e\u0434\u0443\u043a\u0446\u0438\u044f\/\u043d\u043e\u0432\u044b\u0435-\u043f\u0435\u0440\u0441\u043e\u043d\u0430\u043b\u044c\u043d\u044b\u0435-\u043f\u043e\u0434\u044a\u0435\u043c\u043d\u0438\u043a\u0438\/","og_locale":"fi_FI","og_type":"article","og_title":"\u041d\u043e\u0432\u044b\u0435 \u043f\u0435\u0440\u0441\u043e\u043d\u0430\u043b\u044c\u043d\u044b\u0435 \u043f\u043e\u0434\u044a\u0435\u043c\u043d\u0438\u043a\u0438 - Simeri Russia","og_description":"Uudet henkil\u00f6nostimet: Sinoboom henkil\u00f6nostimet ovat suunniteltuja toimimaan eritt\u00e4in haasteellisissa ja vaativissa toimintaymp\u00e4rist\u00f6iss\u00e4, joissa ty\u00f6koneilta vaaditaan erinomaista suorituskyky\u00e4.","og_url":"https:\/\/simeri.ee\/ru\/\u043f\u0440\u043e\u0434\u0443\u043a\u0446\u0438\u044f\/\u043d\u043e\u0432\u044b\u0435-\u043f\u0435\u0440\u0441\u043e\u043d\u0430\u043b\u044c\u043d\u044b\u0435-\u043f\u043e\u0434\u044a\u0435\u043c\u043d\u0438\u043a\u0438\/","og_site_name":"Simeri Russia","og_image":[{"width":960,"height":360,"url":"https:\/\/simeri.ee\/ru\/wp-content\/uploads\/sites\/2\/2014\/03\/Sinoboom-myynti.jpg","type":"image\/jpeg"}],"twitter_card":"summary_large_image","schema":{"@context":"https:\/\/schema.org","@graph":[{"@type":"WebPage","@id":"https:\/\/simeri.ee\/ru\/%d0%bf%d1%80%d0%be%d0%b4%d1%83%d0%ba%d1%86%d0%b8%d1%8f\/%d0%bd%d0%be%d0%b2%d1%8b%d0%b5-%d0%bf%d0%b5%d1%80%d1%81%d0%be%d0%bd%d0%b0%d0%bb%d1%8c%d0%bd%d1%8b%d0%b5-%d0%bf%d0%be%d0%b4%d1%8a%d0%b5%d0%bc%d0%bd%d0%b8%d0%ba%d0%b8\/","url":"https:\/\/simeri.ee\/ru\/%d0%bf%d1%80%d0%be%d0%b4%d1%83%d0%ba%d1%86%d0%b8%d1%8f\/%d0%bd%d0%be%d0%b2%d1%8b%d0%b5-%d0%bf%d0%b5%d1%80%d1%81%d0%be%d0%bd%d0%b0%d0%bb%d1%8c%d0%bd%d1%8b%d0%b5-%d0%bf%d0%be%d0%b4%d1%8a%d0%b5%d0%bc%d0%bd%d0%b8%d0%ba%d0%b8\/","name":"\u041d\u043e\u0432\u044b\u0435 \u043f\u0435\u0440\u0441\u043e\u043d\u0430\u043b\u044c\u043d\u044b\u0435 \u043f\u043e\u0434\u044a\u0435\u043c\u043d\u0438\u043a\u0438 - Simeri Russia","isPartOf":{"@id":"https:\/\/simeri.ee\/ru\/#website"},"primaryImageOfPage":{"@id":"https:\/\/simeri.ee\/ru\/%d0%bf%d1%80%d0%be%d0%b4%d1%83%d0%ba%d1%86%d0%b8%d1%8f\/%d0%bd%d0%be%d0%b2%d1%8b%d0%b5-%d0%bf%d0%b5%d1%80%d1%81%d0%be%d0%bd%d0%b0%d0%bb%d1%8c%d0%bd%d1%8b%d0%b5-%d0%bf%d0%be%d0%b4%d1%8a%d0%b5%d0%bc%d0%bd%d0%b8%d0%ba%d0%b8\/#primaryimage"},"image":{"@id":"https:\/\/simeri.ee\/ru\/%d0%bf%d1%80%d0%be%d0%b4%d1%83%d0%ba%d1%86%d0%b8%d1%8f\/%d0%bd%d0%be%d0%b2%d1%8b%d0%b5-%d0%bf%d0%b5%d1%80%d1%81%d0%be%d0%bd%d0%b0%d0%bb%d1%8c%d0%bd%d1%8b%d0%b5-%d0%bf%d0%be%d0%b4%d1%8a%d0%b5%d0%bc%d0%bd%d0%b8%d0%ba%d0%b8\/#primaryimage"},"thumbnailUrl":"https:\/\/simeri.ee\/ru\/wp-content\/uploads\/sites\/2\/2014\/03\/Sinoboom-myynti.jpg","datePublished":"2014-03-09T09:36:47+00:00","description":"Uudet henkil\u00f6nostimet: Sinoboom henkil\u00f6nostimet ovat suunniteltuja toimimaan eritt\u00e4in haasteellisissa ja vaativissa toimintaymp\u00e4rist\u00f6iss\u00e4, joissa ty\u00f6koneilta vaaditaan erinomaista suorituskyky\u00e4.","breadcrumb":{"@id":"https:\/\/simeri.ee\/ru\/%d0%bf%d1%80%d0%be%d0%b4%d1%83%d0%ba%d1%86%d0%b8%d1%8f\/%d0%bd%d0%be%d0%b2%d1%8b%d0%b5-%d0%bf%d0%b5%d1%80%d1%81%d0%be%d0%bd%d0%b0%d0%bb%d1%8c%d0%bd%d1%8b%d0%b5-%d0%bf%d0%be%d0%b4%d1%8a%d0%b5%d0%bc%d0%bd%d0%b8%d0%ba%d0%b8\/#breadcrumb"},"inLanguage":"fi","potentialAction":[{"@type":"ReadAction","target":["https:\/\/simeri.ee\/ru\/%d0%bf%d1%80%d0%be%d0%b4%d1%83%d0%ba%d1%86%d0%b8%d1%8f\/%d0%bd%d0%be%d0%b2%d1%8b%d0%b5-%d0%bf%d0%b5%d1%80%d1%81%d0%be%d0%bd%d0%b0%d0%bb%d1%8c%d0%bd%d1%8b%d0%b5-%d0%bf%d0%be%d0%b4%d1%8a%d0%b5%d0%bc%d0%bd%d0%b8%d0%ba%d0%b8\/"]}]},{"@type":"ImageObject","inLanguage":"fi","@id":"https:\/\/simeri.ee\/ru\/%d0%bf%d1%80%d0%be%d0%b4%d1%83%d0%ba%d1%86%d0%b8%d1%8f\/%d0%bd%d0%be%d0%b2%d1%8b%d0%b5-%d0%bf%d0%b5%d1%80%d1%81%d0%be%d0%bd%d0%b0%d0%bb%d1%8c%d0%bd%d1%8b%d0%b5-%d0%bf%d0%be%d0%b4%d1%8a%d0%b5%d0%bc%d0%bd%d0%b8%d0%ba%d0%b8\/#primaryimage","url":"https:\/\/simeri.ee\/ru\/wp-content\/uploads\/sites\/2\/2014\/03\/Sinoboom-myynti.jpg","contentUrl":"https:\/\/simeri.ee\/ru\/wp-content\/uploads\/sites\/2\/2014\/03\/Sinoboom-myynti.jpg","width":960,"height":360},{"@type":"BreadcrumbList","@id":"https:\/\/simeri.ee\/ru\/%d0%bf%d1%80%d0%be%d0%b4%d1%83%d0%ba%d1%86%d0%b8%d1%8f\/%d0%bd%d0%be%d0%b2%d1%8b%d0%b5-%d0%bf%d0%b5%d1%80%d1%81%d0%be%d0%bd%d0%b0%d0%bb%d1%8c%d0%bd%d1%8b%d0%b5-%d0%bf%d0%be%d0%b4%d1%8a%d0%b5%d0%bc%d0%bd%d0%b8%d0%ba%d0%b8\/#breadcrumb","itemListElement":[{"@type":"ListItem","position":1,"name":"Etusivu","item":"https:\/\/simeri.ee\/ru\/"},{"@type":"ListItem","position":2,"name":"\u041f\u0420\u041e\u0414\u0423\u041a\u0426\u0418\u042f","item":"https:\/\/simeri.ee\/ru\/%d0%bf%d1%80%d0%be%d0%b4%d1%83%d0%ba%d1%86%d0%b8%d1%8f\/"},{"@type":"ListItem","position":3,"name":"\u041d\u043e\u0432\u044b\u0435 \u043f\u0435\u0440\u0441\u043e\u043d\u0430\u043b\u044c\u043d\u044b\u0435 \u043f\u043e\u0434\u044a\u0435\u043c\u043d\u0438\u043a\u0438"}]},{"@type":"WebSite","@id":"https:\/\/simeri.ee\/ru\/#website","url":"https:\/\/simeri.ee\/ru\/","name":"Simeri Russia","description":"Uusi Simeri-sivustot -sivusto","potentialAction":[{"@type":"SearchAction","target":{"@type":"EntryPoint","urlTemplate":"https:\/\/simeri.ee\/ru\/?s={search_term_string}"},"query-input":{"@type":"PropertyValueSpecification","valueRequired":true,"valueName":"search_term_string"}}],"inLanguage":"fi"}]}},"_links":{"self":[{"href":"https:\/\/simeri.ee\/ru\/wp-json\/wp\/v2\/pages\/300","targetHints":{"allow":["GET"]}}],"collection":[{"href":"https:\/\/simeri.ee\/ru\/wp-json\/wp\/v2\/pages"}],"about":[{"href":"https:\/\/simeri.ee\/ru\/wp-json\/wp\/v2\/types\/page"}],"author":[{"embeddable":true,"href":"https:\/\/simeri.ee\/ru\/wp-json\/wp\/v2\/users\/1"}],"replies":[{"embeddable":true,"href":"https:\/\/simeri.ee\/ru\/wp-json\/wp\/v2\/comments?post=300"}],"version-history":[{"count":0,"href":"https:\/\/simeri.ee\/ru\/wp-json\/wp\/v2\/pages\/300\/revisions"}],"up":[{"embeddable":true,"href":"https:\/\/simeri.ee\/ru\/wp-json\/wp\/v2\/pages\/16"}],"wp:featuredmedia":[{"embeddable":true,"href":"https:\/\/simeri.ee\/ru\/wp-json\/wp\/v2\/media\/520"}],"wp:attachment":[{"href":"https:\/\/simeri.ee\/ru\/wp-json\/wp\/v2\/media?parent=300"}],"curies":[{"name":"wp","href":"https:\/\/api.w.org\/{rel}","templated":true}]}}