{"id":46,"date":"2014-02-26T22:08:42","date_gmt":"2014-02-26T20:08:42","guid":{"rendered":"http:\/\/teppokuittinen.com\/accounts\/simeri\/?page_id=46"},"modified":"2014-02-26T22:08:42","modified_gmt":"2014-02-26T20:08:42","slug":"%d0%b7%d0%b0%d0%bf%d0%b0%d1%81%d0%bd%d1%8b%d0%b5-%d1%87%d0%b0%d1%81%d1%82%d0%b8","status":"publish","type":"page","link":"https:\/\/simeri.ee\/ru\/%d0%bf%d1%80%d0%be%d0%b4%d1%83%d0%ba%d1%86%d0%b8%d1%8f\/%d0%b7%d0%b0%d0%bf%d0%b0%d1%81%d0%bd%d1%8b%d0%b5-%d1%87%d0%b0%d1%81%d1%82%d0%b8\/","title":{"rendered":"\u0417\u0430\u043f\u0430\u0441\u043d\u044b\u0435 \u0447\u0430\u0441\u0442\u0438"},"content":{"rendered":"<p><strong>\u0417\u0430\u043f\u0430\u0441\u043d\u044b\u0435 \u0447\u0430\u0441\u0442\u0438<\/strong><\/p>\n<p>\u041a\u043e\u043c\u043f\u0430\u043d\u0438\u044f Simeri Oy \u043f\u043e\u0441\u0442\u0430\u0432\u043b\u044f\u0435\u0442 \u0437\u0430\u043f\u0430\u0441\u043d\u044b\u0435 \u0447\u0430\u0441\u0442\u0438 \u0434\u043b\u044f \u043f\u0435\u0440\u0441\u043e\u043d\u0430\u043b\u044c\u043d\u044b\u0445 \u043f\u043e\u0434\u044a\u0435\u043c\u043d\u0438\u043a\u043e\u0432 \u0431\u043e\u043b\u044c\u0448\u0438\u043d\u0441\u0442\u0432\u0430 \u043c\u0430\u0440\u043e\u043a.<\/p>\n<p>\u0421\u0430\u043c\u044b\u0435 \u0440\u0430\u0441\u043f\u0440\u043e\u0441\u0442\u0440\u0430\u043d\u0435\u043d\u043d\u044b\u0435 \u0437\u0430\u043f\u0430\u0441\u043d\u044b\u0435 \u0447\u0430\u0441\u0442\u0438 \u0434\u043b\u044f \u043f\u0435\u0440\u0441\u043e\u043d\u0430\u043b\u044c\u043d\u044b\u0445 \u043f\u043e\u0434\u044a\u0435\u043c\u043d\u0438\u043a\u043e\u0432 \u043c\u043e\u0436\u043d\u043e \u043d\u0430\u0439\u0442\u0438 \u043f\u0440\u044f\u043c\u043e \u0443 \u043d\u0430\u0441 \u043d\u0430 \u0441\u043a\u043b\u0430\u0434\u0435.<br \/>\n\u0415\u0441\u043b\u0438 \u043a\u0430\u043a\u0438\u0445-\u043b\u0438\u0431\u043e \u0437\u0430\u043f\u0430\u0441\u043d\u044b\u0445 \u0447\u0430\u0441\u0442\u0435\u0439 \u043d\u0435\u0442 \u043d\u0430 \u043d\u0430\u0448\u0435\u043c \u0441\u043a\u043b\u0430\u0434\u0435, \u043c\u044b, \u043a\u0430\u043a \u043f\u0440\u0430\u0432\u0438\u043b\u043e, \u0434\u043e\u0441\u0442\u0430\u0432\u043b\u044f\u0435\u043c \u0438\u0445 \u043f\u043e \u0424\u0438\u043d\u043b\u044f\u043d\u0434\u0438\u0438 \u0432 \u0443\u043a\u0430\u0437\u0430\u043d\u043d\u043e\u0435 \u0432\u0430\u043c\u0438 \u043c\u0435\u0441\u0442\u043e \u0432 \u0442\u0435\u0447\u0435\u043d\u0438\u0435 24 \u0447\u0430\u0441\u043e\u0432.<\/p>\n<p>\u041d\u0443\u0436\u043d\u044b\u0435 \u0432\u0430\u043c \u0437\u0430\u043f\u0430\u0441\u043d\u044b\u0435 \u0447\u0430\u0441\u0442\u0438 \u043c\u043e\u0436\u043d\u043e \u043d\u0430\u0439\u0442\u0438 \u0432 \u043a\u0430\u0442\u0430\u043b\u043e\u0433\u0430\u0445 \u043d\u0438\u0436\u0435 \u0438 \u0437\u0430\u043a\u0430\u0437\u0430\u0442\u044c \u043f\u043e \u0442\u0435\u043b\u0435\u0444\u043e\u043d\u0443 \u0438\u043b\u0438 \u043f\u043e \u044d\u043b\u0435\u043a\u0442\u0440\u043e\u043d\u043d\u043e\u0439 \u043f\u043e\u0447\u0442\u0435.<br \/>\n\u041f\u0440\u0438 \u043d\u0435\u043e\u0431\u0445\u043e\u0434\u0438\u043c\u043e\u0441\u0442\u0438 \u043d\u0430\u0448\u0438 \u0441\u043f\u0435\u0446\u0438\u0430\u043b\u0438\u0441\u0442\u044b \u043f\u043e \u0437\u0430\u043f\u0430\u0441\u043d\u044b\u043c \u0447\u0430\u0441\u0442\u044f\u043c \u0441 \u0440\u0430\u0434\u043e\u0441\u0442\u044c\u044e \u043f\u043e\u043c\u043e\u0433\u0443\u0442 \u0432\u0430\u043c \u0432 \u043f\u043e\u0438\u0441\u043a\u0435 \u043d\u0443\u0436\u043d\u043e\u0439 \u0434\u0435\u0442\u0430\u043b\u0438.<\/p>\n<p>\u041f\u0440\u0438\u043c\u0435\u0440\u044b \u0442\u043e\u0432\u0430\u0440\u043e\u0432 \u043d\u0430 \u0441\u043a\u043b\u0430\u0434\u0435:<\/p>\n<div class=\"row\">\n<div class=\"six columns\">\n<ul class=\"cb\">\n<li>\u0440\u0443\u043a\u043e\u044f\u0442\u043a\u0438 \u0443\u043f\u0440\u0430\u0432\u043b\u0435\u043d\u0438\u044f;<\/li>\n<li>\u0441\u043e\u043b\u0435\u043d\u043e\u0438\u0434\u044b;<\/li>\n<li>\u0444\u0438\u043b\u044c\u0442\u0440\u044b;<\/li>\n<li>\u0430\u043a\u043a\u0443\u043c\u0443\u043b\u044f\u0442\u043e\u0440\u044b \u0438 \u0437\u0430\u0440\u044f\u0434\u043d\u044b\u0435 \u0443\u0441\u0442\u0440\u043e\u0439\u0441\u0442\u0432\u0430;<\/li>\n<li>\u043a\u043e\u0440\u043e\u0431\u043a\u0438 ECM \u0438 \u043a\u043e\u043d\u0442\u0440\u043e\u043b\u043b\u0435\u0440\u044b;<\/li>\n<li>\u043a\u0430\u0431\u0435\u043b\u044c\u043d\u044b\u0435 \u043f\u0435\u0440\u0435\u043c\u044b\u0447\u043a\u0438 \u0438 \u0441\u043e\u0435\u0434\u0438\u043d\u0438\u0442\u0435\u043b\u0438.<\/li>\n<\/ul>\n<\/div>\n<div class=\"six columns\">\n<p><strong>\u0417\u0430\u043f\u0440\u043e\u0441\u044b \u0432 \u0424\u0438\u043d\u043b\u044f\u043d\u0434\u0438\u0438<\/strong><br \/>\n\u0422\u043e\u043c\u043c\u0438 \u041a\u043e\u043b\u0435\u0445\u043c\u0430\u0439\u043d\u0435\u043d<br \/>\n+358 400 514 374<br \/>\n<i class=\"fa fa-envelope\"><\/i> tommi.kolehmainen@simeri.fi<\/p>\n<p><strong>\u0417\u0430\u043f\u0440\u043e\u0441\u044b \u0432 \u0441\u0442\u0440\u0430\u043d\u0430\u0445 \u0411\u0430\u043b\u0442\u0438\u0438<\/strong><br \/>\n\u042f\u0430\u043a \u041b\u0438\u043b\u043b<br \/>\n<i class=\"fa fa-phone\"><\/i> +372 50 63 005<br \/>\n<i class=\"fa fa-envelope\"><\/i> baltic@simeri.fi<\/p>\n<\/div>\n<\/div>\n<div class=\"content-spacer-fp\"><\/div>\n<div class=\"row\">\n<ul class=\"block-grid eight-up mobile-two-up\">\n<li><a href=\"http:\/\/www.genielift.com\" target=\"_blank\" rel=\"noopener noreferrer\"><img decoding=\"async\" class=\"aligncenter\" src=\"http:\/\/demo.eccola.fi\/simerifi\/wp-content\/uploads\/sites\/27\/2014\/02\/logos-genie.jpg\" alt=\"genie\" \/><\/a><\/li>\n<li><a href=\"http:\/\/www.jlg.com\" target=\"_blank\" rel=\"noopener noreferrer\"><img decoding=\"async\" class=\"aligncenter\" src=\"http:\/\/demo.eccola.fi\/simerifi\/wp-content\/uploads\/sites\/27\/2014\/02\/logos-jlg.jpg\" alt=\"jlg\" \/><\/a><\/li>\n<li><a href=\"http:\/\/en.haulotte.com\" target=\"_blank\" rel=\"noopener noreferrer\"><img decoding=\"async\" class=\"aligncenter\" src=\"http:\/\/demo.eccola.fi\/simerifi\/wp-content\/uploads\/sites\/27\/2014\/02\/logos-haulotte.jpg\" alt=\"haulotte\" \/><\/a><\/li>\n<li><a href=\"http:\/\/www.snorkellift.com\" target=\"_blank\" rel=\"noopener noreferrer\"><img decoding=\"async\" class=\"aligncenter\" src=\"http:\/\/demo.eccola.fi\/simerifi\/wp-content\/uploads\/sites\/27\/2014\/02\/logos-snorkel.jpg\" alt=\"snorkel\" \/><\/a><\/li>\n<li><a href=\"http:\/\/www.upright.com\" target=\"_blank\" rel=\"noopener noreferrer\"><img decoding=\"async\" class=\"aligncenter\" src=\"http:\/\/demo.eccola.fi\/simerifi\/wp-content\/uploads\/sites\/27\/2014\/02\/logos-upright.jpg\" alt=\"upright\" \/><\/a><\/li>\n<li><a href=\"http:\/\/www.donaldson.com\" target=\"_blank\" rel=\"noopener noreferrer\"><img decoding=\"async\" class=\"aligncenter\" src=\"http:\/\/demo.eccola.fi\/simerifi\/wp-content\/uploads\/sites\/27\/2014\/03\/logos-donaldson.jpg\" alt=\"donaldson\" \/><\/a><\/li>\n<li><a href=\"http:\/\/www.webasto.fi\" target=\"_blank\" rel=\"noopener noreferrer\"><img decoding=\"async\" class=\"aligncenter\" src=\"http:\/\/demo.eccola.fi\/simerifi\/wp-content\/uploads\/sites\/27\/2014\/03\/logos-webasto.jpg\" alt=\"webasto\" \/><\/a><\/li>\n<li><img loading=\"lazy\" decoding=\"async\" width=\"600\" height=\"450\" class=\"alignnone size-full wp-image-891\" src=\"https:\/\/simeri.ee\/ru\/wp-content\/uploads\/sites\/2\/2015\/05\/logos-dinolift.jpg\" alt=\"logos-dinolift\" srcset=\"https:\/\/simeri.ee\/ru\/wp-content\/uploads\/sites\/2\/2015\/05\/logos-dinolift.jpg 600w, https:\/\/simeri.ee\/ru\/wp-content\/uploads\/sites\/2\/2015\/05\/logos-dinolift-300x225.jpg 300w\" sizes=\"auto, (max-width: 600px) 100vw, 600px\" \/><\/li>\n<\/ul>\n<\/div>\n<p>\u043f\u043e \u0440\u0443\u043a\u043e\u0432\u043e\u0434\u0441\u0442\u0432\u0430\u043c \u0438 \u043a\u0430\u0442\u0430\u043b\u043e\u0433\u0430\u043c<\/p>\n<p><a class=\"button large\" href=\"\/ru\/\u0442\u0435\u0445\u043e\u0441\u043c\u043e\u0442\u0440\u044b\/\u0440\u0443\u043a\u043e\u0432\u043e\u0434\u0441\u0442\u0432\u0430-\u043f\u043e-\u0442\u0435\u0445\u043d\u0438\u0447\u0435\u0441\u043a\u043e\u043c\u0443-\u043e\u0431\u0441\u043b\u0443\u0436\u0438\/\">\u041f\u043e\u0438\u0441\u043a \u043f\u043e \u0440\u0443\u043a\u043e\u0432\u043e\u0434\u0441\u0442\u0432\u0430\u043c \u0438 \u043a\u0430\u0442\u0430\u043b\u043e\u0433\u0430\u043c<\/a><\/p>\n","protected":false},"excerpt":{"rendered":"<p>\u0417\u0430\u043f\u0430\u0441\u043d\u044b\u0435 \u0447\u0430\u0441\u0442\u0438 \u041a\u043e\u043c\u043f\u0430\u043d\u0438\u044f Simeri Oy \u043f\u043e\u0441\u0442\u0430\u0432\u043b\u044f\u0435\u0442 \u0437\u0430\u043f\u0430\u0441\u043d\u044b\u0435 \u0447\u0430\u0441\u0442\u0438 \u0434\u043b\u044f \u043f\u0435\u0440\u0441\u043e\u043d\u0430\u043b\u044c\u043d\u044b\u0445 [&hellip;]<\/p>\n","protected":false},"author":1,"featured_media":521,"parent":16,"menu_order":1,"comment_status":"closed","ping_status":"closed","template":"myynti.php","meta":{"footnotes":""},"class_list":["post-46","page","type-page","status-publish","has-post-thumbnail","hentry"],"yoast_head":"<!-- This site is optimized with the Yoast SEO plugin v27.5 - https:\/\/yoast.com\/product\/yoast-seo-wordpress\/ -->\n<title>\u0417\u0430\u043f\u0430\u0441\u043d\u044b\u0435 \u0447\u0430\u0441\u0442\u0438 - Simeri Russia<\/title>\n<meta name=\"description\" content=\"Varaosat: Simeri Oy toimittaa varaosat useimpiin henkil\u00f6nostin merkkeihin. Yleisimm\u00e4t henkil\u00f6nostin varaosat l\u00f6ytyv\u00e4t suoraan varastostamme.\" \/>\n<meta name=\"robots\" content=\"index, follow, max-snippet:-1, max-image-preview:large, max-video-preview:-1\" \/>\n<link rel=\"canonical\" href=\"https:\/\/simeri.ee\/ru\/\u043f\u0440\u043e\u0434\u0443\u043a\u0446\u0438\u044f\/\u0437\u0430\u043f\u0430\u0441\u043d\u044b\u0435-\u0447\u0430\u0441\u0442\u0438\/\" \/>\n<meta property=\"og:locale\" content=\"fi_FI\" \/>\n<meta property=\"og:type\" content=\"article\" \/>\n<meta property=\"og:title\" content=\"\u0417\u0430\u043f\u0430\u0441\u043d\u044b\u0435 \u0447\u0430\u0441\u0442\u0438 - Simeri Russia\" \/>\n<meta property=\"og:description\" content=\"Varaosat: Simeri Oy toimittaa varaosat useimpiin henkil\u00f6nostin merkkeihin. Yleisimm\u00e4t henkil\u00f6nostin varaosat l\u00f6ytyv\u00e4t suoraan varastostamme.\" \/>\n<meta property=\"og:url\" content=\"https:\/\/simeri.ee\/ru\/\u043f\u0440\u043e\u0434\u0443\u043a\u0446\u0438\u044f\/\u0437\u0430\u043f\u0430\u0441\u043d\u044b\u0435-\u0447\u0430\u0441\u0442\u0438\/\" \/>\n<meta property=\"og:site_name\" content=\"Simeri Russia\" \/>\n<meta property=\"og:image\" content=\"https:\/\/simeri.ee\/ru\/wp-content\/uploads\/sites\/2\/2014\/02\/Varaosat-tausta.jpg\" \/>\n\t<meta property=\"og:image:width\" content=\"946\" \/>\n\t<meta property=\"og:image:height\" content=\"600\" \/>\n\t<meta property=\"og:image:type\" content=\"image\/jpeg\" \/>\n<meta name=\"twitter:card\" content=\"summary_large_image\" \/>\n<script type=\"application\/ld+json\" class=\"yoast-schema-graph\">{\"@context\":\"https:\\\/\\\/schema.org\",\"@graph\":[{\"@type\":\"WebPage\",\"@id\":\"https:\\\/\\\/simeri.ee\\\/ru\\\/%d0%bf%d1%80%d0%be%d0%b4%d1%83%d0%ba%d1%86%d0%b8%d1%8f\\\/%d0%b7%d0%b0%d0%bf%d0%b0%d1%81%d0%bd%d1%8b%d0%b5-%d1%87%d0%b0%d1%81%d1%82%d0%b8\\\/\",\"url\":\"https:\\\/\\\/simeri.ee\\\/ru\\\/%d0%bf%d1%80%d0%be%d0%b4%d1%83%d0%ba%d1%86%d0%b8%d1%8f\\\/%d0%b7%d0%b0%d0%bf%d0%b0%d1%81%d0%bd%d1%8b%d0%b5-%d1%87%d0%b0%d1%81%d1%82%d0%b8\\\/\",\"name\":\"\u0417\u0430\u043f\u0430\u0441\u043d\u044b\u0435 \u0447\u0430\u0441\u0442\u0438 - Simeri Russia\",\"isPartOf\":{\"@id\":\"https:\\\/\\\/simeri.ee\\\/ru\\\/#website\"},\"primaryImageOfPage\":{\"@id\":\"https:\\\/\\\/simeri.ee\\\/ru\\\/%d0%bf%d1%80%d0%be%d0%b4%d1%83%d0%ba%d1%86%d0%b8%d1%8f\\\/%d0%b7%d0%b0%d0%bf%d0%b0%d1%81%d0%bd%d1%8b%d0%b5-%d1%87%d0%b0%d1%81%d1%82%d0%b8\\\/#primaryimage\"},\"image\":{\"@id\":\"https:\\\/\\\/simeri.ee\\\/ru\\\/%d0%bf%d1%80%d0%be%d0%b4%d1%83%d0%ba%d1%86%d0%b8%d1%8f\\\/%d0%b7%d0%b0%d0%bf%d0%b0%d1%81%d0%bd%d1%8b%d0%b5-%d1%87%d0%b0%d1%81%d1%82%d0%b8\\\/#primaryimage\"},\"thumbnailUrl\":\"https:\\\/\\\/simeri.ee\\\/ru\\\/wp-content\\\/uploads\\\/sites\\\/2\\\/2014\\\/02\\\/Varaosat-tausta.jpg\",\"datePublished\":\"2014-02-26T20:08:42+00:00\",\"description\":\"Varaosat: Simeri Oy toimittaa varaosat useimpiin henkil\u00f6nostin merkkeihin. Yleisimm\u00e4t henkil\u00f6nostin varaosat l\u00f6ytyv\u00e4t suoraan varastostamme.\",\"breadcrumb\":{\"@id\":\"https:\\\/\\\/simeri.ee\\\/ru\\\/%d0%bf%d1%80%d0%be%d0%b4%d1%83%d0%ba%d1%86%d0%b8%d1%8f\\\/%d0%b7%d0%b0%d0%bf%d0%b0%d1%81%d0%bd%d1%8b%d0%b5-%d1%87%d0%b0%d1%81%d1%82%d0%b8\\\/#breadcrumb\"},\"inLanguage\":\"fi\",\"potentialAction\":[{\"@type\":\"ReadAction\",\"target\":[\"https:\\\/\\\/simeri.ee\\\/ru\\\/%d0%bf%d1%80%d0%be%d0%b4%d1%83%d0%ba%d1%86%d0%b8%d1%8f\\\/%d0%b7%d0%b0%d0%bf%d0%b0%d1%81%d0%bd%d1%8b%d0%b5-%d1%87%d0%b0%d1%81%d1%82%d0%b8\\\/\"]}]},{\"@type\":\"ImageObject\",\"inLanguage\":\"fi\",\"@id\":\"https:\\\/\\\/simeri.ee\\\/ru\\\/%d0%bf%d1%80%d0%be%d0%b4%d1%83%d0%ba%d1%86%d0%b8%d1%8f\\\/%d0%b7%d0%b0%d0%bf%d0%b0%d1%81%d0%bd%d1%8b%d0%b5-%d1%87%d0%b0%d1%81%d1%82%d0%b8\\\/#primaryimage\",\"url\":\"https:\\\/\\\/simeri.ee\\\/ru\\\/wp-content\\\/uploads\\\/sites\\\/2\\\/2014\\\/02\\\/Varaosat-tausta.jpg\",\"contentUrl\":\"https:\\\/\\\/simeri.ee\\\/ru\\\/wp-content\\\/uploads\\\/sites\\\/2\\\/2014\\\/02\\\/Varaosat-tausta.jpg\",\"width\":946,\"height\":600},{\"@type\":\"BreadcrumbList\",\"@id\":\"https:\\\/\\\/simeri.ee\\\/ru\\\/%d0%bf%d1%80%d0%be%d0%b4%d1%83%d0%ba%d1%86%d0%b8%d1%8f\\\/%d0%b7%d0%b0%d0%bf%d0%b0%d1%81%d0%bd%d1%8b%d0%b5-%d1%87%d0%b0%d1%81%d1%82%d0%b8\\\/#breadcrumb\",\"itemListElement\":[{\"@type\":\"ListItem\",\"position\":1,\"name\":\"Etusivu\",\"item\":\"https:\\\/\\\/simeri.ee\\\/ru\\\/\"},{\"@type\":\"ListItem\",\"position\":2,\"name\":\"\u041f\u0420\u041e\u0414\u0423\u041a\u0426\u0418\u042f\",\"item\":\"https:\\\/\\\/simeri.ee\\\/ru\\\/%d0%bf%d1%80%d0%be%d0%b4%d1%83%d0%ba%d1%86%d0%b8%d1%8f\\\/\"},{\"@type\":\"ListItem\",\"position\":3,\"name\":\"\u0417\u0430\u043f\u0430\u0441\u043d\u044b\u0435 \u0447\u0430\u0441\u0442\u0438\"}]},{\"@type\":\"WebSite\",\"@id\":\"https:\\\/\\\/simeri.ee\\\/ru\\\/#website\",\"url\":\"https:\\\/\\\/simeri.ee\\\/ru\\\/\",\"name\":\"Simeri Russia\",\"description\":\"Uusi Simeri-sivustot -sivusto\",\"potentialAction\":[{\"@type\":\"SearchAction\",\"target\":{\"@type\":\"EntryPoint\",\"urlTemplate\":\"https:\\\/\\\/simeri.ee\\\/ru\\\/?s={search_term_string}\"},\"query-input\":{\"@type\":\"PropertyValueSpecification\",\"valueRequired\":true,\"valueName\":\"search_term_string\"}}],\"inLanguage\":\"fi\"}]}<\/script>\n<!-- \/ Yoast SEO plugin. -->","yoast_head_json":{"title":"\u0417\u0430\u043f\u0430\u0441\u043d\u044b\u0435 \u0447\u0430\u0441\u0442\u0438 - Simeri Russia","description":"Varaosat: Simeri Oy toimittaa varaosat useimpiin henkil\u00f6nostin merkkeihin. Yleisimm\u00e4t henkil\u00f6nostin varaosat l\u00f6ytyv\u00e4t suoraan varastostamme.","robots":{"index":"index","follow":"follow","max-snippet":"max-snippet:-1","max-image-preview":"max-image-preview:large","max-video-preview":"max-video-preview:-1"},"canonical":"https:\/\/simeri.ee\/ru\/\u043f\u0440\u043e\u0434\u0443\u043a\u0446\u0438\u044f\/\u0437\u0430\u043f\u0430\u0441\u043d\u044b\u0435-\u0447\u0430\u0441\u0442\u0438\/","og_locale":"fi_FI","og_type":"article","og_title":"\u0417\u0430\u043f\u0430\u0441\u043d\u044b\u0435 \u0447\u0430\u0441\u0442\u0438 - Simeri Russia","og_description":"Varaosat: Simeri Oy toimittaa varaosat useimpiin henkil\u00f6nostin merkkeihin. Yleisimm\u00e4t henkil\u00f6nostin varaosat l\u00f6ytyv\u00e4t suoraan varastostamme.","og_url":"https:\/\/simeri.ee\/ru\/\u043f\u0440\u043e\u0434\u0443\u043a\u0446\u0438\u044f\/\u0437\u0430\u043f\u0430\u0441\u043d\u044b\u0435-\u0447\u0430\u0441\u0442\u0438\/","og_site_name":"Simeri Russia","og_image":[{"width":946,"height":600,"url":"https:\/\/simeri.ee\/ru\/wp-content\/uploads\/sites\/2\/2014\/02\/Varaosat-tausta.jpg","type":"image\/jpeg"}],"twitter_card":"summary_large_image","schema":{"@context":"https:\/\/schema.org","@graph":[{"@type":"WebPage","@id":"https:\/\/simeri.ee\/ru\/%d0%bf%d1%80%d0%be%d0%b4%d1%83%d0%ba%d1%86%d0%b8%d1%8f\/%d0%b7%d0%b0%d0%bf%d0%b0%d1%81%d0%bd%d1%8b%d0%b5-%d1%87%d0%b0%d1%81%d1%82%d0%b8\/","url":"https:\/\/simeri.ee\/ru\/%d0%bf%d1%80%d0%be%d0%b4%d1%83%d0%ba%d1%86%d0%b8%d1%8f\/%d0%b7%d0%b0%d0%bf%d0%b0%d1%81%d0%bd%d1%8b%d0%b5-%d1%87%d0%b0%d1%81%d1%82%d0%b8\/","name":"\u0417\u0430\u043f\u0430\u0441\u043d\u044b\u0435 \u0447\u0430\u0441\u0442\u0438 - Simeri Russia","isPartOf":{"@id":"https:\/\/simeri.ee\/ru\/#website"},"primaryImageOfPage":{"@id":"https:\/\/simeri.ee\/ru\/%d0%bf%d1%80%d0%be%d0%b4%d1%83%d0%ba%d1%86%d0%b8%d1%8f\/%d0%b7%d0%b0%d0%bf%d0%b0%d1%81%d0%bd%d1%8b%d0%b5-%d1%87%d0%b0%d1%81%d1%82%d0%b8\/#primaryimage"},"image":{"@id":"https:\/\/simeri.ee\/ru\/%d0%bf%d1%80%d0%be%d0%b4%d1%83%d0%ba%d1%86%d0%b8%d1%8f\/%d0%b7%d0%b0%d0%bf%d0%b0%d1%81%d0%bd%d1%8b%d0%b5-%d1%87%d0%b0%d1%81%d1%82%d0%b8\/#primaryimage"},"thumbnailUrl":"https:\/\/simeri.ee\/ru\/wp-content\/uploads\/sites\/2\/2014\/02\/Varaosat-tausta.jpg","datePublished":"2014-02-26T20:08:42+00:00","description":"Varaosat: Simeri Oy toimittaa varaosat useimpiin henkil\u00f6nostin merkkeihin. Yleisimm\u00e4t henkil\u00f6nostin varaosat l\u00f6ytyv\u00e4t suoraan varastostamme.","breadcrumb":{"@id":"https:\/\/simeri.ee\/ru\/%d0%bf%d1%80%d0%be%d0%b4%d1%83%d0%ba%d1%86%d0%b8%d1%8f\/%d0%b7%d0%b0%d0%bf%d0%b0%d1%81%d0%bd%d1%8b%d0%b5-%d1%87%d0%b0%d1%81%d1%82%d0%b8\/#breadcrumb"},"inLanguage":"fi","potentialAction":[{"@type":"ReadAction","target":["https:\/\/simeri.ee\/ru\/%d0%bf%d1%80%d0%be%d0%b4%d1%83%d0%ba%d1%86%d0%b8%d1%8f\/%d0%b7%d0%b0%d0%bf%d0%b0%d1%81%d0%bd%d1%8b%d0%b5-%d1%87%d0%b0%d1%81%d1%82%d0%b8\/"]}]},{"@type":"ImageObject","inLanguage":"fi","@id":"https:\/\/simeri.ee\/ru\/%d0%bf%d1%80%d0%be%d0%b4%d1%83%d0%ba%d1%86%d0%b8%d1%8f\/%d0%b7%d0%b0%d0%bf%d0%b0%d1%81%d0%bd%d1%8b%d0%b5-%d1%87%d0%b0%d1%81%d1%82%d0%b8\/#primaryimage","url":"https:\/\/simeri.ee\/ru\/wp-content\/uploads\/sites\/2\/2014\/02\/Varaosat-tausta.jpg","contentUrl":"https:\/\/simeri.ee\/ru\/wp-content\/uploads\/sites\/2\/2014\/02\/Varaosat-tausta.jpg","width":946,"height":600},{"@type":"BreadcrumbList","@id":"https:\/\/simeri.ee\/ru\/%d0%bf%d1%80%d0%be%d0%b4%d1%83%d0%ba%d1%86%d0%b8%d1%8f\/%d0%b7%d0%b0%d0%bf%d0%b0%d1%81%d0%bd%d1%8b%d0%b5-%d1%87%d0%b0%d1%81%d1%82%d0%b8\/#breadcrumb","itemListElement":[{"@type":"ListItem","position":1,"name":"Etusivu","item":"https:\/\/simeri.ee\/ru\/"},{"@type":"ListItem","position":2,"name":"\u041f\u0420\u041e\u0414\u0423\u041a\u0426\u0418\u042f","item":"https:\/\/simeri.ee\/ru\/%d0%bf%d1%80%d0%be%d0%b4%d1%83%d0%ba%d1%86%d0%b8%d1%8f\/"},{"@type":"ListItem","position":3,"name":"\u0417\u0430\u043f\u0430\u0441\u043d\u044b\u0435 \u0447\u0430\u0441\u0442\u0438"}]},{"@type":"WebSite","@id":"https:\/\/simeri.ee\/ru\/#website","url":"https:\/\/simeri.ee\/ru\/","name":"Simeri Russia","description":"Uusi Simeri-sivustot -sivusto","potentialAction":[{"@type":"SearchAction","target":{"@type":"EntryPoint","urlTemplate":"https:\/\/simeri.ee\/ru\/?s={search_term_string}"},"query-input":{"@type":"PropertyValueSpecification","valueRequired":true,"valueName":"search_term_string"}}],"inLanguage":"fi"}]}},"_links":{"self":[{"href":"https:\/\/simeri.ee\/ru\/wp-json\/wp\/v2\/pages\/46","targetHints":{"allow":["GET"]}}],"collection":[{"href":"https:\/\/simeri.ee\/ru\/wp-json\/wp\/v2\/pages"}],"about":[{"href":"https:\/\/simeri.ee\/ru\/wp-json\/wp\/v2\/types\/page"}],"author":[{"embeddable":true,"href":"https:\/\/simeri.ee\/ru\/wp-json\/wp\/v2\/users\/1"}],"replies":[{"embeddable":true,"href":"https:\/\/simeri.ee\/ru\/wp-json\/wp\/v2\/comments?post=46"}],"version-history":[{"count":0,"href":"https:\/\/simeri.ee\/ru\/wp-json\/wp\/v2\/pages\/46\/revisions"}],"up":[{"embeddable":true,"href":"https:\/\/simeri.ee\/ru\/wp-json\/wp\/v2\/pages\/16"}],"wp:featuredmedia":[{"embeddable":true,"href":"https:\/\/simeri.ee\/ru\/wp-json\/wp\/v2\/media\/521"}],"wp:attachment":[{"href":"https:\/\/simeri.ee\/ru\/wp-json\/wp\/v2\/media?parent=46"}],"curies":[{"name":"wp","href":"https:\/\/api.w.org\/{rel}","templated":true}]}}