{"id":665,"date":"2015-04-16T11:41:24","date_gmt":"2015-04-16T08:41:24","guid":{"rendered":"http:\/\/demo.eccola.fi\/simerifi\/?page_id=665"},"modified":"2015-04-16T11:41:24","modified_gmt":"2015-04-16T08:41:24","slug":"%d0%b4%d0%be%d0%b7%d0%b0%d0%bf%d1%80%d0%b0%d0%b2%d0%ba%d0%b0-%d1%82%d0%be%d0%bf%d0%bb%d0%b8%d0%b2%d0%be%d0%bc","status":"publish","type":"page","link":"https:\/\/simeri.ee\/ru\/c%d0%b5%d1%80%d0%b2%d0%b8%d1%81%d1%8b\/%d1%83%d1%81%d0%bb%d1%83%d0%b3%d0%b8-%d0%bd%d0%b0-%d1%81%d1%82%d1%80%d0%be%d0%b8%d1%82%d0%b5%d0%bb%d1%8c%d0%bd%d1%8b%d1%85-%d0%be%d0%b1%d1%8a%d0%b5%d0%ba%d1%82%d0%b0%d1%85\/%d0%b4%d0%be%d0%b7%d0%b0%d0%bf%d1%80%d0%b0%d0%b2%d0%ba%d0%b0-%d1%82%d0%be%d0%bf%d0%bb%d0%b8%d0%b2%d0%be%d0%bc\/","title":{"rendered":"\u0414\u043e\u0437\u0430\u043f\u0440\u0430\u0432\u043a\u0430 \u0442\u043e\u043f\u043b\u0438\u0432\u043e\u043c"},"content":{"rendered":"<h3>\u0414\u043e\u0437\u0430\u043f\u0440\u0430\u0432\u043a\u0430 \u0442\u043e\u043f\u043b\u0438\u0432\u043e\u043c<\/h3>\n<p>\u0414\u043b\u044f \u043e\u0431\u043e\u0440\u0443\u0434\u043e\u0432\u0430\u043d\u0438\u044f \u0441 \u0434\u0432\u0438\u0433\u0430\u0442\u0435\u043b\u0435\u043c \u043c\u044b \u043f\u0440\u0435\u0434\u043e\u0441\u0442\u0430\u0432\u043b\u044f\u0435\u043c \u0443\u0441\u043b\u0443\u0433\u0438 \u0434\u043e\u0437\u0430\u043f\u0440\u0430\u0432\u043a\u0438 \u0442\u043e\u043f\u043b\u0438\u0432\u043e\u043c \u043f\u043e \u043c\u0435\u0441\u0442\u0443 \u044d\u043a\u0441\u043f\u043b\u0443\u0430\u0442\u0430\u0446\u0438\u0438.<\/p>\n<p>\u0411\u043b\u0430\u0433\u043e\u0434\u0430\u0440\u044f \u0431\u044b\u0441\u0442\u0440\u043e\u0439 \u0434\u043e\u0441\u0442\u0430\u0432\u043a\u0435 \u0432\u0430\u0448\u0435 \u0442\u043e\u043f\u043b\u0438\u0432\u043e \u043d\u0438\u043a\u043e\u0433\u0434\u0430 \u043d\u0435 \u0437\u0430\u043a\u043e\u043d\u0447\u0438\u0442\u0441\u044f. \u0421\u0435\u0440\u0432\u0438\u0441\u043d\u044b\u0439 \u0430\u0432\u0442\u043e\u043c\u043e\u0431\u0438\u043b\u044c Simeri \u0432 \u0432\u0430\u0448\u0435\u043c \u0440\u0430\u0441\u043f\u043e\u0440\u044f\u0436\u0435\u043d\u0438\u0438 24 \u0447\u0430\u0441\u0430 \u0432 \u0441\u0443\u0442\u043a\u0438.<\/p>\n<p>\u0415\u043c\u043a\u043e\u0441\u0442\u044c \u043d\u0430\u0448\u0435\u0433\u043e \u0437\u0430\u043f\u0440\u0430\u0432\u043e\u0447\u043d\u043e\u0433\u043e \u043e\u0431\u043e\u0440\u0443\u0434\u043e\u0432\u0430\u043d\u0438\u044f \u0441\u043e\u0441\u0442\u0430\u0432\u043b\u044f\u0435\u0442 450 \u043b\u0438\u0442\u0440\u043e\u0432.<\/p>\n<p>\u041a\u0440\u043e\u043c\u0435 \u0442\u043e\u0433\u043e, \u0432 \u0443\u0441\u043b\u0443\u0433\u0443 \u0434\u043e\u0437\u0430\u043f\u0440\u0430\u0432\u043a\u0438 \u0442\u043e\u043f\u043b\u0438\u0432\u043e\u043c \u0432\u0441\u0435\u0433\u0434\u0430 \u0432\u0445\u043e\u0434\u0438\u0442 \u043f\u0440\u043e\u0432\u0435\u0440\u043a\u0430 \u0443\u0440\u043e\u0432\u043d\u044f \u0438 \u0434\u043e\u0437\u0430\u043f\u0440\u0430\u0432\u043a\u0430 \u0434\u0440\u0443\u0433\u0438\u0445 \u0436\u0438\u0434\u043a\u043e\u0441\u0442\u0435\u0439.<\/p>\n<p>\u0422\u0435\u043b\u0435\u0444\u043e\u043d \u043d\u0430\u0448\u0435\u0439 \u0441\u043b\u0443\u0436\u0431\u044b \u0432 \u0424\u0438\u043d\u043b\u044f\u043d\u0434\u0438\u0438: +358 400 514 374. \u0422\u0435\u043b\u0435\u0444\u043e\u043d \u0434\u043b\u044f \u043a\u043b\u0438\u0435\u043d\u0442\u043e\u0432 \u0432 \u0441\u0442\u0440\u0430\u043d\u0430\u0445 \u0411\u0430\u043b\u0442\u0438\u0438: +372 50 63 005.<\/p>\n","protected":false},"excerpt":{"rendered":"<p>\u0414\u043e\u0437\u0430\u043f\u0440\u0430\u0432\u043a\u0430 \u0442\u043e\u043f\u043b\u0438\u0432\u043e\u043c \u0414\u043b\u044f \u043e\u0431\u043e\u0440\u0443\u0434\u043e\u0432\u0430\u043d\u0438\u044f \u0441 \u0434\u0432\u0438\u0433\u0430\u0442\u0435\u043b\u0435\u043c \u043c\u044b \u043f\u0440\u0435\u0434\u043e\u0441\u0442\u0430\u0432\u043b\u044f\u0435\u043c \u0443\u0441\u043b\u0443\u0433\u0438 \u0434\u043e\u0437\u0430\u043f\u0440\u0430\u0432\u043a\u0438 [&hellip;]<\/p>\n","protected":false},"author":1,"featured_media":816,"parent":762,"menu_order":0,"comment_status":"closed","ping_status":"closed","template":"palvelut.php","meta":{"footnotes":""},"class_list":["post-665","page","type-page","status-publish","has-post-thumbnail","hentry"],"yoast_head":"<!-- This site is optimized with the Yoast SEO plugin v27.5 - https:\/\/yoast.com\/product\/yoast-seo-wordpress\/ -->\n<title>\u0414\u043e\u0437\u0430\u043f\u0440\u0430\u0432\u043a\u0430 \u0442\u043e\u043f\u043b\u0438\u0432\u043e\u043c - Simeri Russia<\/title>\n<meta name=\"description\" content=\"Tankkauspalvelu: Ty\u00f6mailla on k\u00e4yt\u00f6ss\u00e4 monia polttomoottorilla toimivia laitteita, meilt\u00e4 saat tankkauksen mille tahansa laitteelle suoraan sen k\u00e4ytt\u00f6paikalla.\" \/>\n<meta name=\"robots\" content=\"index, follow, max-snippet:-1, max-image-preview:large, max-video-preview:-1\" \/>\n<link rel=\"canonical\" href=\"https:\/\/simeri.ee\/ru\/c\u0435\u0440\u0432\u0438\u0441\u044b\/\u0443\u0441\u043b\u0443\u0433\u0438-\u043d\u0430-\u0441\u0442\u0440\u043e\u0438\u0442\u0435\u043b\u044c\u043d\u044b\u0445-\u043e\u0431\u044a\u0435\u043a\u0442\u0430\u0445\/\u0434\u043e\u0437\u0430\u043f\u0440\u0430\u0432\u043a\u0430-\u0442\u043e\u043f\u043b\u0438\u0432\u043e\u043c\/\" \/>\n<meta property=\"og:locale\" content=\"fi_FI\" \/>\n<meta property=\"og:type\" content=\"article\" \/>\n<meta property=\"og:title\" content=\"\u0414\u043e\u0437\u0430\u043f\u0440\u0430\u0432\u043a\u0430 \u0442\u043e\u043f\u043b\u0438\u0432\u043e\u043c - Simeri Russia\" \/>\n<meta property=\"og:description\" content=\"Tankkauspalvelu: Ty\u00f6mailla on k\u00e4yt\u00f6ss\u00e4 monia polttomoottorilla toimivia laitteita, meilt\u00e4 saat tankkauksen mille tahansa laitteelle suoraan sen k\u00e4ytt\u00f6paikalla.\" \/>\n<meta property=\"og:url\" content=\"https:\/\/simeri.ee\/ru\/c\u0435\u0440\u0432\u0438\u0441\u044b\/\u0443\u0441\u043b\u0443\u0433\u0438-\u043d\u0430-\u0441\u0442\u0440\u043e\u0438\u0442\u0435\u043b\u044c\u043d\u044b\u0445-\u043e\u0431\u044a\u0435\u043a\u0442\u0430\u0445\/\u0434\u043e\u0437\u0430\u043f\u0440\u0430\u0432\u043a\u0430-\u0442\u043e\u043f\u043b\u0438\u0432\u043e\u043c\/\" \/>\n<meta property=\"og:site_name\" content=\"Simeri Russia\" \/>\n<meta property=\"og:image\" content=\"https:\/\/simeri.ee\/ru\/wp-content\/uploads\/sites\/2\/2015\/04\/IMG_0896.jpg\" \/>\n\t<meta property=\"og:image:width\" content=\"640\" \/>\n\t<meta property=\"og:image:height\" content=\"480\" \/>\n\t<meta property=\"og:image:type\" content=\"image\/jpeg\" \/>\n<meta name=\"twitter:card\" content=\"summary_large_image\" \/>\n<script type=\"application\/ld+json\" class=\"yoast-schema-graph\">{\"@context\":\"https:\\\/\\\/schema.org\",\"@graph\":[{\"@type\":\"WebPage\",\"@id\":\"https:\\\/\\\/simeri.ee\\\/ru\\\/c%d0%b5%d1%80%d0%b2%d0%b8%d1%81%d1%8b\\\/%d1%83%d1%81%d0%bb%d1%83%d0%b3%d0%b8-%d0%bd%d0%b0-%d1%81%d1%82%d1%80%d0%be%d0%b8%d1%82%d0%b5%d0%bb%d1%8c%d0%bd%d1%8b%d1%85-%d0%be%d0%b1%d1%8a%d0%b5%d0%ba%d1%82%d0%b0%d1%85\\\/%d0%b4%d0%be%d0%b7%d0%b0%d0%bf%d1%80%d0%b0%d0%b2%d0%ba%d0%b0-%d1%82%d0%be%d0%bf%d0%bb%d0%b8%d0%b2%d0%be%d0%bc\\\/\",\"url\":\"https:\\\/\\\/simeri.ee\\\/ru\\\/c%d0%b5%d1%80%d0%b2%d0%b8%d1%81%d1%8b\\\/%d1%83%d1%81%d0%bb%d1%83%d0%b3%d0%b8-%d0%bd%d0%b0-%d1%81%d1%82%d1%80%d0%be%d0%b8%d1%82%d0%b5%d0%bb%d1%8c%d0%bd%d1%8b%d1%85-%d0%be%d0%b1%d1%8a%d0%b5%d0%ba%d1%82%d0%b0%d1%85\\\/%d0%b4%d0%be%d0%b7%d0%b0%d0%bf%d1%80%d0%b0%d0%b2%d0%ba%d0%b0-%d1%82%d0%be%d0%bf%d0%bb%d0%b8%d0%b2%d0%be%d0%bc\\\/\",\"name\":\"\u0414\u043e\u0437\u0430\u043f\u0440\u0430\u0432\u043a\u0430 \u0442\u043e\u043f\u043b\u0438\u0432\u043e\u043c - Simeri Russia\",\"isPartOf\":{\"@id\":\"https:\\\/\\\/simeri.ee\\\/ru\\\/#website\"},\"primaryImageOfPage\":{\"@id\":\"https:\\\/\\\/simeri.ee\\\/ru\\\/c%d0%b5%d1%80%d0%b2%d0%b8%d1%81%d1%8b\\\/%d1%83%d1%81%d0%bb%d1%83%d0%b3%d0%b8-%d0%bd%d0%b0-%d1%81%d1%82%d1%80%d0%be%d0%b8%d1%82%d0%b5%d0%bb%d1%8c%d0%bd%d1%8b%d1%85-%d0%be%d0%b1%d1%8a%d0%b5%d0%ba%d1%82%d0%b0%d1%85\\\/%d0%b4%d0%be%d0%b7%d0%b0%d0%bf%d1%80%d0%b0%d0%b2%d0%ba%d0%b0-%d1%82%d0%be%d0%bf%d0%bb%d0%b8%d0%b2%d0%be%d0%bc\\\/#primaryimage\"},\"image\":{\"@id\":\"https:\\\/\\\/simeri.ee\\\/ru\\\/c%d0%b5%d1%80%d0%b2%d0%b8%d1%81%d1%8b\\\/%d1%83%d1%81%d0%bb%d1%83%d0%b3%d0%b8-%d0%bd%d0%b0-%d1%81%d1%82%d1%80%d0%be%d0%b8%d1%82%d0%b5%d0%bb%d1%8c%d0%bd%d1%8b%d1%85-%d0%be%d0%b1%d1%8a%d0%b5%d0%ba%d1%82%d0%b0%d1%85\\\/%d0%b4%d0%be%d0%b7%d0%b0%d0%bf%d1%80%d0%b0%d0%b2%d0%ba%d0%b0-%d1%82%d0%be%d0%bf%d0%bb%d0%b8%d0%b2%d0%be%d0%bc\\\/#primaryimage\"},\"thumbnailUrl\":\"https:\\\/\\\/simeri.ee\\\/ru\\\/wp-content\\\/uploads\\\/sites\\\/2\\\/2015\\\/04\\\/IMG_0896.jpg\",\"datePublished\":\"2015-04-16T08:41:24+00:00\",\"description\":\"Tankkauspalvelu: Ty\u00f6mailla on k\u00e4yt\u00f6ss\u00e4 monia polttomoottorilla toimivia laitteita, meilt\u00e4 saat tankkauksen mille tahansa laitteelle suoraan sen k\u00e4ytt\u00f6paikalla.\",\"breadcrumb\":{\"@id\":\"https:\\\/\\\/simeri.ee\\\/ru\\\/c%d0%b5%d1%80%d0%b2%d0%b8%d1%81%d1%8b\\\/%d1%83%d1%81%d0%bb%d1%83%d0%b3%d0%b8-%d0%bd%d0%b0-%d1%81%d1%82%d1%80%d0%be%d0%b8%d1%82%d0%b5%d0%bb%d1%8c%d0%bd%d1%8b%d1%85-%d0%be%d0%b1%d1%8a%d0%b5%d0%ba%d1%82%d0%b0%d1%85\\\/%d0%b4%d0%be%d0%b7%d0%b0%d0%bf%d1%80%d0%b0%d0%b2%d0%ba%d0%b0-%d1%82%d0%be%d0%bf%d0%bb%d0%b8%d0%b2%d0%be%d0%bc\\\/#breadcrumb\"},\"inLanguage\":\"fi\",\"potentialAction\":[{\"@type\":\"ReadAction\",\"target\":[\"https:\\\/\\\/simeri.ee\\\/ru\\\/c%d0%b5%d1%80%d0%b2%d0%b8%d1%81%d1%8b\\\/%d1%83%d1%81%d0%bb%d1%83%d0%b3%d0%b8-%d0%bd%d0%b0-%d1%81%d1%82%d1%80%d0%be%d0%b8%d1%82%d0%b5%d0%bb%d1%8c%d0%bd%d1%8b%d1%85-%d0%be%d0%b1%d1%8a%d0%b5%d0%ba%d1%82%d0%b0%d1%85\\\/%d0%b4%d0%be%d0%b7%d0%b0%d0%bf%d1%80%d0%b0%d0%b2%d0%ba%d0%b0-%d1%82%d0%be%d0%bf%d0%bb%d0%b8%d0%b2%d0%be%d0%bc\\\/\"]}]},{\"@type\":\"ImageObject\",\"inLanguage\":\"fi\",\"@id\":\"https:\\\/\\\/simeri.ee\\\/ru\\\/c%d0%b5%d1%80%d0%b2%d0%b8%d1%81%d1%8b\\\/%d1%83%d1%81%d0%bb%d1%83%d0%b3%d0%b8-%d0%bd%d0%b0-%d1%81%d1%82%d1%80%d0%be%d0%b8%d1%82%d0%b5%d0%bb%d1%8c%d0%bd%d1%8b%d1%85-%d0%be%d0%b1%d1%8a%d0%b5%d0%ba%d1%82%d0%b0%d1%85\\\/%d0%b4%d0%be%d0%b7%d0%b0%d0%bf%d1%80%d0%b0%d0%b2%d0%ba%d0%b0-%d1%82%d0%be%d0%bf%d0%bb%d0%b8%d0%b2%d0%be%d0%bc\\\/#primaryimage\",\"url\":\"https:\\\/\\\/simeri.ee\\\/ru\\\/wp-content\\\/uploads\\\/sites\\\/2\\\/2015\\\/04\\\/IMG_0896.jpg\",\"contentUrl\":\"https:\\\/\\\/simeri.ee\\\/ru\\\/wp-content\\\/uploads\\\/sites\\\/2\\\/2015\\\/04\\\/IMG_0896.jpg\",\"width\":640,\"height\":480},{\"@type\":\"BreadcrumbList\",\"@id\":\"https:\\\/\\\/simeri.ee\\\/ru\\\/c%d0%b5%d1%80%d0%b2%d0%b8%d1%81%d1%8b\\\/%d1%83%d1%81%d0%bb%d1%83%d0%b3%d0%b8-%d0%bd%d0%b0-%d1%81%d1%82%d1%80%d0%be%d0%b8%d1%82%d0%b5%d0%bb%d1%8c%d0%bd%d1%8b%d1%85-%d0%be%d0%b1%d1%8a%d0%b5%d0%ba%d1%82%d0%b0%d1%85\\\/%d0%b4%d0%be%d0%b7%d0%b0%d0%bf%d1%80%d0%b0%d0%b2%d0%ba%d0%b0-%d1%82%d0%be%d0%bf%d0%bb%d0%b8%d0%b2%d0%be%d0%bc\\\/#breadcrumb\",\"itemListElement\":[{\"@type\":\"ListItem\",\"position\":1,\"name\":\"Etusivu\",\"item\":\"https:\\\/\\\/simeri.ee\\\/ru\\\/\"},{\"@type\":\"ListItem\",\"position\":2,\"name\":\"\u0421\u0435\u0440\u0432\u0438\u0441\u044b\",\"item\":\"https:\\\/\\\/simeri.ee\\\/ru\\\/c%d0%b5%d1%80%d0%b2%d0%b8%d1%81%d1%8b\\\/\"},{\"@type\":\"ListItem\",\"position\":3,\"name\":\"\u0443\u0441\u043b\u0443\u0433\u0438 \u043d\u0430 \u0441\u0442\u0440\u043e\u0438\u0442\u0435\u043b\u044c\u043d\u044b\u0445 \u043e\u0431\u044a\u0435\u043a\u0442\u0430\u0445\",\"item\":\"https:\\\/\\\/simeri.ee\\\/ru\\\/c%d0%b5%d1%80%d0%b2%d0%b8%d1%81%d1%8b\\\/%d1%83%d1%81%d0%bb%d1%83%d0%b3%d0%b8-%d0%bd%d0%b0-%d1%81%d1%82%d1%80%d0%be%d0%b8%d1%82%d0%b5%d0%bb%d1%8c%d0%bd%d1%8b%d1%85-%d0%be%d0%b1%d1%8a%d0%b5%d0%ba%d1%82%d0%b0%d1%85\\\/\"},{\"@type\":\"ListItem\",\"position\":4,\"name\":\"\u0414\u043e\u0437\u0430\u043f\u0440\u0430\u0432\u043a\u0430 \u0442\u043e\u043f\u043b\u0438\u0432\u043e\u043c\"}]},{\"@type\":\"WebSite\",\"@id\":\"https:\\\/\\\/simeri.ee\\\/ru\\\/#website\",\"url\":\"https:\\\/\\\/simeri.ee\\\/ru\\\/\",\"name\":\"Simeri Russia\",\"description\":\"Uusi Simeri-sivustot -sivusto\",\"potentialAction\":[{\"@type\":\"SearchAction\",\"target\":{\"@type\":\"EntryPoint\",\"urlTemplate\":\"https:\\\/\\\/simeri.ee\\\/ru\\\/?s={search_term_string}\"},\"query-input\":{\"@type\":\"PropertyValueSpecification\",\"valueRequired\":true,\"valueName\":\"search_term_string\"}}],\"inLanguage\":\"fi\"}]}<\/script>\n<!-- \/ Yoast SEO plugin. -->","yoast_head_json":{"title":"\u0414\u043e\u0437\u0430\u043f\u0440\u0430\u0432\u043a\u0430 \u0442\u043e\u043f\u043b\u0438\u0432\u043e\u043c - Simeri Russia","description":"Tankkauspalvelu: Ty\u00f6mailla on k\u00e4yt\u00f6ss\u00e4 monia polttomoottorilla toimivia laitteita, meilt\u00e4 saat tankkauksen mille tahansa laitteelle suoraan sen k\u00e4ytt\u00f6paikalla.","robots":{"index":"index","follow":"follow","max-snippet":"max-snippet:-1","max-image-preview":"max-image-preview:large","max-video-preview":"max-video-preview:-1"},"canonical":"https:\/\/simeri.ee\/ru\/c\u0435\u0440\u0432\u0438\u0441\u044b\/\u0443\u0441\u043b\u0443\u0433\u0438-\u043d\u0430-\u0441\u0442\u0440\u043e\u0438\u0442\u0435\u043b\u044c\u043d\u044b\u0445-\u043e\u0431\u044a\u0435\u043a\u0442\u0430\u0445\/\u0434\u043e\u0437\u0430\u043f\u0440\u0430\u0432\u043a\u0430-\u0442\u043e\u043f\u043b\u0438\u0432\u043e\u043c\/","og_locale":"fi_FI","og_type":"article","og_title":"\u0414\u043e\u0437\u0430\u043f\u0440\u0430\u0432\u043a\u0430 \u0442\u043e\u043f\u043b\u0438\u0432\u043e\u043c - Simeri Russia","og_description":"Tankkauspalvelu: Ty\u00f6mailla on k\u00e4yt\u00f6ss\u00e4 monia polttomoottorilla toimivia laitteita, meilt\u00e4 saat tankkauksen mille tahansa laitteelle suoraan sen k\u00e4ytt\u00f6paikalla.","og_url":"https:\/\/simeri.ee\/ru\/c\u0435\u0440\u0432\u0438\u0441\u044b\/\u0443\u0441\u043b\u0443\u0433\u0438-\u043d\u0430-\u0441\u0442\u0440\u043e\u0438\u0442\u0435\u043b\u044c\u043d\u044b\u0445-\u043e\u0431\u044a\u0435\u043a\u0442\u0430\u0445\/\u0434\u043e\u0437\u0430\u043f\u0440\u0430\u0432\u043a\u0430-\u0442\u043e\u043f\u043b\u0438\u0432\u043e\u043c\/","og_site_name":"Simeri Russia","og_image":[{"width":640,"height":480,"url":"https:\/\/simeri.ee\/ru\/wp-content\/uploads\/sites\/2\/2015\/04\/IMG_0896.jpg","type":"image\/jpeg"}],"twitter_card":"summary_large_image","schema":{"@context":"https:\/\/schema.org","@graph":[{"@type":"WebPage","@id":"https:\/\/simeri.ee\/ru\/c%d0%b5%d1%80%d0%b2%d0%b8%d1%81%d1%8b\/%d1%83%d1%81%d0%bb%d1%83%d0%b3%d0%b8-%d0%bd%d0%b0-%d1%81%d1%82%d1%80%d0%be%d0%b8%d1%82%d0%b5%d0%bb%d1%8c%d0%bd%d1%8b%d1%85-%d0%be%d0%b1%d1%8a%d0%b5%d0%ba%d1%82%d0%b0%d1%85\/%d0%b4%d0%be%d0%b7%d0%b0%d0%bf%d1%80%d0%b0%d0%b2%d0%ba%d0%b0-%d1%82%d0%be%d0%bf%d0%bb%d0%b8%d0%b2%d0%be%d0%bc\/","url":"https:\/\/simeri.ee\/ru\/c%d0%b5%d1%80%d0%b2%d0%b8%d1%81%d1%8b\/%d1%83%d1%81%d0%bb%d1%83%d0%b3%d0%b8-%d0%bd%d0%b0-%d1%81%d1%82%d1%80%d0%be%d0%b8%d1%82%d0%b5%d0%bb%d1%8c%d0%bd%d1%8b%d1%85-%d0%be%d0%b1%d1%8a%d0%b5%d0%ba%d1%82%d0%b0%d1%85\/%d0%b4%d0%be%d0%b7%d0%b0%d0%bf%d1%80%d0%b0%d0%b2%d0%ba%d0%b0-%d1%82%d0%be%d0%bf%d0%bb%d0%b8%d0%b2%d0%be%d0%bc\/","name":"\u0414\u043e\u0437\u0430\u043f\u0440\u0430\u0432\u043a\u0430 \u0442\u043e\u043f\u043b\u0438\u0432\u043e\u043c - Simeri Russia","isPartOf":{"@id":"https:\/\/simeri.ee\/ru\/#website"},"primaryImageOfPage":{"@id":"https:\/\/simeri.ee\/ru\/c%d0%b5%d1%80%d0%b2%d0%b8%d1%81%d1%8b\/%d1%83%d1%81%d0%bb%d1%83%d0%b3%d0%b8-%d0%bd%d0%b0-%d1%81%d1%82%d1%80%d0%be%d0%b8%d1%82%d0%b5%d0%bb%d1%8c%d0%bd%d1%8b%d1%85-%d0%be%d0%b1%d1%8a%d0%b5%d0%ba%d1%82%d0%b0%d1%85\/%d0%b4%d0%be%d0%b7%d0%b0%d0%bf%d1%80%d0%b0%d0%b2%d0%ba%d0%b0-%d1%82%d0%be%d0%bf%d0%bb%d0%b8%d0%b2%d0%be%d0%bc\/#primaryimage"},"image":{"@id":"https:\/\/simeri.ee\/ru\/c%d0%b5%d1%80%d0%b2%d0%b8%d1%81%d1%8b\/%d1%83%d1%81%d0%bb%d1%83%d0%b3%d0%b8-%d0%bd%d0%b0-%d1%81%d1%82%d1%80%d0%be%d0%b8%d1%82%d0%b5%d0%bb%d1%8c%d0%bd%d1%8b%d1%85-%d0%be%d0%b1%d1%8a%d0%b5%d0%ba%d1%82%d0%b0%d1%85\/%d0%b4%d0%be%d0%b7%d0%b0%d0%bf%d1%80%d0%b0%d0%b2%d0%ba%d0%b0-%d1%82%d0%be%d0%bf%d0%bb%d0%b8%d0%b2%d0%be%d0%bc\/#primaryimage"},"thumbnailUrl":"https:\/\/simeri.ee\/ru\/wp-content\/uploads\/sites\/2\/2015\/04\/IMG_0896.jpg","datePublished":"2015-04-16T08:41:24+00:00","description":"Tankkauspalvelu: Ty\u00f6mailla on k\u00e4yt\u00f6ss\u00e4 monia polttomoottorilla toimivia laitteita, meilt\u00e4 saat tankkauksen mille tahansa laitteelle suoraan sen k\u00e4ytt\u00f6paikalla.","breadcrumb":{"@id":"https:\/\/simeri.ee\/ru\/c%d0%b5%d1%80%d0%b2%d0%b8%d1%81%d1%8b\/%d1%83%d1%81%d0%bb%d1%83%d0%b3%d0%b8-%d0%bd%d0%b0-%d1%81%d1%82%d1%80%d0%be%d0%b8%d1%82%d0%b5%d0%bb%d1%8c%d0%bd%d1%8b%d1%85-%d0%be%d0%b1%d1%8a%d0%b5%d0%ba%d1%82%d0%b0%d1%85\/%d0%b4%d0%be%d0%b7%d0%b0%d0%bf%d1%80%d0%b0%d0%b2%d0%ba%d0%b0-%d1%82%d0%be%d0%bf%d0%bb%d0%b8%d0%b2%d0%be%d0%bc\/#breadcrumb"},"inLanguage":"fi","potentialAction":[{"@type":"ReadAction","target":["https:\/\/simeri.ee\/ru\/c%d0%b5%d1%80%d0%b2%d0%b8%d1%81%d1%8b\/%d1%83%d1%81%d0%bb%d1%83%d0%b3%d0%b8-%d0%bd%d0%b0-%d1%81%d1%82%d1%80%d0%be%d0%b8%d1%82%d0%b5%d0%bb%d1%8c%d0%bd%d1%8b%d1%85-%d0%be%d0%b1%d1%8a%d0%b5%d0%ba%d1%82%d0%b0%d1%85\/%d0%b4%d0%be%d0%b7%d0%b0%d0%bf%d1%80%d0%b0%d0%b2%d0%ba%d0%b0-%d1%82%d0%be%d0%bf%d0%bb%d0%b8%d0%b2%d0%be%d0%bc\/"]}]},{"@type":"ImageObject","inLanguage":"fi","@id":"https:\/\/simeri.ee\/ru\/c%d0%b5%d1%80%d0%b2%d0%b8%d1%81%d1%8b\/%d1%83%d1%81%d0%bb%d1%83%d0%b3%d0%b8-%d0%bd%d0%b0-%d1%81%d1%82%d1%80%d0%be%d0%b8%d1%82%d0%b5%d0%bb%d1%8c%d0%bd%d1%8b%d1%85-%d0%be%d0%b1%d1%8a%d0%b5%d0%ba%d1%82%d0%b0%d1%85\/%d0%b4%d0%be%d0%b7%d0%b0%d0%bf%d1%80%d0%b0%d0%b2%d0%ba%d0%b0-%d1%82%d0%be%d0%bf%d0%bb%d0%b8%d0%b2%d0%be%d0%bc\/#primaryimage","url":"https:\/\/simeri.ee\/ru\/wp-content\/uploads\/sites\/2\/2015\/04\/IMG_0896.jpg","contentUrl":"https:\/\/simeri.ee\/ru\/wp-content\/uploads\/sites\/2\/2015\/04\/IMG_0896.jpg","width":640,"height":480},{"@type":"BreadcrumbList","@id":"https:\/\/simeri.ee\/ru\/c%d0%b5%d1%80%d0%b2%d0%b8%d1%81%d1%8b\/%d1%83%d1%81%d0%bb%d1%83%d0%b3%d0%b8-%d0%bd%d0%b0-%d1%81%d1%82%d1%80%d0%be%d0%b8%d1%82%d0%b5%d0%bb%d1%8c%d0%bd%d1%8b%d1%85-%d0%be%d0%b1%d1%8a%d0%b5%d0%ba%d1%82%d0%b0%d1%85\/%d0%b4%d0%be%d0%b7%d0%b0%d0%bf%d1%80%d0%b0%d0%b2%d0%ba%d0%b0-%d1%82%d0%be%d0%bf%d0%bb%d0%b8%d0%b2%d0%be%d0%bc\/#breadcrumb","itemListElement":[{"@type":"ListItem","position":1,"name":"Etusivu","item":"https:\/\/simeri.ee\/ru\/"},{"@type":"ListItem","position":2,"name":"\u0421\u0435\u0440\u0432\u0438\u0441\u044b","item":"https:\/\/simeri.ee\/ru\/c%d0%b5%d1%80%d0%b2%d0%b8%d1%81%d1%8b\/"},{"@type":"ListItem","position":3,"name":"\u0443\u0441\u043b\u0443\u0433\u0438 \u043d\u0430 \u0441\u0442\u0440\u043e\u0438\u0442\u0435\u043b\u044c\u043d\u044b\u0445 \u043e\u0431\u044a\u0435\u043a\u0442\u0430\u0445","item":"https:\/\/simeri.ee\/ru\/c%d0%b5%d1%80%d0%b2%d0%b8%d1%81%d1%8b\/%d1%83%d1%81%d0%bb%d1%83%d0%b3%d0%b8-%d0%bd%d0%b0-%d1%81%d1%82%d1%80%d0%be%d0%b8%d1%82%d0%b5%d0%bb%d1%8c%d0%bd%d1%8b%d1%85-%d0%be%d0%b1%d1%8a%d0%b5%d0%ba%d1%82%d0%b0%d1%85\/"},{"@type":"ListItem","position":4,"name":"\u0414\u043e\u0437\u0430\u043f\u0440\u0430\u0432\u043a\u0430 \u0442\u043e\u043f\u043b\u0438\u0432\u043e\u043c"}]},{"@type":"WebSite","@id":"https:\/\/simeri.ee\/ru\/#website","url":"https:\/\/simeri.ee\/ru\/","name":"Simeri Russia","description":"Uusi Simeri-sivustot -sivusto","potentialAction":[{"@type":"SearchAction","target":{"@type":"EntryPoint","urlTemplate":"https:\/\/simeri.ee\/ru\/?s={search_term_string}"},"query-input":{"@type":"PropertyValueSpecification","valueRequired":true,"valueName":"search_term_string"}}],"inLanguage":"fi"}]}},"_links":{"self":[{"href":"https:\/\/simeri.ee\/ru\/wp-json\/wp\/v2\/pages\/665","targetHints":{"allow":["GET"]}}],"collection":[{"href":"https:\/\/simeri.ee\/ru\/wp-json\/wp\/v2\/pages"}],"about":[{"href":"https:\/\/simeri.ee\/ru\/wp-json\/wp\/v2\/types\/page"}],"author":[{"embeddable":true,"href":"https:\/\/simeri.ee\/ru\/wp-json\/wp\/v2\/users\/1"}],"replies":[{"embeddable":true,"href":"https:\/\/simeri.ee\/ru\/wp-json\/wp\/v2\/comments?post=665"}],"version-history":[{"count":0,"href":"https:\/\/simeri.ee\/ru\/wp-json\/wp\/v2\/pages\/665\/revisions"}],"up":[{"embeddable":true,"href":"https:\/\/simeri.ee\/ru\/wp-json\/wp\/v2\/pages\/762"}],"wp:featuredmedia":[{"embeddable":true,"href":"https:\/\/simeri.ee\/ru\/wp-json\/wp\/v2\/media\/816"}],"wp:attachment":[{"href":"https:\/\/simeri.ee\/ru\/wp-json\/wp\/v2\/media?parent=665"}],"curies":[{"name":"wp","href":"https:\/\/api.w.org\/{rel}","templated":true}]}}