{"id":7,"date":"2014-02-24T20:40:38","date_gmt":"2014-02-24T18:40:38","guid":{"rendered":"http:\/\/teppokuittinen.com\/accounts\/simeri\/?page_id=7"},"modified":"2020-11-20T09:30:34","modified_gmt":"2020-11-20T07:30:34","slug":"simeri","status":"publish","type":"page","link":"https:\/\/simeri.ee\/ru\/","title":{"rendered":"Simeri"},"content":{"rendered":"<div class=\"row\">\n<div class=\"content-spacer-fp\"><\/div>\n<div class=\"three columns fa-space\">\n<h4><a href=\"https:\/\/simeri.ee\/ru\/%d1%82%d0%b5%d1%85%d0%be%d1%81%d0%bc%d0%be%d1%82%d1%80%d1%8b-2\/\">\u0422\u0435\u0445\u043e\u0441\u043c\u043e\u0442\u0440\u044b<\/a><\/h4>\n<p>\u041e\u0431\u0435\u0441\u043f\u0435\u0447\u044c\u0442\u0435 \u0431\u0435\u0437\u043e\u043f\u0430\u0441\u043d\u043e\u0435 \u0438\u0441\u043f\u043e\u043b\u044c\u0437\u043e\u0432\u0430\u043d\u0438\u0435 \u0432\u0430\u0448\u0435\u0433\u043e \u043f\u043e\u0434\u044a\u0435\u043c\u043d\u0438\u043a\u0430 \u0438 \u0441\u0432\u043e\u0435\u0432\u0440\u0435\u043c\u0435\u043d\u043d\u043e\u0441\u0442\u044c \u0435\u0433\u043e \u043e\u0431\u044f\u0437\u0430\u0442\u0435\u043b\u044c\u043d\u044b\u0445 \u043f\u0440\u043e\u0432\u0435\u0440\u043e\u043a.<\/p>\n<\/div>\n<div class=\"three columns fa-space\">\n<h4><a href=\"https:\/\/simeri.ee\/ru\/%d1%82%d0%b5%d1%85%d0%bd%d0%b8%d1%87%d0%b5%d1%81%d0%ba%d0%be%d0%b5-%d0%be%d0%b1%d1%81%d0%bb%d1%83%d0%b6%d0%b8%d0%b2%d0%b0%d0%bd%d0%b8%d0%b5\/\">\u0422\u0435\u0445\u043d\u0438\u0447\u0435\u0441\u043a\u043e\u0435 \u043e\u0431\u0441\u043b\u0443\u0436\u0438\u0432\u0430\u043d\u0438\u0435<\/a><\/h4>\n<p>\u0420\u0435\u0433\u0443\u043b\u044f\u0440\u043d\u043e\u0435 \u0442\u0435\u0445\u043d\u0438\u0447\u0435\u0441\u043a\u043e\u0435 \u043e\u0431\u0441\u043b\u0443\u0436\u0438\u0432\u0430\u043d\u0438\u0435 \u043f\u0440\u043e\u0434\u043b\u0435\u0432\u0430\u0435\u0442 \u0441\u0440\u043e\u043a \u0441\u043b\u0443\u0436\u0431\u044b \u0432\u0430\u0448\u0435\u0439 \u043c\u0430\u0448\u0438\u043d\u044b \u0438 \u043f\u043e\u0432\u044b\u0448\u0430\u0435\u0442 \u0443\u0440\u043e\u0432\u0435\u043d\u044c \u0435\u0435 \u043d\u0430\u0434\u0435\u0436\u043d\u043e\u0441\u0442\u0438.<\/p>\n<\/div>\n<div class=\"three columns fa-space\">\n<h4><a href=\"https:\/\/simeri.ee\/ru\/%d0%bf%d1%80%d0%be%d0%b4%d1%83%d0%ba%d1%86%d0%b8%d1%8f\/%d0%b7%d0%b0%d0%bf%d0%b0%d1%81%d0%bd%d1%8b%d0%b5-%d1%87%d0%b0%d1%81%d1%82%d0%b8\/\">\u0417\u0430\u043f\u0430\u0441\u043d\u044b\u0435 \u0447\u0430\u0441\u0442\u0438<\/a><\/h4>\n<p>\u0414\u043b\u044f \u0431\u044b\u0441\u0442\u0440\u043e\u0433\u043e \u0432\u043e\u0441\u0441\u0442\u0430\u043d\u043e\u0432\u043b\u0435\u043d\u0438\u044f \u043f\u043e\u043b\u043d\u043e\u0433\u043e \u0440\u0430\u0431\u043e\u0447\u0435\u0433\u043e \u0441\u043e\u0441\u0442\u043e\u044f\u043d\u0438\u044f \u0432\u0430\u0448\u0435\u0433\u043e \u043f\u043e\u0434\u044a\u0435\u043c\u043d\u0438\u043a\u0430 \u0432\u043e\u0441\u043f\u043e\u043b\u044c\u0437\u0443\u0439\u0442\u0435\u0441\u044c \u043d\u0430\u0448\u0435\u0439 \u043c\u043e\u043b\u043d\u0438\u0435\u043d\u043e\u0441\u043d\u043e\u0439 \u0434\u043e\u0441\u0442\u0430\u0432\u043a\u043e\u0439 \u0437\u0430\u043f\u0430\u0441\u043d\u044b\u0445 \u0447\u0430\u0441\u0442\u0435\u0439.<\/p>\n<\/div>\n<div class=\"three columns fa-space\">\n<h4><a href=\"http:\/\/simeri.ee\/ru\/c\u0435\u0440\u0432\u0438\u0441\u044b\">\u041f\u0440\u043e\u0434\u0430\u0436\u0438<\/a><\/h4>\n<p>\u041d\u0430\u0448\u0430 \u0432\u044b\u0441\u043e\u043a\u043e\u043a\u0430\u0447\u0435\u0441\u0442\u0432\u0435\u043d\u043d\u0430\u044f \u043f\u0440\u043e\u0434\u0443\u043a\u0446\u0438\u044f \u0434\u0435\u043b\u0430\u0435\u0442 \u0440\u0430\u0431\u043e\u0442\u0443 \u0431\u0435\u0437\u043e\u043f\u0430\u0441\u043d\u043e\u0439 \u0438 \u043f\u0440\u043e\u0441\u0442\u043e\u0439.<\/p>\n<\/div>\n<\/div>\n","protected":false},"excerpt":{"rendered":"<p>\u0422\u0435\u0445\u043e\u0441\u043c\u043e\u0442\u0440\u044b \u041e\u0431\u0435\u0441\u043f\u0435\u0447\u044c\u0442\u0435 \u0431\u0435\u0437\u043e\u043f\u0430\u0441\u043d\u043e\u0435 \u0438\u0441\u043f\u043e\u043b\u044c\u0437\u043e\u0432\u0430\u043d\u0438\u0435 \u0432\u0430\u0448\u0435\u0433\u043e \u043f\u043e\u0434\u044a\u0435\u043c\u043d\u0438\u043a\u0430 \u0438 \u0441\u0432\u043e\u0435\u0432\u0440\u0435\u043c\u0435\u043d\u043d\u043e\u0441\u0442\u044c \u0435\u0433\u043e \u043e\u0431\u044f\u0437\u0430\u0442\u0435\u043b\u044c\u043d\u044b\u0445 [&hellip;]<\/p>\n","protected":false},"author":1,"featured_media":530,"parent":0,"menu_order":0,"comment_status":"closed","ping_status":"closed","template":"frontpage-russian.php","meta":{"footnotes":""},"class_list":["post-7","page","type-page","status-publish","has-post-thumbnail","hentry"],"yoast_head":"<!-- This site is optimized with the Yoast SEO plugin v27.5 - https:\/\/yoast.com\/product\/yoast-seo-wordpress\/ -->\n<title>Henkil\u00f6nostin<\/title>\n<meta name=\"description\" content=\"Henkil\u00f6nostin: Simeri Oy on henkil\u00f6nostimiin keskittyv\u00e4 yritys. Ydintoimintaamme on tarkastuspalvelut, nostolaitteiden vianhaku, huolto, sek\u00e4 kunnossapito.\" \/>\n<meta name=\"robots\" content=\"index, follow, max-snippet:-1, max-image-preview:large, max-video-preview:-1\" \/>\n<link rel=\"canonical\" href=\"https:\/\/simeri.ee\/ru\/\" \/>\n<meta property=\"og:locale\" content=\"fi_FI\" \/>\n<meta property=\"og:type\" content=\"article\" \/>\n<meta property=\"og:title\" content=\"Henkil\u00f6nostin\" \/>\n<meta property=\"og:description\" content=\"Henkil\u00f6nostin: Simeri Oy on henkil\u00f6nostimiin keskittyv\u00e4 yritys. Ydintoimintaamme on tarkastuspalvelut, nostolaitteiden vianhaku, huolto, sek\u00e4 kunnossapito.\" \/>\n<meta property=\"og:url\" content=\"https:\/\/simeri.ee\/ru\/\" \/>\n<meta property=\"og:site_name\" content=\"Simeri Russia\" \/>\n<meta property=\"article:modified_time\" content=\"2020-11-20T07:30:34+00:00\" \/>\n<meta property=\"og:image\" content=\"https:\/\/simeri.ee\/ru\/wp-content\/uploads\/sites\/2\/2014\/02\/etusivu-1.jpg\" \/>\n\t<meta property=\"og:image:width\" content=\"1500\" \/>\n\t<meta property=\"og:image:height\" content=\"1000\" \/>\n\t<meta property=\"og:image:type\" content=\"image\/jpeg\" \/>\n<meta name=\"twitter:card\" content=\"summary_large_image\" \/>\n<script type=\"application\/ld+json\" class=\"yoast-schema-graph\">{\"@context\":\"https:\\\/\\\/schema.org\",\"@graph\":[{\"@type\":\"WebPage\",\"@id\":\"https:\\\/\\\/simeri.ee\\\/ru\\\/\",\"url\":\"https:\\\/\\\/simeri.ee\\\/ru\\\/\",\"name\":\"Henkil\u00f6nostin\",\"isPartOf\":{\"@id\":\"https:\\\/\\\/simeri.ee\\\/ru\\\/#website\"},\"primaryImageOfPage\":{\"@id\":\"https:\\\/\\\/simeri.ee\\\/ru\\\/#primaryimage\"},\"image\":{\"@id\":\"https:\\\/\\\/simeri.ee\\\/ru\\\/#primaryimage\"},\"thumbnailUrl\":\"https:\\\/\\\/simeri.ee\\\/ru\\\/wp-content\\\/uploads\\\/sites\\\/2\\\/2014\\\/02\\\/etusivu-1.jpg\",\"datePublished\":\"2014-02-24T18:40:38+00:00\",\"dateModified\":\"2020-11-20T07:30:34+00:00\",\"description\":\"Henkil\u00f6nostin: Simeri Oy on henkil\u00f6nostimiin keskittyv\u00e4 yritys. Ydintoimintaamme on tarkastuspalvelut, nostolaitteiden vianhaku, huolto, sek\u00e4 kunnossapito.\",\"breadcrumb\":{\"@id\":\"https:\\\/\\\/simeri.ee\\\/ru\\\/#breadcrumb\"},\"inLanguage\":\"fi\",\"potentialAction\":[{\"@type\":\"ReadAction\",\"target\":[\"https:\\\/\\\/simeri.ee\\\/ru\\\/\"]}]},{\"@type\":\"ImageObject\",\"inLanguage\":\"fi\",\"@id\":\"https:\\\/\\\/simeri.ee\\\/ru\\\/#primaryimage\",\"url\":\"https:\\\/\\\/simeri.ee\\\/ru\\\/wp-content\\\/uploads\\\/sites\\\/2\\\/2014\\\/02\\\/etusivu-1.jpg\",\"contentUrl\":\"https:\\\/\\\/simeri.ee\\\/ru\\\/wp-content\\\/uploads\\\/sites\\\/2\\\/2014\\\/02\\\/etusivu-1.jpg\",\"width\":1500,\"height\":1000},{\"@type\":\"BreadcrumbList\",\"@id\":\"https:\\\/\\\/simeri.ee\\\/ru\\\/#breadcrumb\",\"itemListElement\":[{\"@type\":\"ListItem\",\"position\":1,\"name\":\"Etusivu\",\"item\":\"https:\\\/\\\/simeri.ee\\\/ru\\\/\"},{\"@type\":\"ListItem\",\"position\":2,\"name\":\"Simeri\"}]},{\"@type\":\"WebSite\",\"@id\":\"https:\\\/\\\/simeri.ee\\\/ru\\\/#website\",\"url\":\"https:\\\/\\\/simeri.ee\\\/ru\\\/\",\"name\":\"Simeri Russia\",\"description\":\"Uusi Simeri-sivustot -sivusto\",\"potentialAction\":[{\"@type\":\"SearchAction\",\"target\":{\"@type\":\"EntryPoint\",\"urlTemplate\":\"https:\\\/\\\/simeri.ee\\\/ru\\\/?s={search_term_string}\"},\"query-input\":{\"@type\":\"PropertyValueSpecification\",\"valueRequired\":true,\"valueName\":\"search_term_string\"}}],\"inLanguage\":\"fi\"}]}<\/script>\n<!-- \/ Yoast SEO plugin. -->","yoast_head_json":{"title":"Henkil\u00f6nostin","description":"Henkil\u00f6nostin: Simeri Oy on henkil\u00f6nostimiin keskittyv\u00e4 yritys. Ydintoimintaamme on tarkastuspalvelut, nostolaitteiden vianhaku, huolto, sek\u00e4 kunnossapito.","robots":{"index":"index","follow":"follow","max-snippet":"max-snippet:-1","max-image-preview":"max-image-preview:large","max-video-preview":"max-video-preview:-1"},"canonical":"https:\/\/simeri.ee\/ru\/","og_locale":"fi_FI","og_type":"article","og_title":"Henkil\u00f6nostin","og_description":"Henkil\u00f6nostin: Simeri Oy on henkil\u00f6nostimiin keskittyv\u00e4 yritys. Ydintoimintaamme on tarkastuspalvelut, nostolaitteiden vianhaku, huolto, sek\u00e4 kunnossapito.","og_url":"https:\/\/simeri.ee\/ru\/","og_site_name":"Simeri Russia","article_modified_time":"2020-11-20T07:30:34+00:00","og_image":[{"width":1500,"height":1000,"url":"https:\/\/simeri.ee\/ru\/wp-content\/uploads\/sites\/2\/2014\/02\/etusivu-1.jpg","type":"image\/jpeg"}],"twitter_card":"summary_large_image","schema":{"@context":"https:\/\/schema.org","@graph":[{"@type":"WebPage","@id":"https:\/\/simeri.ee\/ru\/","url":"https:\/\/simeri.ee\/ru\/","name":"Henkil\u00f6nostin","isPartOf":{"@id":"https:\/\/simeri.ee\/ru\/#website"},"primaryImageOfPage":{"@id":"https:\/\/simeri.ee\/ru\/#primaryimage"},"image":{"@id":"https:\/\/simeri.ee\/ru\/#primaryimage"},"thumbnailUrl":"https:\/\/simeri.ee\/ru\/wp-content\/uploads\/sites\/2\/2014\/02\/etusivu-1.jpg","datePublished":"2014-02-24T18:40:38+00:00","dateModified":"2020-11-20T07:30:34+00:00","description":"Henkil\u00f6nostin: Simeri Oy on henkil\u00f6nostimiin keskittyv\u00e4 yritys. Ydintoimintaamme on tarkastuspalvelut, nostolaitteiden vianhaku, huolto, sek\u00e4 kunnossapito.","breadcrumb":{"@id":"https:\/\/simeri.ee\/ru\/#breadcrumb"},"inLanguage":"fi","potentialAction":[{"@type":"ReadAction","target":["https:\/\/simeri.ee\/ru\/"]}]},{"@type":"ImageObject","inLanguage":"fi","@id":"https:\/\/simeri.ee\/ru\/#primaryimage","url":"https:\/\/simeri.ee\/ru\/wp-content\/uploads\/sites\/2\/2014\/02\/etusivu-1.jpg","contentUrl":"https:\/\/simeri.ee\/ru\/wp-content\/uploads\/sites\/2\/2014\/02\/etusivu-1.jpg","width":1500,"height":1000},{"@type":"BreadcrumbList","@id":"https:\/\/simeri.ee\/ru\/#breadcrumb","itemListElement":[{"@type":"ListItem","position":1,"name":"Etusivu","item":"https:\/\/simeri.ee\/ru\/"},{"@type":"ListItem","position":2,"name":"Simeri"}]},{"@type":"WebSite","@id":"https:\/\/simeri.ee\/ru\/#website","url":"https:\/\/simeri.ee\/ru\/","name":"Simeri Russia","description":"Uusi Simeri-sivustot -sivusto","potentialAction":[{"@type":"SearchAction","target":{"@type":"EntryPoint","urlTemplate":"https:\/\/simeri.ee\/ru\/?s={search_term_string}"},"query-input":{"@type":"PropertyValueSpecification","valueRequired":true,"valueName":"search_term_string"}}],"inLanguage":"fi"}]}},"_links":{"self":[{"href":"https:\/\/simeri.ee\/ru\/wp-json\/wp\/v2\/pages\/7","targetHints":{"allow":["GET"]}}],"collection":[{"href":"https:\/\/simeri.ee\/ru\/wp-json\/wp\/v2\/pages"}],"about":[{"href":"https:\/\/simeri.ee\/ru\/wp-json\/wp\/v2\/types\/page"}],"author":[{"embeddable":true,"href":"https:\/\/simeri.ee\/ru\/wp-json\/wp\/v2\/users\/1"}],"replies":[{"embeddable":true,"href":"https:\/\/simeri.ee\/ru\/wp-json\/wp\/v2\/comments?post=7"}],"version-history":[{"count":1,"href":"https:\/\/simeri.ee\/ru\/wp-json\/wp\/v2\/pages\/7\/revisions"}],"predecessor-version":[{"id":1698,"href":"https:\/\/simeri.ee\/ru\/wp-json\/wp\/v2\/pages\/7\/revisions\/1698"}],"wp:featuredmedia":[{"embeddable":true,"href":"https:\/\/simeri.ee\/ru\/wp-json\/wp\/v2\/media\/530"}],"wp:attachment":[{"href":"https:\/\/simeri.ee\/ru\/wp-json\/wp\/v2\/media?parent=7"}],"curies":[{"name":"wp","href":"https:\/\/api.w.org\/{rel}","templated":true}]}}