{"id":747,"date":"2015-04-28T13:29:06","date_gmt":"2015-04-28T10:29:06","guid":{"rendered":"http:\/\/demo.eccola.fi\/simerifi\/?page_id=747"},"modified":"2015-04-28T13:29:06","modified_gmt":"2015-04-28T10:29:06","slug":"%d1%82%d0%b5%d1%85%d0%be%d1%81%d0%bc%d0%be%d1%82%d1%80%d1%8b-%d0%bf%d0%be%d0%b3%d1%80%d1%83%d0%b7%d0%be%d1%87%d0%bd%d1%8b%d1%85-%d0%ba%d1%80%d0%b0%d0%bd%d0%be%d0%b2","status":"publish","type":"page","link":"https:\/\/simeri.ee\/ru\/c%d0%b5%d1%80%d0%b2%d0%b8%d1%81%d1%8b\/%d1%82%d0%b5%d1%85%d0%be%d1%81%d0%bc%d0%be%d1%82%d1%80%d1%8b-%d0%bf%d0%be%d0%b3%d1%80%d1%83%d0%b7%d0%be%d1%87%d0%bd%d1%8b%d1%85-%d0%ba%d1%80%d0%b0%d0%bd%d0%be%d0%b2\/","title":{"rendered":"\u0422\u0435\u0445\u043e\u0441\u043c\u043e\u0442\u0440\u044b \u043f\u043e\u0433\u0440\u0443\u0437\u043e\u0447\u043d\u044b\u0445 \u043a\u0440\u0430\u043d\u043e\u0432"},"content":{"rendered":"<p><strong>\u0422\u0435\u0445\u043e\u0441\u043c\u043e\u0442\u0440\u044b \u043f\u043e\u0433\u0440\u0443\u0437\u043e\u0447\u043d\u044b\u0445 \u043a\u0440\u0430\u043d\u043e\u0432<\/strong><\/p>\n<p>\u041c\u044b \u043f\u043e\u043f\u043e\u043b\u043d\u0438\u043b\u0438 \u0441\u0432\u043e\u0439 \u043f\u0435\u0440\u0441\u043e\u043d\u0430\u043b \u043d\u043e\u0432\u044b\u043c\u0438 \u043a\u0430\u0434\u0440\u0430\u043c\u0438 \u0438 \u0432\u043a\u043b\u044e\u0447\u0438\u043b\u0438 \u0432 \u0430\u0441\u0441\u043e\u0440\u0442\u0438\u043c\u0435\u043d\u0442 \u0443\u0441\u043b\u0443\u0433 \u0442\u0435\u0445\u043e\u0441\u043c\u043e\u0442\u0440\u044b \u043f\u043e\u0433\u0440\u0443\u0437\u043e\u0447\u043d\u044b\u0445 \u043a\u0440\u0430\u043d\u043e\u0432.<\/p>\n<p>\u041d\u0430\u0448\u0438 \u0441\u0435\u0440\u0442\u0438\u0444\u0438\u0446\u0438\u0440\u043e\u0432\u0430\u043d\u043d\u044b\u0435 \u0441\u043f\u0435\u0446\u0438\u0430\u043b\u0438\u0441\u0442\u044b \u043f\u0440\u043e\u0432\u043e\u0434\u044f\u0442 \u0440\u0435\u0433\u0443\u043b\u044f\u0440\u043d\u043e\u0435 \u0442\u0435\u0445\u043d\u0438\u0447\u0435\u0441\u043a\u043e\u0435 \u043e\u0431\u0441\u043b\u0443\u0436\u0438\u0432\u0430\u043d\u0438\u0435 \u0432 \u0443\u043a\u0430\u0437\u0430\u043d\u043d\u043e\u043c \u0432\u0430\u043c\u0438 \u043c\u0435\u0441\u0442\u0435.<\/p>\n<p>\u0412 \u043d\u0430\u0448\u0438\u0445 \u043f\u043e\u043c\u0435\u0449\u0435\u043d\u0438\u044f\u0445 \u0432 \u042d\u0441\u043f\u043e \u0438 \u0422\u0430\u043c\u043f\u0435\u0440\u0435 \u043f\u0440\u043e\u0432\u043e\u0434\u044f\u0442\u0441\u044f \u0442\u0435\u0445\u043e\u0441\u043c\u043e\u0442\u0440\u044b \u0434\u0435\u043c\u043e\u043d\u0442\u0438\u0440\u043e\u0432\u0430\u043d\u043d\u044b\u0445 \u043f\u043e\u0433\u0440\u0443\u0437\u043e\u0447\u043d\u044b\u0445 \u043a\u0440\u0430\u043d\u043e\u0432.<\/p>\n<p><a href=\"http:\/\/simeri.ee\/ru\/c%d0%b5%d1%80%d0%b2%d0%b8%d1%81%d1%8b\/%d1%82%d0%b5%d1%85%d0%be%d1%81%d0%bc%d0%be%d1%82%d1%80%d1%8b-%d0%bf%d0%be%d0%b3%d1%80%d1%83%d0%b7%d0%be%d1%87%d0%bd%d1%8b%d1%85-%d0%ba%d1%80%d0%b0%d0%bd%d0%be%d0%b2\/\">\u0423\u0437\u043d\u0430\u0442\u044c \u0441\u0442\u043e\u0438\u043c\u043e\u0441\u0442\u044c \u0442\u0435\u0445\u043e\u0441\u043c\u043e\u0442\u0440\u044b \u043a\u0440\u0430\u043d\u0430 \u00bb<\/a><\/p>\n","protected":false},"excerpt":{"rendered":"<p>\u0422\u0435\u0445\u043e\u0441\u043c\u043e\u0442\u0440\u044b \u043f\u043e\u0433\u0440\u0443\u0437\u043e\u0447\u043d\u044b\u0445 \u043a\u0440\u0430\u043d\u043e\u0432 \u041c\u044b \u043f\u043e\u043f\u043e\u043b\u043d\u0438\u043b\u0438 \u0441\u0432\u043e\u0439 \u043f\u0435\u0440\u0441\u043e\u043d\u0430\u043b \u043d\u043e\u0432\u044b\u043c\u0438 \u043a\u0430\u0434\u0440\u0430\u043c\u0438 \u0438 [&hellip;]<\/p>\n","protected":false},"author":1,"featured_media":781,"parent":42,"menu_order":0,"comment_status":"closed","ping_status":"closed","template":"palvelut.php","meta":{"footnotes":""},"class_list":["post-747","page","type-page","status-publish","has-post-thumbnail","hentry"],"yoast_head":"<!-- This site is optimized with the Yoast SEO plugin v27.5 - https:\/\/yoast.com\/product\/yoast-seo-wordpress\/ -->\n<title>\u0422\u0435\u0445\u043e\u0441\u043c\u043e\u0442\u0440\u044b \u043f\u043e\u0433\u0440\u0443\u0437\u043e\u0447\u043d\u044b\u0445 \u043a\u0440\u0430\u043d\u043e\u0432 - Simeri Russia<\/title>\n<meta name=\"description\" content=\"Kuormausnosturi tarkastukset: Sertifioitu henkil\u00f6kuntamme tekee kuormausnostureiden m\u00e4\u00e4r\u00e4aikaistarkastukset haluamassanne kohteessa.\" \/>\n<meta name=\"robots\" content=\"index, follow, max-snippet:-1, max-image-preview:large, max-video-preview:-1\" \/>\n<link rel=\"canonical\" href=\"https:\/\/simeri.ee\/ru\/c\u0435\u0440\u0432\u0438\u0441\u044b\/\u0442\u0435\u0445\u043e\u0441\u043c\u043e\u0442\u0440\u044b-\u043f\u043e\u0433\u0440\u0443\u0437\u043e\u0447\u043d\u044b\u0445-\u043a\u0440\u0430\u043d\u043e\u0432\/\" \/>\n<meta property=\"og:locale\" content=\"fi_FI\" \/>\n<meta property=\"og:type\" content=\"article\" \/>\n<meta property=\"og:title\" content=\"\u0422\u0435\u0445\u043e\u0441\u043c\u043e\u0442\u0440\u044b \u043f\u043e\u0433\u0440\u0443\u0437\u043e\u0447\u043d\u044b\u0445 \u043a\u0440\u0430\u043d\u043e\u0432 - Simeri Russia\" \/>\n<meta property=\"og:description\" content=\"Kuormausnosturi tarkastukset: Sertifioitu henkil\u00f6kuntamme tekee kuormausnostureiden m\u00e4\u00e4r\u00e4aikaistarkastukset haluamassanne kohteessa.\" \/>\n<meta property=\"og:url\" content=\"https:\/\/simeri.ee\/ru\/c\u0435\u0440\u0432\u0438\u0441\u044b\/\u0442\u0435\u0445\u043e\u0441\u043c\u043e\u0442\u0440\u044b-\u043f\u043e\u0433\u0440\u0443\u0437\u043e\u0447\u043d\u044b\u0445-\u043a\u0440\u0430\u043d\u043e\u0432\/\" \/>\n<meta property=\"og:site_name\" content=\"Simeri Russia\" \/>\n<meta property=\"og:image\" content=\"https:\/\/simeri.ee\/ru\/wp-content\/uploads\/sites\/2\/2015\/04\/kuormausnosturi.png\" \/>\n\t<meta property=\"og:image:width\" content=\"1093\" \/>\n\t<meta property=\"og:image:height\" content=\"370\" \/>\n\t<meta property=\"og:image:type\" content=\"image\/png\" \/>\n<meta name=\"twitter:card\" content=\"summary_large_image\" \/>\n<script type=\"application\/ld+json\" class=\"yoast-schema-graph\">{\"@context\":\"https:\\\/\\\/schema.org\",\"@graph\":[{\"@type\":\"WebPage\",\"@id\":\"https:\\\/\\\/simeri.ee\\\/ru\\\/c%d0%b5%d1%80%d0%b2%d0%b8%d1%81%d1%8b\\\/%d1%82%d0%b5%d1%85%d0%be%d1%81%d0%bc%d0%be%d1%82%d1%80%d1%8b-%d0%bf%d0%be%d0%b3%d1%80%d1%83%d0%b7%d0%be%d1%87%d0%bd%d1%8b%d1%85-%d0%ba%d1%80%d0%b0%d0%bd%d0%be%d0%b2\\\/\",\"url\":\"https:\\\/\\\/simeri.ee\\\/ru\\\/c%d0%b5%d1%80%d0%b2%d0%b8%d1%81%d1%8b\\\/%d1%82%d0%b5%d1%85%d0%be%d1%81%d0%bc%d0%be%d1%82%d1%80%d1%8b-%d0%bf%d0%be%d0%b3%d1%80%d1%83%d0%b7%d0%be%d1%87%d0%bd%d1%8b%d1%85-%d0%ba%d1%80%d0%b0%d0%bd%d0%be%d0%b2\\\/\",\"name\":\"\u0422\u0435\u0445\u043e\u0441\u043c\u043e\u0442\u0440\u044b \u043f\u043e\u0433\u0440\u0443\u0437\u043e\u0447\u043d\u044b\u0445 \u043a\u0440\u0430\u043d\u043e\u0432 - Simeri Russia\",\"isPartOf\":{\"@id\":\"https:\\\/\\\/simeri.ee\\\/ru\\\/#website\"},\"primaryImageOfPage\":{\"@id\":\"https:\\\/\\\/simeri.ee\\\/ru\\\/c%d0%b5%d1%80%d0%b2%d0%b8%d1%81%d1%8b\\\/%d1%82%d0%b5%d1%85%d0%be%d1%81%d0%bc%d0%be%d1%82%d1%80%d1%8b-%d0%bf%d0%be%d0%b3%d1%80%d1%83%d0%b7%d0%be%d1%87%d0%bd%d1%8b%d1%85-%d0%ba%d1%80%d0%b0%d0%bd%d0%be%d0%b2\\\/#primaryimage\"},\"image\":{\"@id\":\"https:\\\/\\\/simeri.ee\\\/ru\\\/c%d0%b5%d1%80%d0%b2%d0%b8%d1%81%d1%8b\\\/%d1%82%d0%b5%d1%85%d0%be%d1%81%d0%bc%d0%be%d1%82%d1%80%d1%8b-%d0%bf%d0%be%d0%b3%d1%80%d1%83%d0%b7%d0%be%d1%87%d0%bd%d1%8b%d1%85-%d0%ba%d1%80%d0%b0%d0%bd%d0%be%d0%b2\\\/#primaryimage\"},\"thumbnailUrl\":\"https:\\\/\\\/simeri.ee\\\/ru\\\/wp-content\\\/uploads\\\/sites\\\/2\\\/2015\\\/04\\\/kuormausnosturi.png\",\"datePublished\":\"2015-04-28T10:29:06+00:00\",\"description\":\"Kuormausnosturi tarkastukset: Sertifioitu henkil\u00f6kuntamme tekee kuormausnostureiden m\u00e4\u00e4r\u00e4aikaistarkastukset haluamassanne kohteessa.\",\"breadcrumb\":{\"@id\":\"https:\\\/\\\/simeri.ee\\\/ru\\\/c%d0%b5%d1%80%d0%b2%d0%b8%d1%81%d1%8b\\\/%d1%82%d0%b5%d1%85%d0%be%d1%81%d0%bc%d0%be%d1%82%d1%80%d1%8b-%d0%bf%d0%be%d0%b3%d1%80%d1%83%d0%b7%d0%be%d1%87%d0%bd%d1%8b%d1%85-%d0%ba%d1%80%d0%b0%d0%bd%d0%be%d0%b2\\\/#breadcrumb\"},\"inLanguage\":\"fi\",\"potentialAction\":[{\"@type\":\"ReadAction\",\"target\":[\"https:\\\/\\\/simeri.ee\\\/ru\\\/c%d0%b5%d1%80%d0%b2%d0%b8%d1%81%d1%8b\\\/%d1%82%d0%b5%d1%85%d0%be%d1%81%d0%bc%d0%be%d1%82%d1%80%d1%8b-%d0%bf%d0%be%d0%b3%d1%80%d1%83%d0%b7%d0%be%d1%87%d0%bd%d1%8b%d1%85-%d0%ba%d1%80%d0%b0%d0%bd%d0%be%d0%b2\\\/\"]}]},{\"@type\":\"ImageObject\",\"inLanguage\":\"fi\",\"@id\":\"https:\\\/\\\/simeri.ee\\\/ru\\\/c%d0%b5%d1%80%d0%b2%d0%b8%d1%81%d1%8b\\\/%d1%82%d0%b5%d1%85%d0%be%d1%81%d0%bc%d0%be%d1%82%d1%80%d1%8b-%d0%bf%d0%be%d0%b3%d1%80%d1%83%d0%b7%d0%be%d1%87%d0%bd%d1%8b%d1%85-%d0%ba%d1%80%d0%b0%d0%bd%d0%be%d0%b2\\\/#primaryimage\",\"url\":\"https:\\\/\\\/simeri.ee\\\/ru\\\/wp-content\\\/uploads\\\/sites\\\/2\\\/2015\\\/04\\\/kuormausnosturi.png\",\"contentUrl\":\"https:\\\/\\\/simeri.ee\\\/ru\\\/wp-content\\\/uploads\\\/sites\\\/2\\\/2015\\\/04\\\/kuormausnosturi.png\",\"width\":1093,\"height\":370},{\"@type\":\"BreadcrumbList\",\"@id\":\"https:\\\/\\\/simeri.ee\\\/ru\\\/c%d0%b5%d1%80%d0%b2%d0%b8%d1%81%d1%8b\\\/%d1%82%d0%b5%d1%85%d0%be%d1%81%d0%bc%d0%be%d1%82%d1%80%d1%8b-%d0%bf%d0%be%d0%b3%d1%80%d1%83%d0%b7%d0%be%d1%87%d0%bd%d1%8b%d1%85-%d0%ba%d1%80%d0%b0%d0%bd%d0%be%d0%b2\\\/#breadcrumb\",\"itemListElement\":[{\"@type\":\"ListItem\",\"position\":1,\"name\":\"Etusivu\",\"item\":\"https:\\\/\\\/simeri.ee\\\/ru\\\/\"},{\"@type\":\"ListItem\",\"position\":2,\"name\":\"\u0421\u0435\u0440\u0432\u0438\u0441\u044b\",\"item\":\"https:\\\/\\\/simeri.ee\\\/ru\\\/c%d0%b5%d1%80%d0%b2%d0%b8%d1%81%d1%8b\\\/\"},{\"@type\":\"ListItem\",\"position\":3,\"name\":\"\u0422\u0435\u0445\u043e\u0441\u043c\u043e\u0442\u0440\u044b \u043f\u043e\u0433\u0440\u0443\u0437\u043e\u0447\u043d\u044b\u0445 \u043a\u0440\u0430\u043d\u043e\u0432\"}]},{\"@type\":\"WebSite\",\"@id\":\"https:\\\/\\\/simeri.ee\\\/ru\\\/#website\",\"url\":\"https:\\\/\\\/simeri.ee\\\/ru\\\/\",\"name\":\"Simeri Russia\",\"description\":\"Uusi Simeri-sivustot -sivusto\",\"potentialAction\":[{\"@type\":\"SearchAction\",\"target\":{\"@type\":\"EntryPoint\",\"urlTemplate\":\"https:\\\/\\\/simeri.ee\\\/ru\\\/?s={search_term_string}\"},\"query-input\":{\"@type\":\"PropertyValueSpecification\",\"valueRequired\":true,\"valueName\":\"search_term_string\"}}],\"inLanguage\":\"fi\"}]}<\/script>\n<!-- \/ Yoast SEO plugin. -->","yoast_head_json":{"title":"\u0422\u0435\u0445\u043e\u0441\u043c\u043e\u0442\u0440\u044b \u043f\u043e\u0433\u0440\u0443\u0437\u043e\u0447\u043d\u044b\u0445 \u043a\u0440\u0430\u043d\u043e\u0432 - Simeri Russia","description":"Kuormausnosturi tarkastukset: Sertifioitu henkil\u00f6kuntamme tekee kuormausnostureiden m\u00e4\u00e4r\u00e4aikaistarkastukset haluamassanne kohteessa.","robots":{"index":"index","follow":"follow","max-snippet":"max-snippet:-1","max-image-preview":"max-image-preview:large","max-video-preview":"max-video-preview:-1"},"canonical":"https:\/\/simeri.ee\/ru\/c\u0435\u0440\u0432\u0438\u0441\u044b\/\u0442\u0435\u0445\u043e\u0441\u043c\u043e\u0442\u0440\u044b-\u043f\u043e\u0433\u0440\u0443\u0437\u043e\u0447\u043d\u044b\u0445-\u043a\u0440\u0430\u043d\u043e\u0432\/","og_locale":"fi_FI","og_type":"article","og_title":"\u0422\u0435\u0445\u043e\u0441\u043c\u043e\u0442\u0440\u044b \u043f\u043e\u0433\u0440\u0443\u0437\u043e\u0447\u043d\u044b\u0445 \u043a\u0440\u0430\u043d\u043e\u0432 - Simeri Russia","og_description":"Kuormausnosturi tarkastukset: Sertifioitu henkil\u00f6kuntamme tekee kuormausnostureiden m\u00e4\u00e4r\u00e4aikaistarkastukset haluamassanne kohteessa.","og_url":"https:\/\/simeri.ee\/ru\/c\u0435\u0440\u0432\u0438\u0441\u044b\/\u0442\u0435\u0445\u043e\u0441\u043c\u043e\u0442\u0440\u044b-\u043f\u043e\u0433\u0440\u0443\u0437\u043e\u0447\u043d\u044b\u0445-\u043a\u0440\u0430\u043d\u043e\u0432\/","og_site_name":"Simeri Russia","og_image":[{"width":1093,"height":370,"url":"https:\/\/simeri.ee\/ru\/wp-content\/uploads\/sites\/2\/2015\/04\/kuormausnosturi.png","type":"image\/png"}],"twitter_card":"summary_large_image","schema":{"@context":"https:\/\/schema.org","@graph":[{"@type":"WebPage","@id":"https:\/\/simeri.ee\/ru\/c%d0%b5%d1%80%d0%b2%d0%b8%d1%81%d1%8b\/%d1%82%d0%b5%d1%85%d0%be%d1%81%d0%bc%d0%be%d1%82%d1%80%d1%8b-%d0%bf%d0%be%d0%b3%d1%80%d1%83%d0%b7%d0%be%d1%87%d0%bd%d1%8b%d1%85-%d0%ba%d1%80%d0%b0%d0%bd%d0%be%d0%b2\/","url":"https:\/\/simeri.ee\/ru\/c%d0%b5%d1%80%d0%b2%d0%b8%d1%81%d1%8b\/%d1%82%d0%b5%d1%85%d0%be%d1%81%d0%bc%d0%be%d1%82%d1%80%d1%8b-%d0%bf%d0%be%d0%b3%d1%80%d1%83%d0%b7%d0%be%d1%87%d0%bd%d1%8b%d1%85-%d0%ba%d1%80%d0%b0%d0%bd%d0%be%d0%b2\/","name":"\u0422\u0435\u0445\u043e\u0441\u043c\u043e\u0442\u0440\u044b \u043f\u043e\u0433\u0440\u0443\u0437\u043e\u0447\u043d\u044b\u0445 \u043a\u0440\u0430\u043d\u043e\u0432 - Simeri Russia","isPartOf":{"@id":"https:\/\/simeri.ee\/ru\/#website"},"primaryImageOfPage":{"@id":"https:\/\/simeri.ee\/ru\/c%d0%b5%d1%80%d0%b2%d0%b8%d1%81%d1%8b\/%d1%82%d0%b5%d1%85%d0%be%d1%81%d0%bc%d0%be%d1%82%d1%80%d1%8b-%d0%bf%d0%be%d0%b3%d1%80%d1%83%d0%b7%d0%be%d1%87%d0%bd%d1%8b%d1%85-%d0%ba%d1%80%d0%b0%d0%bd%d0%be%d0%b2\/#primaryimage"},"image":{"@id":"https:\/\/simeri.ee\/ru\/c%d0%b5%d1%80%d0%b2%d0%b8%d1%81%d1%8b\/%d1%82%d0%b5%d1%85%d0%be%d1%81%d0%bc%d0%be%d1%82%d1%80%d1%8b-%d0%bf%d0%be%d0%b3%d1%80%d1%83%d0%b7%d0%be%d1%87%d0%bd%d1%8b%d1%85-%d0%ba%d1%80%d0%b0%d0%bd%d0%be%d0%b2\/#primaryimage"},"thumbnailUrl":"https:\/\/simeri.ee\/ru\/wp-content\/uploads\/sites\/2\/2015\/04\/kuormausnosturi.png","datePublished":"2015-04-28T10:29:06+00:00","description":"Kuormausnosturi tarkastukset: Sertifioitu henkil\u00f6kuntamme tekee kuormausnostureiden m\u00e4\u00e4r\u00e4aikaistarkastukset haluamassanne kohteessa.","breadcrumb":{"@id":"https:\/\/simeri.ee\/ru\/c%d0%b5%d1%80%d0%b2%d0%b8%d1%81%d1%8b\/%d1%82%d0%b5%d1%85%d0%be%d1%81%d0%bc%d0%be%d1%82%d1%80%d1%8b-%d0%bf%d0%be%d0%b3%d1%80%d1%83%d0%b7%d0%be%d1%87%d0%bd%d1%8b%d1%85-%d0%ba%d1%80%d0%b0%d0%bd%d0%be%d0%b2\/#breadcrumb"},"inLanguage":"fi","potentialAction":[{"@type":"ReadAction","target":["https:\/\/simeri.ee\/ru\/c%d0%b5%d1%80%d0%b2%d0%b8%d1%81%d1%8b\/%d1%82%d0%b5%d1%85%d0%be%d1%81%d0%bc%d0%be%d1%82%d1%80%d1%8b-%d0%bf%d0%be%d0%b3%d1%80%d1%83%d0%b7%d0%be%d1%87%d0%bd%d1%8b%d1%85-%d0%ba%d1%80%d0%b0%d0%bd%d0%be%d0%b2\/"]}]},{"@type":"ImageObject","inLanguage":"fi","@id":"https:\/\/simeri.ee\/ru\/c%d0%b5%d1%80%d0%b2%d0%b8%d1%81%d1%8b\/%d1%82%d0%b5%d1%85%d0%be%d1%81%d0%bc%d0%be%d1%82%d1%80%d1%8b-%d0%bf%d0%be%d0%b3%d1%80%d1%83%d0%b7%d0%be%d1%87%d0%bd%d1%8b%d1%85-%d0%ba%d1%80%d0%b0%d0%bd%d0%be%d0%b2\/#primaryimage","url":"https:\/\/simeri.ee\/ru\/wp-content\/uploads\/sites\/2\/2015\/04\/kuormausnosturi.png","contentUrl":"https:\/\/simeri.ee\/ru\/wp-content\/uploads\/sites\/2\/2015\/04\/kuormausnosturi.png","width":1093,"height":370},{"@type":"BreadcrumbList","@id":"https:\/\/simeri.ee\/ru\/c%d0%b5%d1%80%d0%b2%d0%b8%d1%81%d1%8b\/%d1%82%d0%b5%d1%85%d0%be%d1%81%d0%bc%d0%be%d1%82%d1%80%d1%8b-%d0%bf%d0%be%d0%b3%d1%80%d1%83%d0%b7%d0%be%d1%87%d0%bd%d1%8b%d1%85-%d0%ba%d1%80%d0%b0%d0%bd%d0%be%d0%b2\/#breadcrumb","itemListElement":[{"@type":"ListItem","position":1,"name":"Etusivu","item":"https:\/\/simeri.ee\/ru\/"},{"@type":"ListItem","position":2,"name":"\u0421\u0435\u0440\u0432\u0438\u0441\u044b","item":"https:\/\/simeri.ee\/ru\/c%d0%b5%d1%80%d0%b2%d0%b8%d1%81%d1%8b\/"},{"@type":"ListItem","position":3,"name":"\u0422\u0435\u0445\u043e\u0441\u043c\u043e\u0442\u0440\u044b \u043f\u043e\u0433\u0440\u0443\u0437\u043e\u0447\u043d\u044b\u0445 \u043a\u0440\u0430\u043d\u043e\u0432"}]},{"@type":"WebSite","@id":"https:\/\/simeri.ee\/ru\/#website","url":"https:\/\/simeri.ee\/ru\/","name":"Simeri Russia","description":"Uusi Simeri-sivustot -sivusto","potentialAction":[{"@type":"SearchAction","target":{"@type":"EntryPoint","urlTemplate":"https:\/\/simeri.ee\/ru\/?s={search_term_string}"},"query-input":{"@type":"PropertyValueSpecification","valueRequired":true,"valueName":"search_term_string"}}],"inLanguage":"fi"}]}},"_links":{"self":[{"href":"https:\/\/simeri.ee\/ru\/wp-json\/wp\/v2\/pages\/747","targetHints":{"allow":["GET"]}}],"collection":[{"href":"https:\/\/simeri.ee\/ru\/wp-json\/wp\/v2\/pages"}],"about":[{"href":"https:\/\/simeri.ee\/ru\/wp-json\/wp\/v2\/types\/page"}],"author":[{"embeddable":true,"href":"https:\/\/simeri.ee\/ru\/wp-json\/wp\/v2\/users\/1"}],"replies":[{"embeddable":true,"href":"https:\/\/simeri.ee\/ru\/wp-json\/wp\/v2\/comments?post=747"}],"version-history":[{"count":0,"href":"https:\/\/simeri.ee\/ru\/wp-json\/wp\/v2\/pages\/747\/revisions"}],"up":[{"embeddable":true,"href":"https:\/\/simeri.ee\/ru\/wp-json\/wp\/v2\/pages\/42"}],"wp:featuredmedia":[{"embeddable":true,"href":"https:\/\/simeri.ee\/ru\/wp-json\/wp\/v2\/media\/781"}],"wp:attachment":[{"href":"https:\/\/simeri.ee\/ru\/wp-json\/wp\/v2\/media?parent=747"}],"curies":[{"name":"wp","href":"https:\/\/api.w.org\/{rel}","templated":true}]}}