{"id":5,"date":"2018-01-24T13:20:16","date_gmt":"2018-01-24T11:20:16","guid":{"rendered":"https:\/\/demo.eccola.fi\/tr2018\/?page_id=5"},"modified":"2018-01-24T13:20:16","modified_gmt":"2018-01-24T11:20:16","slug":"trojan-batteries","status":"publish","type":"page","link":"https:\/\/simeri.ee\/trojan-akud\/","title":{"rendered":"Trojan akud"},"content":{"rendered":"<h2>Simeri &#8211; Trojan<\/h2>\n<h3>Simeri pakub laias valikus k\u00f5rgekvaliteetseid plii-, NiCd-, NiMh- ja Litium-akusid t\u00f6\u00f6stuslikeks vajadusteks.<\/h3>\n<p>Tootevalikusse kuuluvad maailma parimate kaubam\u00e4rkide akud, mille mahtuvus ulatub v\u00e4hem kui \u00fchest kuni k\u00fcmnete tuhandete ampertundideni.<\/p>\n<p>Meie esindatavad erinevad akutehnoloogiad annavad v\u00f5imaluse pakkuda alati igale objektile tehniliselt ja majanduslikult sobivaima toote.<br \/>\nLaialdane partnerite v\u00f5rgustik, arenenud logistika ja piisavad laovarud tagavad kindlad ja kiired tarned.<\/p>\n<p><img loading=\"lazy\" decoding=\"async\" width=\"705\" height=\"134\" class=\"alignnone size-full wp-image-35\" src=\"https:\/\/simeri.ee\/trojan-akud\/wp-content\/uploads\/sites\/3\/2018\/01\/trojan-quality-1.png\" alt=\"\" srcset=\"https:\/\/simeri.ee\/trojan-akud\/wp-content\/uploads\/sites\/3\/2018\/01\/trojan-quality-1.png 705w, https:\/\/simeri.ee\/trojan-akud\/wp-content\/uploads\/sites\/3\/2018\/01\/trojan-quality-1-300x57.png 300w\" sizes=\"auto, (max-width: 705px) 100vw, 705px\" \/><\/p>\n","protected":false},"excerpt":{"rendered":"<p>Simeri &#8211; Trojan Simeri pakub laias valikus k\u00f5rgekvaliteetseid plii-, NiCd-, NiMh- ja Litium-akusid t\u00f6\u00f6stuslikeks vajadusteks. Tootevalikusse kuuluvad maailma parimate kaubam\u00e4rkide akud, mille mahtuvus ulatub v\u00e4hem kui \u00fchest kuni k\u00fcmnete tuhandete ampertundideni. Meie esindatavad erinevad akutehnoloogiad annavad v\u00f5imaluse pakkuda alati igale objektile tehniliselt ja majanduslikult sobivaima toote. Laialdane partnerite v\u00f5rgustik, arenenud logistika ja piisavad laovarud tagavad [&hellip;]<\/p>\n","protected":false},"author":1,"featured_media":24,"parent":0,"menu_order":0,"comment_status":"closed","ping_status":"closed","template":"trojan-red.php","meta":{"_acf_changed":false,"footnotes":""},"class_list":["post-5","page","type-page","status-publish","has-post-thumbnail","hentry"],"yoast_head":"<!-- This site is optimized with the Yoast SEO plugin v27.4 - https:\/\/yoast.com\/product\/yoast-seo-wordpress\/ -->\n<title>Trojan akud - Trojan akud - Simeri O\u00fc<\/title>\n<meta name=\"description\" content=\"Trojan akud: Simeri pakub laias valikus k\u00f5rgekvaliteetseid plii-, NiCd-, NiMh- ja Litium-akusid t\u00f6\u00f6stuslikeks vajadusteks. Tootevalikusse kuuluvad maailma parimate kaubam\u00e4rkide akud, mille mahtuvus ulatub v\u00e4hem kui \u00fchest kuni k\u00fcmnete tuhandete ampertundideni.\" \/>\n<meta name=\"robots\" content=\"index, follow, max-snippet:-1, max-image-preview:large, max-video-preview:-1\" \/>\n<link rel=\"canonical\" href=\"https:\/\/simeri.ee\/trojan-akud\/\" \/>\n<meta property=\"og:locale\" content=\"fi_FI\" \/>\n<meta property=\"og:type\" content=\"article\" \/>\n<meta property=\"og:title\" content=\"Trojan akud - Trojan akud - Simeri O\u00fc\" \/>\n<meta property=\"og:description\" content=\"Trojan akud: Simeri pakub laias valikus k\u00f5rgekvaliteetseid plii-, NiCd-, NiMh- ja Litium-akusid t\u00f6\u00f6stuslikeks vajadusteks. Tootevalikusse kuuluvad maailma parimate kaubam\u00e4rkide akud, mille mahtuvus ulatub v\u00e4hem kui \u00fchest kuni k\u00fcmnete tuhandete ampertundideni.\" \/>\n<meta property=\"og:url\" content=\"https:\/\/simeri.ee\/trojan-akud\/\" \/>\n<meta property=\"og:site_name\" content=\"Trojan akud\" \/>\n<meta property=\"og:image\" content=\"https:\/\/simeri.ee\/trojan-akud\/wp-content\/uploads\/sites\/3\/2018\/01\/TBC-AWP-bg-1.jpg\" \/>\n\t<meta property=\"og:image:width\" content=\"1920\" \/>\n\t<meta property=\"og:image:height\" content=\"1107\" \/>\n\t<meta property=\"og:image:type\" content=\"image\/jpeg\" \/>\n<meta name=\"twitter:card\" content=\"summary_large_image\" \/>\n<script type=\"application\/ld+json\" class=\"yoast-schema-graph\">{\"@context\":\"https:\\\/\\\/schema.org\",\"@graph\":[{\"@type\":\"WebPage\",\"@id\":\"https:\\\/\\\/simeri.ee\\\/trojan-akud\\\/\",\"url\":\"https:\\\/\\\/simeri.ee\\\/trojan-akud\\\/\",\"name\":\"Trojan akud - Trojan akud - Simeri O\u00fc\",\"isPartOf\":{\"@id\":\"https:\\\/\\\/simeri.ee\\\/trojan-akud\\\/#website\"},\"primaryImageOfPage\":{\"@id\":\"https:\\\/\\\/simeri.ee\\\/trojan-akud\\\/#primaryimage\"},\"image\":{\"@id\":\"https:\\\/\\\/simeri.ee\\\/trojan-akud\\\/#primaryimage\"},\"thumbnailUrl\":\"https:\\\/\\\/simeri.ee\\\/trojan-akud\\\/wp-content\\\/uploads\\\/sites\\\/3\\\/2018\\\/01\\\/TBC-AWP-bg-1.jpg\",\"datePublished\":\"2018-01-24T11:20:16+00:00\",\"description\":\"Trojan akud: Simeri pakub laias valikus k\u00f5rgekvaliteetseid plii-, NiCd-, NiMh- ja Litium-akusid t\u00f6\u00f6stuslikeks vajadusteks. Tootevalikusse kuuluvad maailma parimate kaubam\u00e4rkide akud, mille mahtuvus ulatub v\u00e4hem kui \u00fchest kuni k\u00fcmnete tuhandete ampertundideni.\",\"breadcrumb\":{\"@id\":\"https:\\\/\\\/simeri.ee\\\/trojan-akud\\\/#breadcrumb\"},\"inLanguage\":\"fi\",\"potentialAction\":[{\"@type\":\"ReadAction\",\"target\":[\"https:\\\/\\\/simeri.ee\\\/trojan-akud\\\/\"]}]},{\"@type\":\"ImageObject\",\"inLanguage\":\"fi\",\"@id\":\"https:\\\/\\\/simeri.ee\\\/trojan-akud\\\/#primaryimage\",\"url\":\"https:\\\/\\\/simeri.ee\\\/trojan-akud\\\/wp-content\\\/uploads\\\/sites\\\/3\\\/2018\\\/01\\\/TBC-AWP-bg-1.jpg\",\"contentUrl\":\"https:\\\/\\\/simeri.ee\\\/trojan-akud\\\/wp-content\\\/uploads\\\/sites\\\/3\\\/2018\\\/01\\\/TBC-AWP-bg-1.jpg\",\"width\":1920,\"height\":1107,\"caption\":\"trojan t-105\"},{\"@type\":\"BreadcrumbList\",\"@id\":\"https:\\\/\\\/simeri.ee\\\/trojan-akud\\\/#breadcrumb\",\"itemListElement\":[{\"@type\":\"ListItem\",\"position\":1,\"name\":\"Etusivu\",\"item\":\"https:\\\/\\\/simeri.ee\\\/trojan-akud\\\/\"},{\"@type\":\"ListItem\",\"position\":2,\"name\":\"Trojan akud\"}]},{\"@type\":\"WebSite\",\"@id\":\"https:\\\/\\\/simeri.ee\\\/trojan-akud\\\/#website\",\"url\":\"https:\\\/\\\/simeri.ee\\\/trojan-akud\\\/\",\"name\":\"Trojan akud\",\"description\":\"Simeri - Trojan\",\"potentialAction\":[{\"@type\":\"SearchAction\",\"target\":{\"@type\":\"EntryPoint\",\"urlTemplate\":\"https:\\\/\\\/simeri.ee\\\/trojan-akud\\\/?s={search_term_string}\"},\"query-input\":{\"@type\":\"PropertyValueSpecification\",\"valueRequired\":true,\"valueName\":\"search_term_string\"}}],\"inLanguage\":\"fi\"}]}<\/script>\n<!-- \/ Yoast SEO plugin. -->","yoast_head_json":{"title":"Trojan akud - Trojan akud - Simeri O\u00fc","description":"Trojan akud: Simeri pakub laias valikus k\u00f5rgekvaliteetseid plii-, NiCd-, NiMh- ja Litium-akusid t\u00f6\u00f6stuslikeks vajadusteks. Tootevalikusse kuuluvad maailma parimate kaubam\u00e4rkide akud, mille mahtuvus ulatub v\u00e4hem kui \u00fchest kuni k\u00fcmnete tuhandete ampertundideni.","robots":{"index":"index","follow":"follow","max-snippet":"max-snippet:-1","max-image-preview":"max-image-preview:large","max-video-preview":"max-video-preview:-1"},"canonical":"https:\/\/simeri.ee\/trojan-akud\/","og_locale":"fi_FI","og_type":"article","og_title":"Trojan akud - Trojan akud - Simeri O\u00fc","og_description":"Trojan akud: Simeri pakub laias valikus k\u00f5rgekvaliteetseid plii-, NiCd-, NiMh- ja Litium-akusid t\u00f6\u00f6stuslikeks vajadusteks. Tootevalikusse kuuluvad maailma parimate kaubam\u00e4rkide akud, mille mahtuvus ulatub v\u00e4hem kui \u00fchest kuni k\u00fcmnete tuhandete ampertundideni.","og_url":"https:\/\/simeri.ee\/trojan-akud\/","og_site_name":"Trojan akud","og_image":[{"width":1920,"height":1107,"url":"https:\/\/simeri.ee\/trojan-akud\/wp-content\/uploads\/sites\/3\/2018\/01\/TBC-AWP-bg-1.jpg","type":"image\/jpeg"}],"twitter_card":"summary_large_image","schema":{"@context":"https:\/\/schema.org","@graph":[{"@type":"WebPage","@id":"https:\/\/simeri.ee\/trojan-akud\/","url":"https:\/\/simeri.ee\/trojan-akud\/","name":"Trojan akud - Trojan akud - Simeri O\u00fc","isPartOf":{"@id":"https:\/\/simeri.ee\/trojan-akud\/#website"},"primaryImageOfPage":{"@id":"https:\/\/simeri.ee\/trojan-akud\/#primaryimage"},"image":{"@id":"https:\/\/simeri.ee\/trojan-akud\/#primaryimage"},"thumbnailUrl":"https:\/\/simeri.ee\/trojan-akud\/wp-content\/uploads\/sites\/3\/2018\/01\/TBC-AWP-bg-1.jpg","datePublished":"2018-01-24T11:20:16+00:00","description":"Trojan akud: Simeri pakub laias valikus k\u00f5rgekvaliteetseid plii-, NiCd-, NiMh- ja Litium-akusid t\u00f6\u00f6stuslikeks vajadusteks. Tootevalikusse kuuluvad maailma parimate kaubam\u00e4rkide akud, mille mahtuvus ulatub v\u00e4hem kui \u00fchest kuni k\u00fcmnete tuhandete ampertundideni.","breadcrumb":{"@id":"https:\/\/simeri.ee\/trojan-akud\/#breadcrumb"},"inLanguage":"fi","potentialAction":[{"@type":"ReadAction","target":["https:\/\/simeri.ee\/trojan-akud\/"]}]},{"@type":"ImageObject","inLanguage":"fi","@id":"https:\/\/simeri.ee\/trojan-akud\/#primaryimage","url":"https:\/\/simeri.ee\/trojan-akud\/wp-content\/uploads\/sites\/3\/2018\/01\/TBC-AWP-bg-1.jpg","contentUrl":"https:\/\/simeri.ee\/trojan-akud\/wp-content\/uploads\/sites\/3\/2018\/01\/TBC-AWP-bg-1.jpg","width":1920,"height":1107,"caption":"trojan t-105"},{"@type":"BreadcrumbList","@id":"https:\/\/simeri.ee\/trojan-akud\/#breadcrumb","itemListElement":[{"@type":"ListItem","position":1,"name":"Etusivu","item":"https:\/\/simeri.ee\/trojan-akud\/"},{"@type":"ListItem","position":2,"name":"Trojan akud"}]},{"@type":"WebSite","@id":"https:\/\/simeri.ee\/trojan-akud\/#website","url":"https:\/\/simeri.ee\/trojan-akud\/","name":"Trojan akud","description":"Simeri - Trojan","potentialAction":[{"@type":"SearchAction","target":{"@type":"EntryPoint","urlTemplate":"https:\/\/simeri.ee\/trojan-akud\/?s={search_term_string}"},"query-input":{"@type":"PropertyValueSpecification","valueRequired":true,"valueName":"search_term_string"}}],"inLanguage":"fi"}]}},"acf":[],"_links":{"self":[{"href":"https:\/\/simeri.ee\/trojan-akud\/wp-json\/wp\/v2\/pages\/5","targetHints":{"allow":["GET"]}}],"collection":[{"href":"https:\/\/simeri.ee\/trojan-akud\/wp-json\/wp\/v2\/pages"}],"about":[{"href":"https:\/\/simeri.ee\/trojan-akud\/wp-json\/wp\/v2\/types\/page"}],"author":[{"embeddable":true,"href":"https:\/\/simeri.ee\/trojan-akud\/wp-json\/wp\/v2\/users\/1"}],"replies":[{"embeddable":true,"href":"https:\/\/simeri.ee\/trojan-akud\/wp-json\/wp\/v2\/comments?post=5"}],"version-history":[{"count":0,"href":"https:\/\/simeri.ee\/trojan-akud\/wp-json\/wp\/v2\/pages\/5\/revisions"}],"wp:featuredmedia":[{"embeddable":true,"href":"https:\/\/simeri.ee\/trojan-akud\/wp-json\/wp\/v2\/media\/24"}],"wp:attachment":[{"href":"https:\/\/simeri.ee\/trojan-akud\/wp-json\/wp\/v2\/media?parent=5"}],"curies":[{"name":"wp","href":"https:\/\/api.w.org\/{rel}","templated":true}]}}